{"id":1427,"date":"2023-11-29T11:55:01","date_gmt":"2023-11-29T11:55:01","guid":{"rendered":"https:\/\/staging.salpa.com\/?page_id=1427"},"modified":"2023-11-29T12:01:28","modified_gmt":"2023-11-29T12:01:28","slug":"datenschutzrichtlinie-2","status":"publish","type":"page","link":"https:\/\/staging2.salpa.com\/de\/datenschutzrichtlinie-2\/","title":{"rendered":"Datenschutzrichtlinie"},"content":{"rendered":"<div data-elementor-type=\"wp-page\" data-elementor-id=\"1427\" class=\"elementor elementor-1427\" data-elementor-post-type=\"page\">\n\t\t\t\t<div class=\"elementor-element elementor-element-4e9a444 e-flex e-con-boxed e-con e-parent\" data-id=\"4e9a444\" data-element_type=\"container\" data-e-type=\"container\">\n\t\t\t\t\t<div class=\"e-con-inner\">\n\t\t\t\t<div class=\"elementor-element elementor-element-67d400b elementor-widget elementor-widget-text-editor\" data-id=\"67d400b\" data-element_type=\"widget\" data-e-type=\"widget\" data-widget_type=\"text-editor.default\">\n\t\t\t\t<div class=\"elementor-widget-container\">\n\t\t\t\t\t\t\t\t\t<div class=\"results__agreement-preview\" data-v-11b4eedd=\"\" data-v-164ff72a=\"\"><h4>Datenschutzrichtlinie<\/h4><p>Die Website Salpa.com ist Eigentum von Nautica Salpa srl, dem Eigent\u00fcmer der Verarbeitung Ihrer personenbezogenen Daten.<\/p><p>Wir haben diese Datenschutzrichtlinie \u00fcbernommen, die die Verarbeitung der von Nautica Salpa gesammelten Informationen sowie die Gr\u00fcnde f\u00fcr die Erhebung bestimmter personenbezogener Daten \u00fcber Sie regelt. Daher m\u00fcssen Sie diese Datenschutzrichtlinie lesen, bevor Sie die Website von Nautica Salpa nutzen.<\/p><p>Wir verarbeiten Ihre personenbezogenen Daten und gew\u00e4hrleisten deren Vertraulichkeit und Sicherheit.<\/p><h4>Erfasste personenbezogene Daten:<\/h4><p>Wenn Sie Nautica Salpa besuchen, erfassen wir automatisch bestimmte Informationen \u00fcber Ihr Ger\u00e4t, einschlie\u00dflich Informationen \u00fcber Ihren Webbrowser, IP-Adresse, Zeitzone und auf Ihrem Ger\u00e4t installierte Cookies. Dar\u00fcber hinaus erfassen wir beim Navigieren auf der Website Informationen \u00fcber die von Ihnen angezeigten Webseiten oder Produkte, \u00fcber Websites oder Suchbegriffe, auf die Sie auf der Website verweisen, und dar\u00fcber, wie Sie mit der Website interagieren. Wir bezeichnen diese automatisch erfassten Informationen als \u201eGer\u00e4teinformationen\u201c. Dar\u00fcber hinaus k\u00f6nnen wir personenbezogene Daten erfassen, die Sie uns bei der Registrierung zur Erf\u00fcllung der Vereinbarung mitteilen (insbesondere Vorname, Nachname, Adresse, Zahlungsinformationen usw.).<\/p><h4>Warum verarbeiten wir Daten?<\/h4><p>Die Sicherheit der Kundendaten hat f\u00fcr uns oberste Priorit\u00e4t, daher verarbeiten wir nur die f\u00fcr den Betrieb der Website unbedingt erforderlichen Benutzerdaten. Die automatisch erfassten Informationen werden ausschlie\u00dflich dazu verwendet, m\u00f6gliche Missbrauchsf\u00e4lle zu erkennen und Statistiken \u00fcber die Nutzung der Website zu erstellen. Diese statistischen Informationen werden nicht aggregiert, um einen bestimmten Benutzer des Systems zu identifizieren.<\/p><p>Der Besuch der Seite ist grunds\u00e4tzlich ohne Angabe von Informationen, mit denen Sie pers\u00f6nlich identifiziert werden k\u00f6nnen, gestattet. Wenn Sie jedoch einige Funktionen der Website nutzen, Newsletter erhalten oder durch Ausf\u00fcllen eines Formulars andere Angaben machen m\u00f6chten, m\u00fcssen Sie uns m\u00f6glicherweise personenbezogene Daten wie E-Mail-Adresse, Vorname, Nachname und Stadt mitteilen Wohnort, Organisation und Telefonnummer. Sie haben die M\u00f6glichkeit, keine personenbezogenen Daten anzugeben. In diesem Fall k\u00f6nnen Sie jedoch einige Funktionen der Website nicht nutzen. Beispielsweise ist es Ihnen nicht m\u00f6glich, unseren Newsletter zu erhalten oder uns direkt \u00fcber die Website zu kontaktieren. Benutzer, die nicht wissen, welche Informationen obligatorisch sind, k\u00f6nnen uns unter info@salpa.com kontaktieren.<\/p><h4>Deine Rechte:<\/h4><p>Wenn Sie in der Europ\u00e4ischen Union ans\u00e4ssig sind, haben Sie hinsichtlich Ihrer personenbezogenen Daten folgende Rechte:<\/p><ul><li>Das Recht auf Information.<\/li><li>Das Recht auf Zugang.<\/li><li>Das Recht auf \u00c4nderung.<\/li><li>Das Recht auf L\u00f6schung.<\/li><li>Das Recht, die Verarbeitung einzuschr\u00e4nken.<\/li><li>Das Recht auf Daten\u00fcbertragbarkeit.<\/li><li>Das Recht auf Widerspruch.<\/li><li>Das Recht auf automatisierte Entscheidungsfindung und Profilierung.<\/li><\/ul><p>Um diese Rechte auszu\u00fcben, kontaktieren Sie uns bitte \u00fcber die untenstehenden Kontaktinformationen.<\/p><p>Dar\u00fcber hinaus verarbeiten wir Ihre Daten, wenn Sie in der Europ\u00e4ischen Union ans\u00e4ssig sind, um Vertr\u00e4ge mit Ihnen abzuschlie\u00dfen (z. B. wenn Sie \u00fcber die Website bestellen) oder um anderweitig unsere oben dargelegten berechtigten Gesch\u00e4ftsinteressen zu erf\u00fcllen. Bitte beachten Sie auch hier, dass Informationen m\u00f6glicherweise au\u00dferhalb Europas \u00fcbertragen werden, einschlie\u00dflich nach Kanada und in die Vereinigten Staaten.<\/p><h4>Links zu anderen Seiten:<\/h4><p>Unsere Website kann Links zu anderen Websites enthalten, die nicht von uns betrieben oder kontrolliert werden. Bitte beachten Sie, dass wir nicht f\u00fcr die Datenschutzpraktiken anderer Websites oder Dritter verantwortlich sind. Wir empfehlen Ihnen, aufmerksam zu sein, wenn Sie die Website verlassen, und die Datenschutzerkl\u00e4rungen jeder Website zu lesen, die m\u00f6glicherweise personenbezogene Daten erfasst.<\/p><h4>Informationssicherheit:<\/h4><p>Wir sichern die von Ihnen bereitgestellten Informationen auf kontrollierten Computerservern, einer sicheren Umgebung, die vor unbefugtem Zugriff, unbefugter Nutzung oder Offenlegung gesch\u00fctzt ist. Wir unterhalten angemessene physische, technische und administrative Sicherheitsvorkehrungen zum Schutz vor unbefugtem Zugriff, unbefugter Nutzung, \u00c4nderung und Offenlegung der von uns gespeicherten personenbezogenen Daten. Dennoch kann die Sicherheit der Daten\u00fcbertragung \u00fcber das Internet oder drahtlose Netzwerke nicht vollst\u00e4ndig garantiert werden.<\/p><h4>Rechtlicher Hinweis:<\/h4><p>Wir werden die gesammelten, genutzten oder erhaltenen Informationen offenlegen, wenn dies gesetzlich vorgeschrieben oder zul\u00e4ssig ist, beispielsweise um Gerichtsbeschl\u00fcssen oder \u00e4hnlichen rechtlichen Verfahren nachzukommen, oder wenn wir in gutem Glauben davon ausgehen, dass die Offenlegung zum Schutz unserer Rechte, Ihrer Sicherheit oder Ihrer Sicherheit erforderlich ist von anderen, Untersuchung von Betrug oder Beantwortung beh\u00f6rdlicher Anfragen.<\/p><h4>Kontaktinformation:<\/h4><p>Bei Fragen zu individuellen Rechten oder personenbezogenen Daten k\u00f6nnen Sie eine E-Mail an info@salpa.com senden.<\/p><\/div>\t\t\t\t\t\t\t\t<\/div>\n\t\t\t\t<\/div>\n\t\t\t\t\t<\/div>\n\t\t\t\t<\/div>\n\t\t\t\t<\/div>","protected":false},"excerpt":{"rendered":"<p>Politica sulla riservatezza Il sito Salpa.com \u00e8 di propriet\u00e0 di Nautica Salpa srl, titolare del trattamento dei Suoi dati personali. Abbiamo adottato questa politica sulla privacy, la quale determina il trattamento delle informazioni raccolte da Nautica Salpa, oltre che i motivi per raccolta di certi dati personali a Lei correlati. Pertanto, deve leggere questa politica [&hellip;]<\/p>\n","protected":false},"author":4,"featured_media":0,"parent":0,"menu_order":0,"comment_status":"closed","ping_status":"closed","template":"elementor_header_footer","meta":{"_acf_changed":false,"footnotes":""},"class_list":["post-1427","page","type-page","status-publish","hentry"],"acf":[],"yoast_head":"<!-- This site is optimized with the Yoast SEO plugin v27.4 - https:\/\/yoast.com\/product\/yoast-seo-wordpress\/ -->\n<title>Privacy Policy - Salpa Yachts<\/title>\n<meta name=\"description\" content=\"Politica sulla riservatezzaIl sito Salpa.com \u00e8 di propriet\u00e0 di Nautica Salpa srl, titolare del trattamento dei Suoi dati personali.Abbiamo adottato questa\" \/>\n<meta name=\"robots\" content=\"noindex, follow, max-snippet:-1, max-image-preview:large, max-video-preview:-1\" \/>\n<meta property=\"og:locale\" content=\"de_DE\" \/>\n<meta property=\"og:type\" content=\"article\" \/>\n<meta property=\"og:title\" content=\"Privacy Policy - Salpa Yachts\" \/>\n<meta property=\"og:description\" content=\"Politica sulla riservatezzaIl sito Salpa.com \u00e8 di propriet\u00e0 di Nautica Salpa srl, titolare del trattamento dei Suoi dati personali.Abbiamo adottato questa\" \/>\n<meta property=\"og:url\" content=\"https:\/\/staging2.salpa.com\/de\/datenschutzrichtlinie-2\/\" \/>\n<meta property=\"og:site_name\" content=\"Salpa Yachts\" \/>\n<meta property=\"article:publisher\" content=\"https:\/\/www.facebook.com\/nauticasalpa\" \/>\n<meta property=\"article:modified_time\" content=\"2023-11-29T12:01:28+00:00\" \/>\n<meta name=\"twitter:card\" content=\"summary_large_image\" \/>\n<meta name=\"twitter:label1\" content=\"Gesch\u00e4tzte Lesezeit\" \/>\n\t<meta name=\"twitter:data1\" content=\"4\u00a0Minuten\" \/>\n<script type=\"application\/ld+json\" class=\"yoast-schema-graph\">{\"@context\":\"https:\\\/\\\/schema.org\",\"@graph\":[{\"@type\":\"WebPage\",\"@id\":\"https:\\\/\\\/staging2.salpa.com\\\/privacy-policy-2\\\/\",\"url\":\"https:\\\/\\\/staging2.salpa.com\\\/privacy-policy-2\\\/\",\"name\":\"Privacy Policy - Salpa Yachts\",\"isPartOf\":{\"@id\":\"https:\\\/\\\/staging2.salpa.com\\\/#website\"},\"datePublished\":\"2023-11-29T11:55:01+00:00\",\"dateModified\":\"2023-11-29T12:01:28+00:00\",\"description\":\"Politica sulla riservatezzaIl sito Salpa.com \u00e8 di propriet\u00e0 di Nautica Salpa srl, titolare del trattamento dei Suoi dati personali.Abbiamo adottato questa\",\"breadcrumb\":{\"@id\":\"https:\\\/\\\/staging2.salpa.com\\\/privacy-policy-2\\\/#breadcrumb\"},\"inLanguage\":\"de\",\"potentialAction\":[{\"@type\":\"ReadAction\",\"target\":[\"https:\\\/\\\/staging2.salpa.com\\\/privacy-policy-2\\\/\"]}]},{\"@type\":\"BreadcrumbList\",\"@id\":\"https:\\\/\\\/staging2.salpa.com\\\/privacy-policy-2\\\/#breadcrumb\",\"itemListElement\":[{\"@type\":\"ListItem\",\"position\":1,\"name\":\"Home\",\"item\":\"https:\\\/\\\/staging2.salpa.com\\\/\"},{\"@type\":\"ListItem\",\"position\":2,\"name\":\"Privacy Policy\"}]},{\"@type\":\"WebSite\",\"@id\":\"https:\\\/\\\/staging2.salpa.com\\\/#website\",\"url\":\"https:\\\/\\\/staging2.salpa.com\\\/\",\"name\":\"Salpa Yachts\",\"description\":\"Naviga verso l&#039;avventura con Salpa Yachts!\",\"publisher\":{\"@id\":\"https:\\\/\\\/staging2.salpa.com\\\/#organization\"},\"alternateName\":\"Nautica Salpa srl\",\"potentialAction\":[{\"@type\":\"SearchAction\",\"target\":{\"@type\":\"EntryPoint\",\"urlTemplate\":\"https:\\\/\\\/staging2.salpa.com\\\/?s={search_term_string}\"},\"query-input\":{\"@type\":\"PropertyValueSpecification\",\"valueRequired\":true,\"valueName\":\"search_term_string\"}}],\"inLanguage\":\"de\"},{\"@type\":\"Organization\",\"@id\":\"https:\\\/\\\/staging2.salpa.com\\\/#organization\",\"name\":\"Salpa Yachts\",\"alternateName\":\"Nautica Salpa srl\",\"url\":\"https:\\\/\\\/staging2.salpa.com\\\/\",\"logo\":{\"@type\":\"ImageObject\",\"inLanguage\":\"de\",\"@id\":\"https:\\\/\\\/staging2.salpa.com\\\/#\\\/schema\\\/logo\\\/image\\\/\",\"url\":\"https:\\\/\\\/staging2.salpa.com\\\/wp-content\\\/uploads\\\/2023\\\/10\\\/logo-white.svg\",\"contentUrl\":\"https:\\\/\\\/staging2.salpa.com\\\/wp-content\\\/uploads\\\/2023\\\/10\\\/logo-white.svg\",\"caption\":\"Salpa Yachts\"},\"image\":{\"@id\":\"https:\\\/\\\/staging2.salpa.com\\\/#\\\/schema\\\/logo\\\/image\\\/\"},\"sameAs\":[\"https:\\\/\\\/www.facebook.com\\\/nauticasalpa\",\"https:\\\/\\\/www.instagram.com\\\/salpa_yachts\\\/\",\"https:\\\/\\\/www.youtube.com\\\/@SalpaYachts\"]}]}<\/script>\n<!-- \/ Yoast SEO plugin. -->","yoast_head_json":{"title":"Datenschutzrichtlinie \u2013 Salpa Yachts","description":"Datenschutzrichtlinie Die Website Salpa.com ist Eigentum von Nautica Salpa srl, dem Eigent\u00fcmer der Verarbeitung Ihrer personenbezogenen Daten. Wir haben diese \u00fcbernommen","robots":{"index":"noindex","follow":"follow","max-snippet":"max-snippet:-1","max-image-preview":"max-image-preview:large","max-video-preview":"max-video-preview:-1"},"og_locale":"de_DE","og_type":"article","og_title":"Privacy Policy - Salpa Yachts","og_description":"Politica sulla riservatezzaIl sito Salpa.com \u00e8 di propriet\u00e0 di Nautica Salpa srl, titolare del trattamento dei Suoi dati personali.Abbiamo adottato questa","og_url":"https:\/\/staging2.salpa.com\/de\/datenschutzrichtlinie-2\/","og_site_name":"Salpa Yachts","article_publisher":"https:\/\/www.facebook.com\/nauticasalpa","article_modified_time":"2023-11-29T12:01:28+00:00","twitter_card":"summary_large_image","twitter_misc":{"Gesch\u00e4tzte Lesezeit":"4\u00a0Minuten"},"schema":{"@context":"https:\/\/schema.org","@graph":[{"@type":"WebPage","@id":"https:\/\/staging2.salpa.com\/privacy-policy-2\/","url":"https:\/\/staging2.salpa.com\/privacy-policy-2\/","name":"Datenschutzrichtlinie \u2013 Salpa Yachts","isPartOf":{"@id":"https:\/\/staging2.salpa.com\/#website"},"datePublished":"2023-11-29T11:55:01+00:00","dateModified":"2023-11-29T12:01:28+00:00","description":"Datenschutzrichtlinie Die Website Salpa.com ist Eigentum von Nautica Salpa srl, dem Eigent\u00fcmer der Verarbeitung Ihrer personenbezogenen Daten. Wir haben diese \u00fcbernommen","breadcrumb":{"@id":"https:\/\/staging2.salpa.com\/privacy-policy-2\/#breadcrumb"},"inLanguage":"de","potentialAction":[{"@type":"ReadAction","target":["https:\/\/staging2.salpa.com\/privacy-policy-2\/"]}]},{"@type":"BreadcrumbList","@id":"https:\/\/staging2.salpa.com\/privacy-policy-2\/#breadcrumb","itemListElement":[{"@type":"ListItem","position":1,"name":"Home","item":"https:\/\/staging2.salpa.com\/"},{"@type":"ListItem","position":2,"name":"Privacy Policy"}]},{"@type":"WebSite","@id":"https:\/\/staging2.salpa.com\/#website","url":"https:\/\/staging2.salpa.com\/","name":"Salpa-Yachten","description":"Segeln Sie mit Salpa Yachts dem Abenteuer entgegen!","publisher":{"@id":"https:\/\/staging2.salpa.com\/#organization"},"alternateName":"Nautica Salpa srl","potentialAction":[{"@type":"SearchAction","target":{"@type":"EntryPoint","urlTemplate":"https:\/\/staging2.salpa.com\/?s={search_term_string}"},"query-input":{"@type":"PropertyValueSpecification","valueRequired":true,"valueName":"search_term_string"}}],"inLanguage":"de"},{"@type":"Organization","@id":"https:\/\/staging2.salpa.com\/#organization","name":"Salpa-Yachten","alternateName":"Nautica Salpa srl","url":"https:\/\/staging2.salpa.com\/","logo":{"@type":"ImageObject","inLanguage":"de","@id":"https:\/\/staging2.salpa.com\/#\/schema\/logo\/image\/","url":"https:\/\/staging2.salpa.com\/wp-content\/uploads\/2023\/10\/logo-white.svg","contentUrl":"https:\/\/staging2.salpa.com\/wp-content\/uploads\/2023\/10\/logo-white.svg","caption":"Salpa Yachts"},"image":{"@id":"https:\/\/staging2.salpa.com\/#\/schema\/logo\/image\/"},"sameAs":["https:\/\/www.facebook.com\/nauticasalpa","https:\/\/www.instagram.com\/salpa_yachts\/","https:\/\/www.youtube.com\/@SalpaYachts"]}]}},"_links":{"self":[{"href":"https:\/\/staging2.salpa.com\/de\/wp-json\/wp\/v2\/pages\/1427","targetHints":{"allow":["GET"]}}],"collection":[{"href":"https:\/\/staging2.salpa.com\/de\/wp-json\/wp\/v2\/pages"}],"about":[{"href":"https:\/\/staging2.salpa.com\/de\/wp-json\/wp\/v2\/types\/page"}],"author":[{"embeddable":true,"href":"https:\/\/staging2.salpa.com\/de\/wp-json\/wp\/v2\/users\/4"}],"replies":[{"embeddable":true,"href":"https:\/\/staging2.salpa.com\/de\/wp-json\/wp\/v2\/comments?post=1427"}],"version-history":[{"count":7,"href":"https:\/\/staging2.salpa.com\/de\/wp-json\/wp\/v2\/pages\/1427\/revisions"}],"predecessor-version":[{"id":1435,"href":"https:\/\/staging2.salpa.com\/de\/wp-json\/wp\/v2\/pages\/1427\/revisions\/1435"}],"wp:attachment":[{"href":"https:\/\/staging2.salpa.com\/de\/wp-json\/wp\/v2\/media?parent=1427"}],"curies":[{"name":"wp","href":"https:\/\/api.w.org\/{rel}","templated":true}]}}