{"id":172,"date":"2023-10-15T11:11:55","date_gmt":"2023-10-15T11:11:55","guid":{"rendered":"https:\/\/staging.salpa.com\/?page_id=172"},"modified":"2024-10-09T09:00:52","modified_gmt":"2024-10-09T08:00:52","slug":"handler","status":"publish","type":"page","link":"https:\/\/staging2.salpa.com\/de\/handler\/","title":{"rendered":"H\u00e4ndler"},"content":{"rendered":"<div data-elementor-type=\"wp-page\" data-elementor-id=\"172\" class=\"elementor elementor-172\" data-elementor-post-type=\"page\">\n\t\t\t\t<div class=\"elementor-element elementor-element-53743f6 e-con-full e-flex e-con e-parent\" data-id=\"53743f6\" data-element_type=\"container\" data-e-type=\"container\" data-settings=\"{&quot;background_background&quot;:&quot;classic&quot;}\">\n\t\t\t\t<\/div>\n\t\t<div class=\"elementor-element elementor-element-af52f6e e-flex e-con-boxed e-con e-parent\" data-id=\"af52f6e\" data-element_type=\"container\" data-e-type=\"container\">\n\t\t\t\t\t<div class=\"e-con-inner\">\n\t\t\t\t<div class=\"elementor-element elementor-element-bab0950 elementor-widget elementor-widget-spacer\" data-id=\"bab0950\" data-element_type=\"widget\" data-e-type=\"widget\" data-widget_type=\"spacer.default\">\n\t\t\t\t<div class=\"elementor-widget-container\">\n\t\t\t\t\t\t\t<div class=\"elementor-spacer\">\n\t\t\t<div class=\"elementor-spacer-inner\"><\/div>\n\t\t<\/div>\n\t\t\t\t\t\t<\/div>\n\t\t\t\t<\/div>\n\t\t\t\t<div class=\"elementor-element elementor-element-1c6319f elementor-widget elementor-widget-heading\" data-id=\"1c6319f\" data-element_type=\"widget\" data-e-type=\"widget\" data-widget_type=\"heading.default\">\n\t\t\t\t<div class=\"elementor-widget-container\">\n\t\t\t\t\t<h2 class=\"elementor-heading-title elementor-size-default\">H\u00e4ndler<\/h2>\t\t\t\t<\/div>\n\t\t\t\t<\/div>\n\t\t\t\t<div class=\"elementor-element elementor-element-dbbb11f elementor-widget-divider--separator-type-pattern elementor-widget-divider--view-line elementor-widget elementor-widget-divider\" data-id=\"dbbb11f\" data-element_type=\"widget\" data-e-type=\"widget\" data-widget_type=\"divider.default\">\n\t\t\t\t<div class=\"elementor-widget-container\">\n\t\t\t\t\t\t\t<div class=\"elementor-divider\" style=\"--divider-pattern-url: url(&quot;data:image\/svg+xml,%3Csvg xmlns=&#039;http:\/\/www.w3.org\/2000\/svg&#039; preserveAspectRatio=&#039;none&#039; overflow=&#039;visible&#039; height=&#039;100%&#039; viewBox=&#039;0 0 24 24&#039; fill=&#039;none&#039; stroke=&#039;black&#039; stroke-width=&#039;1&#039; stroke-linecap=&#039;square&#039; stroke-miterlimit=&#039;10&#039;%3E%3Cpath d=&#039;M0,6c6,0,0.9,11.1,6.9,11.1S18,6,24,6&#039;\/%3E%3C\/svg%3E&quot;);\">\n\t\t\t<span class=\"elementor-divider-separator\">\n\t\t\t\t\t\t<\/span>\n\t\t<\/div>\n\t\t\t\t\t\t<\/div>\n\t\t\t\t<\/div>\n\t\t\t\t<div class=\"elementor-element elementor-element-b3c551f elementor-widget__width-initial elementor-widget elementor-widget-text-editor\" data-id=\"b3c551f\" data-element_type=\"widget\" data-e-type=\"widget\" data-widget_type=\"text-editor.default\">\n\t\t\t\t<div class=\"elementor-widget-container\">\n\t\t\t\t\t\t\t\t\t<p>Konsultieren Sie die Karte, um den H\u00e4ndler in Ihrer N\u00e4he zu finden<\/p>\t\t\t\t\t\t\t\t<\/div>\n\t\t\t\t<\/div>\n\t\t\t\t<div class=\"elementor-element elementor-element-decfc80 elementor-widget elementor-widget-spacer\" data-id=\"decfc80\" data-element_type=\"widget\" data-e-type=\"widget\" data-widget_type=\"spacer.default\">\n\t\t\t\t<div class=\"elementor-widget-container\">\n\t\t\t\t\t\t\t<div class=\"elementor-spacer\">\n\t\t\t<div class=\"elementor-spacer-inner\"><\/div>\n\t\t<\/div>\n\t\t\t\t\t\t<\/div>\n\t\t\t\t<\/div>\n\t\t\t\t\t<\/div>\n\t\t\t\t<\/div>\n\t\t<div class=\"elementor-element elementor-element-058b9b1 e-flex e-con-boxed e-con e-parent\" data-id=\"058b9b1\" data-element_type=\"container\" data-e-type=\"container\">\n\t\t\t\t\t<div class=\"e-con-inner\">\n\t\t\t\t<div class=\"elementor-element elementor-element-207daa2 elementor-widget elementor-widget-shortcode\" data-id=\"207daa2\" data-element_type=\"widget\" data-e-type=\"widget\" data-widget_type=\"shortcode.default\">\n\t\t\t\t<div class=\"elementor-widget-container\">\n\t\t\t\t\t\t\t<div class=\"elementor-shortcode\"><style>\r\n\t#wpsl-stores .wpsl-store-thumb {height:45px !important; width:45px !important;}\r\n\t#wpsl-stores, #wpsl-direction-details, #wpsl-gmap {height:500px !important;}\r\n\t#wpsl-gmap .wpsl-info-window {max-width:225px !important;}\r\n\t.wpsl-input label, #wpsl-radius label, #wpsl-category label {width:150px;}\r\n\t#wpsl-search-input ,#wpsl-category .wpsl-dropdown {width:179px;}\r\n<\/style>\r\n<div id=\"wpsl-wrap\" class=\"wpsl-store-below\">\r\n\t<div class=\"wpsl-search wpsl-clearfix wpsl-filter\">\r\n\t\t<div id=\"wpsl-search-wrap\">\r\n\t\t\t<form autocomplete=\"off\" action=\"\">\r\n\t\t\t<div class=\"wpsl-input\">\r\n\t\t\t\t<div><label for=\"wpsl-search-input\">Ihr Standort<\/label><\/div>\r\n\t\t\t\t<input id=\"wpsl-search-input\" type=\"text\" value=\"\" name=\"wpsl-search-input\" placeholder=\"\" aria-required=\"true\" \/>\r\n\t\t\t<\/div>\r\n\t\t\t<div class=\"wpsl-select-wrap\">\r\n\t\t\t\t<div id=\"wpsl-radius\">\r\n\t\t\t\t\t<label for=\"wpsl-radius-dropdown\">Suchradius<\/label>\r\n\t\t\t\t\t<select id=\"wpsl-radius-dropdown\" class=\"wpsl-dropdown\" name=\"wpsl-radius\">\r\n\t\t\t\t\t\t<option value=\"10\">10 km<\/option><option value=\"25\">25 km<\/option><option value=\"50\">50 km<\/option><option value=\"100\">100 km<\/option><option selected=\"selected\" value=\"200\">200 km<\/option><option value=\"500\">500 km<\/option>\r\n\t\t\t\t\t<\/select>\r\n\t\t\t\t<\/div>\r\n\t\t\t\t<div id=\"wpsl-results\">\r\n\t\t\t\t\t<label for=\"wpsl-results-dropdown\">Entschlossen<\/label>\r\n\t\t\t\t\t<select id=\"wpsl-results-dropdown\" class=\"wpsl-dropdown\" name=\"wpsl-results\">\r\n\t\t\t\t\t\t<option selected=\"selected\" value=\"25\">25<\/option><option value=\"50\">50<\/option><option value=\"75\">75<\/option><option value=\"100\">100<\/option>\r\n\t\t\t\t\t<\/select>\r\n\t\t\t\t<\/div>\r\n\t\t\t<\/div>\r\n<div id=\"wpsl-category\">\r\n<label for=\"wpsl-category-list\">Nach Kategorie filtern<\/label>\r\n<select  name='wpsl-category' id='wpsl-category-list' class='wpsl-dropdown'>\n\t<option value='0'>Beliebig<\/option>\n\t<option class=\"level-0\" value=\"18\">Kabinen<\/option>\n\t<option class=\"level-0\" value=\"19\" selected=\"selected\">Offen<\/option>\n<\/select>\n<\/div>\r\n\t\t\t\t<div class=\"wpsl-search-btn-wrap\"><input id=\"wpsl-search-btn\" type=\"submit\" value=\"Nahe\"><\/div>\r\n\t\t<input type=\"hidden\" name=\"trp-form-language\" value=\"de\"\/><\/form>\r\n\t\t<\/div>\r\n\t<\/div>\r\n\t<div id=\"wpsl-gmap\" class=\"wpsl-gmap-canvas\"><\/div>\r\n\t<div id=\"wpsl-result-list\">\r\n\t\t<div id=\"wpsl-stores\" >\r\n\t\t\t<ul><\/ul>\r\n\t\t<\/div>\r\n\t\t<div id=\"wpsl-direction-details\">\r\n\t\t\t<ul><\/ul>\r\n\t\t<\/div>\r\n\t<\/div>\r\n<\/div>\r\n<\/div>\n\t\t\t\t\t\t<\/div>\n\t\t\t\t<\/div>\n\t\t\t\t\t<\/div>\n\t\t\t\t<\/div>\n\t\t<div class=\"elementor-element elementor-element-69cfbed e-flex e-con-boxed e-con e-parent\" data-id=\"69cfbed\" data-element_type=\"container\" data-e-type=\"container\">\n\t\t\t\t\t<div class=\"e-con-inner\">\n\t\t\t\t<div class=\"elementor-element elementor-element-04fa24e elementor-widget elementor-widget-spacer\" data-id=\"04fa24e\" data-element_type=\"widget\" data-e-type=\"widget\" data-widget_type=\"spacer.default\">\n\t\t\t\t<div class=\"elementor-widget-container\">\n\t\t\t\t\t\t\t<div class=\"elementor-spacer\">\n\t\t\t<div class=\"elementor-spacer-inner\"><\/div>\n\t\t<\/div>\n\t\t\t\t\t\t<\/div>\n\t\t\t\t<\/div>\n\t\t\t\t\t<\/div>\n\t\t\t\t<\/div>\n\t\t\t\t<\/div>","protected":false},"excerpt":{"rendered":"<p>H\u00c4NDLER Schauen Sie auf der Karte nach, um den H\u00e4ndler in Ihrer N\u00e4he zu finden<\/p>","protected":false},"author":4,"featured_media":0,"parent":0,"menu_order":0,"comment_status":"closed","ping_status":"closed","template":"elementor_header_footer","meta":{"_acf_changed":false,"footnotes":""},"class_list":["post-172","page","type-page","status-publish","hentry"],"acf":[],"yoast_head":"<!-- This site is optimized with the Yoast SEO plugin v27.4 - https:\/\/yoast.com\/product\/yoast-seo-wordpress\/ -->\n<title>Dealers - Salpa Yachts<\/title>\n<meta name=\"description\" content=\"DEalers   Consulta la mappa per trovare il dealer della tua zona\" \/>\n<meta name=\"robots\" content=\"noindex, follow, max-snippet:-1, max-image-preview:large, max-video-preview:-1\" \/>\n<meta property=\"og:locale\" content=\"de_DE\" \/>\n<meta property=\"og:type\" content=\"article\" \/>\n<meta property=\"og:title\" content=\"Dealers - Salpa Yachts\" \/>\n<meta property=\"og:description\" content=\"DEalers   Consulta la mappa per trovare il dealer della tua zona\" \/>\n<meta property=\"og:url\" content=\"https:\/\/staging2.salpa.com\/de\/handler\/\" \/>\n<meta property=\"og:site_name\" content=\"Salpa Yachts\" \/>\n<meta property=\"article:publisher\" content=\"https:\/\/www.facebook.com\/nauticasalpa\" \/>\n<meta property=\"article:modified_time\" content=\"2024-10-09T08:00:52+00:00\" \/>\n<meta name=\"twitter:card\" content=\"summary_large_image\" \/>\n<meta name=\"twitter:label1\" content=\"Gesch\u00e4tzte Lesezeit\" \/>\n\t<meta name=\"twitter:data1\" content=\"1\u00a0Minute\" \/>\n<script type=\"application\/ld+json\" class=\"yoast-schema-graph\">{\"@context\":\"https:\\\/\\\/schema.org\",\"@graph\":[{\"@type\":\"WebPage\",\"@id\":\"https:\\\/\\\/staging2.salpa.com\\\/dealers\\\/\",\"url\":\"https:\\\/\\\/staging2.salpa.com\\\/dealers\\\/\",\"name\":\"Dealers - Salpa Yachts\",\"isPartOf\":{\"@id\":\"https:\\\/\\\/staging2.salpa.com\\\/#website\"},\"datePublished\":\"2023-10-15T11:11:55+00:00\",\"dateModified\":\"2024-10-09T08:00:52+00:00\",\"description\":\"DEalers Consulta la mappa per trovare il dealer della tua zona\",\"breadcrumb\":{\"@id\":\"https:\\\/\\\/staging2.salpa.com\\\/dealers\\\/#breadcrumb\"},\"inLanguage\":\"de\",\"potentialAction\":[{\"@type\":\"ReadAction\",\"target\":[\"https:\\\/\\\/staging2.salpa.com\\\/dealers\\\/\"]}]},{\"@type\":\"BreadcrumbList\",\"@id\":\"https:\\\/\\\/staging2.salpa.com\\\/dealers\\\/#breadcrumb\",\"itemListElement\":[{\"@type\":\"ListItem\",\"position\":1,\"name\":\"Home\",\"item\":\"https:\\\/\\\/staging2.salpa.com\\\/\"},{\"@type\":\"ListItem\",\"position\":2,\"name\":\"Dealers\"}]},{\"@type\":\"WebSite\",\"@id\":\"https:\\\/\\\/staging2.salpa.com\\\/#website\",\"url\":\"https:\\\/\\\/staging2.salpa.com\\\/\",\"name\":\"Salpa Yachts\",\"description\":\"Naviga verso l&#039;avventura con Salpa Yachts!\",\"publisher\":{\"@id\":\"https:\\\/\\\/staging2.salpa.com\\\/#organization\"},\"alternateName\":\"Nautica Salpa srl\",\"potentialAction\":[{\"@type\":\"SearchAction\",\"target\":{\"@type\":\"EntryPoint\",\"urlTemplate\":\"https:\\\/\\\/staging2.salpa.com\\\/?s={search_term_string}\"},\"query-input\":{\"@type\":\"PropertyValueSpecification\",\"valueRequired\":true,\"valueName\":\"search_term_string\"}}],\"inLanguage\":\"de\"},{\"@type\":\"Organization\",\"@id\":\"https:\\\/\\\/staging2.salpa.com\\\/#organization\",\"name\":\"Salpa Yachts\",\"alternateName\":\"Nautica Salpa srl\",\"url\":\"https:\\\/\\\/staging2.salpa.com\\\/\",\"logo\":{\"@type\":\"ImageObject\",\"inLanguage\":\"de\",\"@id\":\"https:\\\/\\\/staging2.salpa.com\\\/#\\\/schema\\\/logo\\\/image\\\/\",\"url\":\"https:\\\/\\\/staging2.salpa.com\\\/wp-content\\\/uploads\\\/2023\\\/10\\\/logo-white.svg\",\"contentUrl\":\"https:\\\/\\\/staging2.salpa.com\\\/wp-content\\\/uploads\\\/2023\\\/10\\\/logo-white.svg\",\"caption\":\"Salpa Yachts\"},\"image\":{\"@id\":\"https:\\\/\\\/staging2.salpa.com\\\/#\\\/schema\\\/logo\\\/image\\\/\"},\"sameAs\":[\"https:\\\/\\\/www.facebook.com\\\/nauticasalpa\",\"https:\\\/\\\/www.instagram.com\\\/salpa_yachts\\\/\",\"https:\\\/\\\/www.youtube.com\\\/@SalpaYachts\"]}]}<\/script>\n<!-- \/ Yoast SEO plugin. -->","yoast_head_json":{"title":"H\u00e4ndler - Salpa Yachts","description":"H\u00c4NDLER Schauen Sie auf der Karte nach, um den H\u00e4ndler in Ihrer N\u00e4he zu finden","robots":{"index":"noindex","follow":"follow","max-snippet":"max-snippet:-1","max-image-preview":"max-image-preview:large","max-video-preview":"max-video-preview:-1"},"og_locale":"de_DE","og_type":"article","og_title":"Dealers - Salpa Yachts","og_description":"DEalers   Consulta la mappa per trovare il dealer della tua zona","og_url":"https:\/\/staging2.salpa.com\/de\/handler\/","og_site_name":"Salpa Yachts","article_publisher":"https:\/\/www.facebook.com\/nauticasalpa","article_modified_time":"2024-10-09T08:00:52+00:00","twitter_card":"summary_large_image","twitter_misc":{"Gesch\u00e4tzte Lesezeit":"1\u00a0Minute"},"schema":{"@context":"https:\/\/schema.org","@graph":[{"@type":"WebPage","@id":"https:\/\/staging2.salpa.com\/dealers\/","url":"https:\/\/staging2.salpa.com\/dealers\/","name":"H\u00e4ndler - Salpa Yachts","isPartOf":{"@id":"https:\/\/staging2.salpa.com\/#website"},"datePublished":"2023-10-15T11:11:55+00:00","dateModified":"2024-10-09T08:00:52+00:00","description":"H\u00c4NDLER Schauen Sie auf der Karte nach, um den H\u00e4ndler in Ihrer N\u00e4he zu finden","breadcrumb":{"@id":"https:\/\/staging2.salpa.com\/dealers\/#breadcrumb"},"inLanguage":"de","potentialAction":[{"@type":"ReadAction","target":["https:\/\/staging2.salpa.com\/dealers\/"]}]},{"@type":"BreadcrumbList","@id":"https:\/\/staging2.salpa.com\/dealers\/#breadcrumb","itemListElement":[{"@type":"ListItem","position":1,"name":"Home","item":"https:\/\/staging2.salpa.com\/"},{"@type":"ListItem","position":2,"name":"Dealers"}]},{"@type":"WebSite","@id":"https:\/\/staging2.salpa.com\/#website","url":"https:\/\/staging2.salpa.com\/","name":"Salpa-Yachten","description":"Segeln Sie mit Salpa Yachts dem Abenteuer entgegen!","publisher":{"@id":"https:\/\/staging2.salpa.com\/#organization"},"alternateName":"Nautica Salpa srl","potentialAction":[{"@type":"SearchAction","target":{"@type":"EntryPoint","urlTemplate":"https:\/\/staging2.salpa.com\/?s={search_term_string}"},"query-input":{"@type":"PropertyValueSpecification","valueRequired":true,"valueName":"search_term_string"}}],"inLanguage":"de"},{"@type":"Organization","@id":"https:\/\/staging2.salpa.com\/#organization","name":"Salpa-Yachten","alternateName":"Nautica Salpa srl","url":"https:\/\/staging2.salpa.com\/","logo":{"@type":"ImageObject","inLanguage":"de","@id":"https:\/\/staging2.salpa.com\/#\/schema\/logo\/image\/","url":"https:\/\/staging2.salpa.com\/wp-content\/uploads\/2023\/10\/logo-white.svg","contentUrl":"https:\/\/staging2.salpa.com\/wp-content\/uploads\/2023\/10\/logo-white.svg","caption":"Salpa Yachts"},"image":{"@id":"https:\/\/staging2.salpa.com\/#\/schema\/logo\/image\/"},"sameAs":["https:\/\/www.facebook.com\/nauticasalpa","https:\/\/www.instagram.com\/salpa_yachts\/","https:\/\/www.youtube.com\/@SalpaYachts"]}]}},"_links":{"self":[{"href":"https:\/\/staging2.salpa.com\/de\/wp-json\/wp\/v2\/pages\/172","targetHints":{"allow":["GET"]}}],"collection":[{"href":"https:\/\/staging2.salpa.com\/de\/wp-json\/wp\/v2\/pages"}],"about":[{"href":"https:\/\/staging2.salpa.com\/de\/wp-json\/wp\/v2\/types\/page"}],"author":[{"embeddable":true,"href":"https:\/\/staging2.salpa.com\/de\/wp-json\/wp\/v2\/users\/4"}],"replies":[{"embeddable":true,"href":"https:\/\/staging2.salpa.com\/de\/wp-json\/wp\/v2\/comments?post=172"}],"version-history":[{"count":100,"href":"https:\/\/staging2.salpa.com\/de\/wp-json\/wp\/v2\/pages\/172\/revisions"}],"predecessor-version":[{"id":2789,"href":"https:\/\/staging2.salpa.com\/de\/wp-json\/wp\/v2\/pages\/172\/revisions\/2789"}],"wp:attachment":[{"href":"https:\/\/staging2.salpa.com\/de\/wp-json\/wp\/v2\/media?parent=172"}],"curies":[{"name":"wp","href":"https:\/\/api.w.org\/{rel}","templated":true}]}}