{"id":2274,"date":"2024-06-12T18:44:14","date_gmt":"2024-06-12T17:44:14","guid":{"rendered":"https:\/\/www.salpa.com\/?page_id=2274"},"modified":"2024-06-12T18:55:57","modified_gmt":"2024-06-12T17:55:57","slug":"umweltpolitik","status":"publish","type":"page","link":"https:\/\/staging2.salpa.com\/de\/umweltpolitik\/","title":{"rendered":"Umweltpolitik"},"content":{"rendered":"<div data-elementor-type=\"wp-page\" data-elementor-id=\"2274\" class=\"elementor elementor-2274\" data-elementor-post-type=\"page\">\n\t\t\t\t<div class=\"elementor-element elementor-element-34cd9b0 e-con-full e-flex e-con e-parent\" data-id=\"34cd9b0\" data-element_type=\"container\" data-e-type=\"container\" data-settings=\"{&quot;background_background&quot;:&quot;classic&quot;}\">\n\t\t\t\t<\/div>\n\t\t<div class=\"elementor-element elementor-element-ed79632 e-flex e-con-boxed e-con e-parent\" data-id=\"ed79632\" data-element_type=\"container\" data-e-type=\"container\">\n\t\t\t\t\t<div class=\"e-con-inner\">\n\t\t\t\t<div class=\"elementor-element elementor-element-48dd469 elementor-widget elementor-widget-spacer\" data-id=\"48dd469\" data-element_type=\"widget\" data-e-type=\"widget\" data-widget_type=\"spacer.default\">\n\t\t\t\t<div class=\"elementor-widget-container\">\n\t\t\t\t\t\t\t<div class=\"elementor-spacer\">\n\t\t\t<div class=\"elementor-spacer-inner\"><\/div>\n\t\t<\/div>\n\t\t\t\t\t\t<\/div>\n\t\t\t\t<\/div>\n\t\t\t\t<div class=\"elementor-element elementor-element-2a6992d elementor-widget elementor-widget-heading\" data-id=\"2a6992d\" data-element_type=\"widget\" data-e-type=\"widget\" data-widget_type=\"heading.default\">\n\t\t\t\t<div class=\"elementor-widget-container\">\n\t\t\t\t\t<h2 class=\"elementor-heading-title elementor-size-default\">Umweltpolitik<\/h2>\t\t\t\t<\/div>\n\t\t\t\t<\/div>\n\t\t\t\t<div class=\"elementor-element elementor-element-f937ed2 elementor-widget elementor-widget-text-editor\" data-id=\"f937ed2\" data-element_type=\"widget\" data-e-type=\"widget\" data-widget_type=\"text-editor.default\">\n\t\t\t\t<div class=\"elementor-widget-container\">\n\t\t\t\t\t\t\t\t\t<p>Nautica Salpa setzt sich f\u00fcr die F\u00f6rderung der \u00f6kologischen Nachhaltigkeit durch eine Reihe von Initiativen und Praktiken ein, die die Umweltauswirkungen seiner Aktivit\u00e4ten reduzieren. Unsere Umweltpolitik basiert auf den Grunds\u00e4tzen der sozialen Verantwortung von Unternehmen und der \u00dcbernahme bew\u00e4hrter Praktiken im Schiffbausektor.<\/p><ol><li><strong>Einsatz umweltschonender Technologien in der Produktion:<br \/><\/strong>Im Jahr 2023 haben wir die Resin Transfer Moulding (RTM)-Technologie implementiert, um die Glasfaserkomponenten unserer starren und aufblasbaren Boote herzustellen. Dieser Prozess, der sich durch geschlossene Formen auszeichnet, hat eine deutliche Reduzierung der Styrolemissionen in die Atmosph\u00e4re erm\u00f6glicht, mit einem R\u00fcckgang von 951 TP3T. Wir setzen derzeit die Vakuuminfusionstechnologie f\u00fcr die Produktion unseres Flaggschiffs Salpa Soleil 52 ein und reduzieren so die Styrolemissionen weiter.<br \/>Wir verwenden Gelcoats und Harze mit niedrigem Styrolgehalt und geringeren statischen Emissionen als herk\u00f6mmliche VE-Harze. Unsere Harze und Glasfasern sind frei von endokrin wirkenden Bestandteilen und gew\u00e4hrleisten so die Sicherheit unserer Mitarbeiter und den Schutz der Umwelt.<\/li><li><strong>Erneuerbare Energieerzeugung:<\/strong><br \/>Seit 2012 haben wir auf dem Dach der Produktionsanlage eine Photovoltaikanlage mit einer Leistung von ca. 200 kW installiert, mit der wir bis zum 31. Dezember 2023 2.940.515,40 kWh Strom produzieren konnten. Dies hat zu einer Reduzierung des CO2-Aussto\u00dfes gef\u00fchrt auf 2.058.360,78 kg.<br \/>F\u00fcr das Jahr 2024 erweitern wir unsere Photovoltaikanlage, um unsere Kapazit\u00e4t zur Erzeugung erneuerbarer Energien auf ca. 500 kW zu erh\u00f6hen und so einen weiteren Beitrag zur Emissionsreduzierung zu leisten.<\/li><li><strong>Innovation und Entwicklung nachhaltiger Technologien:<\/strong><br \/>Im Jahr 2022 stellten wir in Zusammenarbeit mit dem CNR Motors Institute unser erstes Hybridschiff (Diesel\/Elektro) vor und demonstrierten damit unser Engagement f\u00fcr effizientere und umweltfreundlichere Antriebsl\u00f6sungen.<br \/>F\u00fcr 2024 entwickeln wir innovative Designs f\u00fcr vollelektrische Au\u00dfenbord-Festrumpf- und Druckluftboote, integrieren die Hausautomation an Bord und entwickeln L\u00f6sungen auf Basis k\u00fcnstlicher Intelligenz.<\/li><li><strong>Die Gesch\u00e4ftsf\u00fchrung von Nautica Salpa Srl verpflichtet sich:<\/strong><br \/>Bereitstellung von Ressourcen, wirtschaftlichen Mitteln und angemessenen F\u00e4higkeiten f\u00fcr das ordnungsgem\u00e4\u00dfe Funktionieren des Umweltmanagementsystems.<br \/>Definieren Sie Befugnisse und Verantwortlichkeiten im Umweltbereich und legen Sie die erforderlichen Verfahren fest, um ein wirksames Funktionieren des Systems sicherzustellen.<br \/>Stellen Sie sicher, dass die Aktivit\u00e4ten unter strikter Einhaltung der Umweltgesetze und relevanten Vorschriften durchgef\u00fchrt werden, um die Gesundheit der Arbeitnehmer und die Arbeitsumgebung zu sch\u00fctzen.<br \/>Kontinuierliche Verbesserung der Umwelteffizienz durch Bewertung der Wirtschaftlichkeit der besten verf\u00fcgbaren Technologien.<br \/>\u00dcberwachen Sie die Umweltauswirkungen von Aktivit\u00e4ten und Produkten und bewerten Sie st\u00e4ndig M\u00f6glichkeiten zur Verbesserung von Prozessen, um direkte und indirekte Auswirkungen auf die Umwelt zu reduzieren.<br \/>Informieren und Einbeziehen der Mitarbeiter in das Umweltmanagementsystem, F\u00f6rderung des Umweltbewusstseins auf allen Ebenen und Bereitstellung angemessener Unterst\u00fctzung und Information f\u00fcr Kunden und Lieferanten.<br \/>Arbeiten Sie mit Beh\u00f6rden zusammen, um die Einhaltung von Umweltvorschriften und den Schutz der Umwelt sicherzustellen.<br \/>Ergreifen Sie Ma\u00dfnahmen zur Reduzierung der Umweltauswirkungen in Notsituationen.<\/li><\/ol><p>\u00a0<\/p><p>Nautica Salpa ist bestrebt, seine Umweltpraktiken weiterhin zu verbessern, modernste Technologien einzuf\u00fchren und Nachhaltigkeit in allen Phasen unserer Produktionst\u00e4tigkeit zu f\u00f6rdern. Wir sind uns unserer Verantwortung gegen\u00fcber der Umwelt und der Gemeinschaft bewusst und arbeiten kontinuierlich daran, unsere Auswirkungen auf die Umwelt zu reduzieren.<\/p>\t\t\t\t\t\t\t\t<\/div>\n\t\t\t\t<\/div>\n\t\t\t\t\t<\/div>\n\t\t\t\t<\/div>\n\t\t\t\t<\/div>","protected":false},"excerpt":{"rendered":"<p>Nautica Salpa si impegna a promuovere la sostenibilit\u00e0 ambientale attraverso una serie di iniziative e pratiche che riducono l&#8217;impatto ambientale delle proprie attivit\u00e0. La nostra politica ambientale si basa sui principi della responsabilit\u00e0 sociale d&#8217;impresa e sull&#8217;adozione delle migliori pratiche nel settore della produzione navale. Utilizzo di tecnologie a basso impatto ambientale nella produzione:Nel corso [&hellip;]<\/p>\n","protected":false},"author":4,"featured_media":0,"parent":0,"menu_order":0,"comment_status":"closed","ping_status":"closed","template":"elementor_header_footer","meta":{"_acf_changed":false,"footnotes":""},"class_list":["post-2274","page","type-page","status-publish","hentry"],"acf":[],"yoast_head":"<!-- This site is optimized with the Yoast SEO plugin v27.4 - https:\/\/yoast.com\/product\/yoast-seo-wordpress\/ -->\n<title>Policy Ambientale - Salpa Yachts<\/title>\n<meta name=\"description\" content=\"Nautica Salpa si impegna a promuovere la sostenibilit\u00e0 ambientale attraverso una serie di iniziative e pratiche che riducono l&#039;impatto ambientale delle\" \/>\n<meta name=\"robots\" content=\"noindex, follow, max-snippet:-1, max-image-preview:large, max-video-preview:-1\" \/>\n<meta property=\"og:locale\" content=\"de_DE\" \/>\n<meta property=\"og:type\" content=\"article\" \/>\n<meta property=\"og:title\" content=\"Policy Ambientale - Salpa Yachts\" \/>\n<meta property=\"og:description\" content=\"Nautica Salpa si impegna a promuovere la sostenibilit\u00e0 ambientale attraverso una serie di iniziative e pratiche che riducono l&#039;impatto ambientale delle\" \/>\n<meta property=\"og:url\" content=\"https:\/\/staging2.salpa.com\/de\/umweltpolitik\/\" \/>\n<meta property=\"og:site_name\" content=\"Salpa Yachts\" \/>\n<meta property=\"article:publisher\" content=\"https:\/\/www.facebook.com\/nauticasalpa\" \/>\n<meta property=\"article:modified_time\" content=\"2024-06-12T17:55:57+00:00\" \/>\n<meta name=\"twitter:card\" content=\"summary_large_image\" \/>\n<meta name=\"twitter:label1\" content=\"Gesch\u00e4tzte Lesezeit\" \/>\n\t<meta name=\"twitter:data1\" content=\"3\u00a0Minuten\" \/>\n<script type=\"application\/ld+json\" class=\"yoast-schema-graph\">{\"@context\":\"https:\\\/\\\/schema.org\",\"@graph\":[{\"@type\":\"WebPage\",\"@id\":\"https:\\\/\\\/staging2.salpa.com\\\/policy-ambientale\\\/\",\"url\":\"https:\\\/\\\/staging2.salpa.com\\\/policy-ambientale\\\/\",\"name\":\"Policy Ambientale - Salpa Yachts\",\"isPartOf\":{\"@id\":\"https:\\\/\\\/staging2.salpa.com\\\/#website\"},\"datePublished\":\"2024-06-12T17:44:14+00:00\",\"dateModified\":\"2024-06-12T17:55:57+00:00\",\"description\":\"Nautica Salpa si impegna a promuovere la sostenibilit\u00e0 ambientale attraverso una serie di iniziative e pratiche che riducono l'impatto ambientale delle\",\"breadcrumb\":{\"@id\":\"https:\\\/\\\/staging2.salpa.com\\\/policy-ambientale\\\/#breadcrumb\"},\"inLanguage\":\"de\",\"potentialAction\":[{\"@type\":\"ReadAction\",\"target\":[\"https:\\\/\\\/staging2.salpa.com\\\/policy-ambientale\\\/\"]}]},{\"@type\":\"BreadcrumbList\",\"@id\":\"https:\\\/\\\/staging2.salpa.com\\\/policy-ambientale\\\/#breadcrumb\",\"itemListElement\":[{\"@type\":\"ListItem\",\"position\":1,\"name\":\"Home\",\"item\":\"https:\\\/\\\/staging2.salpa.com\\\/\"},{\"@type\":\"ListItem\",\"position\":2,\"name\":\"Policy Ambientale\"}]},{\"@type\":\"WebSite\",\"@id\":\"https:\\\/\\\/staging2.salpa.com\\\/#website\",\"url\":\"https:\\\/\\\/staging2.salpa.com\\\/\",\"name\":\"Salpa Yachts\",\"description\":\"Naviga verso l&#039;avventura con Salpa Yachts!\",\"publisher\":{\"@id\":\"https:\\\/\\\/staging2.salpa.com\\\/#organization\"},\"alternateName\":\"Nautica Salpa srl\",\"potentialAction\":[{\"@type\":\"SearchAction\",\"target\":{\"@type\":\"EntryPoint\",\"urlTemplate\":\"https:\\\/\\\/staging2.salpa.com\\\/?s={search_term_string}\"},\"query-input\":{\"@type\":\"PropertyValueSpecification\",\"valueRequired\":true,\"valueName\":\"search_term_string\"}}],\"inLanguage\":\"de\"},{\"@type\":\"Organization\",\"@id\":\"https:\\\/\\\/staging2.salpa.com\\\/#organization\",\"name\":\"Salpa Yachts\",\"alternateName\":\"Nautica Salpa srl\",\"url\":\"https:\\\/\\\/staging2.salpa.com\\\/\",\"logo\":{\"@type\":\"ImageObject\",\"inLanguage\":\"de\",\"@id\":\"https:\\\/\\\/staging2.salpa.com\\\/#\\\/schema\\\/logo\\\/image\\\/\",\"url\":\"https:\\\/\\\/staging2.salpa.com\\\/wp-content\\\/uploads\\\/2023\\\/10\\\/logo-white.svg\",\"contentUrl\":\"https:\\\/\\\/staging2.salpa.com\\\/wp-content\\\/uploads\\\/2023\\\/10\\\/logo-white.svg\",\"caption\":\"Salpa Yachts\"},\"image\":{\"@id\":\"https:\\\/\\\/staging2.salpa.com\\\/#\\\/schema\\\/logo\\\/image\\\/\"},\"sameAs\":[\"https:\\\/\\\/www.facebook.com\\\/nauticasalpa\",\"https:\\\/\\\/www.instagram.com\\\/salpa_yachts\\\/\",\"https:\\\/\\\/www.youtube.com\\\/@SalpaYachts\"]}]}<\/script>\n<!-- \/ Yoast SEO plugin. -->","yoast_head_json":{"title":"Umweltpolitik \u2013 Salpa Yachts","description":"Nautica Salpa engagiert sich f\u00fcr die F\u00f6rderung der \u00f6kologischen Nachhaltigkeit durch eine Reihe von Initiativen und Praktiken, die die Auswirkungen auf die Umwelt reduzieren","robots":{"index":"noindex","follow":"follow","max-snippet":"max-snippet:-1","max-image-preview":"max-image-preview:large","max-video-preview":"max-video-preview:-1"},"og_locale":"de_DE","og_type":"article","og_title":"Policy Ambientale - Salpa Yachts","og_description":"Nautica Salpa si impegna a promuovere la sostenibilit\u00e0 ambientale attraverso una serie di iniziative e pratiche che riducono l'impatto ambientale delle","og_url":"https:\/\/staging2.salpa.com\/de\/umweltpolitik\/","og_site_name":"Salpa Yachts","article_publisher":"https:\/\/www.facebook.com\/nauticasalpa","article_modified_time":"2024-06-12T17:55:57+00:00","twitter_card":"summary_large_image","twitter_misc":{"Gesch\u00e4tzte Lesezeit":"3\u00a0Minuten"},"schema":{"@context":"https:\/\/schema.org","@graph":[{"@type":"WebPage","@id":"https:\/\/staging2.salpa.com\/policy-ambientale\/","url":"https:\/\/staging2.salpa.com\/policy-ambientale\/","name":"Umweltpolitik \u2013 Salpa Yachts","isPartOf":{"@id":"https:\/\/staging2.salpa.com\/#website"},"datePublished":"2024-06-12T17:44:14+00:00","dateModified":"2024-06-12T17:55:57+00:00","description":"Nautica Salpa engagiert sich f\u00fcr die F\u00f6rderung der \u00f6kologischen Nachhaltigkeit durch eine Reihe von Initiativen und Praktiken, die die Auswirkungen auf die Umwelt reduzieren","breadcrumb":{"@id":"https:\/\/staging2.salpa.com\/policy-ambientale\/#breadcrumb"},"inLanguage":"de","potentialAction":[{"@type":"ReadAction","target":["https:\/\/staging2.salpa.com\/policy-ambientale\/"]}]},{"@type":"BreadcrumbList","@id":"https:\/\/staging2.salpa.com\/policy-ambientale\/#breadcrumb","itemListElement":[{"@type":"ListItem","position":1,"name":"Home","item":"https:\/\/staging2.salpa.com\/"},{"@type":"ListItem","position":2,"name":"Policy Ambientale"}]},{"@type":"WebSite","@id":"https:\/\/staging2.salpa.com\/#website","url":"https:\/\/staging2.salpa.com\/","name":"Salpa-Yachten","description":"Segeln Sie mit Salpa Yachts dem Abenteuer entgegen!","publisher":{"@id":"https:\/\/staging2.salpa.com\/#organization"},"alternateName":"Nautica Salpa srl","potentialAction":[{"@type":"SearchAction","target":{"@type":"EntryPoint","urlTemplate":"https:\/\/staging2.salpa.com\/?s={search_term_string}"},"query-input":{"@type":"PropertyValueSpecification","valueRequired":true,"valueName":"search_term_string"}}],"inLanguage":"de"},{"@type":"Organization","@id":"https:\/\/staging2.salpa.com\/#organization","name":"Salpa-Yachten","alternateName":"Nautica Salpa srl","url":"https:\/\/staging2.salpa.com\/","logo":{"@type":"ImageObject","inLanguage":"de","@id":"https:\/\/staging2.salpa.com\/#\/schema\/logo\/image\/","url":"https:\/\/staging2.salpa.com\/wp-content\/uploads\/2023\/10\/logo-white.svg","contentUrl":"https:\/\/staging2.salpa.com\/wp-content\/uploads\/2023\/10\/logo-white.svg","caption":"Salpa Yachts"},"image":{"@id":"https:\/\/staging2.salpa.com\/#\/schema\/logo\/image\/"},"sameAs":["https:\/\/www.facebook.com\/nauticasalpa","https:\/\/www.instagram.com\/salpa_yachts\/","https:\/\/www.youtube.com\/@SalpaYachts"]}]}},"_links":{"self":[{"href":"https:\/\/staging2.salpa.com\/de\/wp-json\/wp\/v2\/pages\/2274","targetHints":{"allow":["GET"]}}],"collection":[{"href":"https:\/\/staging2.salpa.com\/de\/wp-json\/wp\/v2\/pages"}],"about":[{"href":"https:\/\/staging2.salpa.com\/de\/wp-json\/wp\/v2\/types\/page"}],"author":[{"embeddable":true,"href":"https:\/\/staging2.salpa.com\/de\/wp-json\/wp\/v2\/users\/4"}],"replies":[{"embeddable":true,"href":"https:\/\/staging2.salpa.com\/de\/wp-json\/wp\/v2\/comments?post=2274"}],"version-history":[{"count":14,"href":"https:\/\/staging2.salpa.com\/de\/wp-json\/wp\/v2\/pages\/2274\/revisions"}],"predecessor-version":[{"id":2289,"href":"https:\/\/staging2.salpa.com\/de\/wp-json\/wp\/v2\/pages\/2274\/revisions\/2289"}],"wp:attachment":[{"href":"https:\/\/staging2.salpa.com\/de\/wp-json\/wp\/v2\/media?parent=2274"}],"curies":[{"name":"wp","href":"https:\/\/api.w.org\/{rel}","templated":true}]}}