{"id":2274,"date":"2024-06-12T18:44:14","date_gmt":"2024-06-12T17:44:14","guid":{"rendered":"https:\/\/www.salpa.com\/?page_id=2274"},"modified":"2024-06-12T18:55:57","modified_gmt":"2024-06-12T17:55:57","slug":"environmental-policy","status":"publish","type":"page","link":"https:\/\/staging2.salpa.com\/en\/environmental-policy\/","title":{"rendered":"Environmental Policy"},"content":{"rendered":"<div data-elementor-type=\"wp-page\" data-elementor-id=\"2274\" class=\"elementor elementor-2274\" data-elementor-post-type=\"page\">\n\t\t\t\t<div class=\"elementor-element elementor-element-34cd9b0 e-con-full e-flex e-con e-parent\" data-id=\"34cd9b0\" data-element_type=\"container\" data-e-type=\"container\" data-settings=\"{&quot;background_background&quot;:&quot;classic&quot;}\">\n\t\t\t\t<\/div>\n\t\t<div class=\"elementor-element elementor-element-ed79632 e-flex e-con-boxed e-con e-parent\" data-id=\"ed79632\" data-element_type=\"container\" data-e-type=\"container\">\n\t\t\t\t\t<div class=\"e-con-inner\">\n\t\t\t\t<div class=\"elementor-element elementor-element-48dd469 elementor-widget elementor-widget-spacer\" data-id=\"48dd469\" data-element_type=\"widget\" data-e-type=\"widget\" data-widget_type=\"spacer.default\">\n\t\t\t\t<div class=\"elementor-widget-container\">\n\t\t\t\t\t\t\t<div class=\"elementor-spacer\">\n\t\t\t<div class=\"elementor-spacer-inner\"><\/div>\n\t\t<\/div>\n\t\t\t\t\t\t<\/div>\n\t\t\t\t<\/div>\n\t\t\t\t<div class=\"elementor-element elementor-element-2a6992d elementor-widget elementor-widget-heading\" data-id=\"2a6992d\" data-element_type=\"widget\" data-e-type=\"widget\" data-widget_type=\"heading.default\">\n\t\t\t\t<div class=\"elementor-widget-container\">\n\t\t\t\t\t<h2 class=\"elementor-heading-title elementor-size-default\">Environmental Policy<\/h2>\t\t\t\t<\/div>\n\t\t\t\t<\/div>\n\t\t\t\t<div class=\"elementor-element elementor-element-f937ed2 elementor-widget elementor-widget-text-editor\" data-id=\"f937ed2\" data-element_type=\"widget\" data-e-type=\"widget\" data-widget_type=\"text-editor.default\">\n\t\t\t\t<div class=\"elementor-widget-container\">\n\t\t\t\t\t\t\t\t\t<p>Nautica Salpa is committed to promoting environmental sustainability through a series of initiatives and practices that reduce the environmental impact of its activities. Our environmental policy is based on the principles of corporate social responsibility and the adoption of best practices in the ship manufacturing sector.<\/p><ol><li><strong>Use of low environmental impact technologies in production:<br \/><\/strong>During 2023, we implemented Resin Transfer Molding (RTM) technology to make the fiberglass components of our rigid and inflatable boats. This process, characterized by closed moulds, has allowed a significant reduction in styrene emissions into the atmosphere, with a decrease in 95%. We are currently adopting vacuum infusion technology for the production of our flagship Salpa Soleil 52, further reducing emissions of styrene.<br \/>We use low-styrene gelcoats and resins with lower static emissions than traditional VE resins. Our resins and glass fibers are free of endocrine disrupting components, ensuring the safety of our workers and the protection of the environment.<\/li><li><strong>Renewable energy production:<\/strong><br \/>Since 2012, we have installed a photovoltaic system on the roof of the production plant with a power of approximately 200 kW, which has allowed us to produce 2,940,515.40 kWh of electricity until 31 December 2023. This has resulted in a reduction in emissions of CO2 equal to 2,058,360.78 kg.<br \/>For 2024, we are expanding our photovoltaic system to increase our renewable energy generation capacity to approximately 500 kW, further contributing to emissions reduction.<\/li><li><strong>Innovation and development of sustainable technologies:<\/strong><br \/>In 2022, we introduced our first hybrid vessel (diesel\/electric) in collaboration with the CNR Motors Institute, demonstrating our commitment to more efficient and environmentally friendly propulsion solutions.<br \/>For 2024, we are developing innovative designs for full electric outboard rigid and pneumatic boats, integrating on-board home automation and developing solutions based on artificial intelligence.<\/li><li><strong>The Management of Nautica Salpa Srl undertakes to:<\/strong><br \/>Make resources, economic means and adequate skills available for the correct functioning of the Environmental Management System.<br \/>Define powers and responsibilities in the environmental field and establish the procedures necessary to ensure effective functioning of the system.<br \/>Ensure that activities are carried out in strict compliance with environmental laws and relevant regulations, protecting workers&#039; health and the working environment.<br \/>Continuously improve environmental efficiency by evaluating the economic viability of the best available technologies.<br \/>Monitor the environmental impacts of activities and products, constantly evaluating opportunities for improving processes to reduce direct and indirect impacts on the environment.<br \/>Inform and involve staff in the Environmental Management System, promoting environmental awareness at all levels and providing appropriate support and information to customers and suppliers.<br \/>Collaborate with public authorities to ensure compliance with environmental regulations and protection of the environment.<br \/>Adopt measures to reduce environmental impacts in emergency situations.<\/li><\/ol><p>\u00a0<\/p><p>Nautica Salpa is committed to continuing to improve its environmental practices, adopting cutting-edge technologies and promoting sustainability in all phases of our production activity. We are aware of our responsibility towards the environment and the community and constantly work to reduce our environmental impact.<\/p>\t\t\t\t\t\t\t\t<\/div>\n\t\t\t\t<\/div>\n\t\t\t\t\t<\/div>\n\t\t\t\t<\/div>\n\t\t\t\t<\/div>","protected":false},"excerpt":{"rendered":"<p>Nautica Salpa si impegna a promuovere la sostenibilit\u00e0 ambientale attraverso una serie di iniziative e pratiche che riducono l&#8217;impatto ambientale delle proprie attivit\u00e0. La nostra politica ambientale si basa sui principi della responsabilit\u00e0 sociale d&#8217;impresa e sull&#8217;adozione delle migliori pratiche nel settore della produzione navale. Utilizzo di tecnologie a basso impatto ambientale nella produzione:Nel corso [&hellip;]<\/p>\n","protected":false},"author":4,"featured_media":0,"parent":0,"menu_order":0,"comment_status":"closed","ping_status":"closed","template":"elementor_header_footer","meta":{"_acf_changed":false,"footnotes":""},"class_list":["post-2274","page","type-page","status-publish","hentry"],"acf":[],"yoast_head":"<!-- This site is optimized with the Yoast SEO plugin v27.4 - https:\/\/yoast.com\/product\/yoast-seo-wordpress\/ -->\n<title>Policy Ambientale - Salpa Yachts<\/title>\n<meta name=\"description\" content=\"Nautica Salpa si impegna a promuovere la sostenibilit\u00e0 ambientale attraverso una serie di iniziative e pratiche che riducono l&#039;impatto ambientale delle\" \/>\n<meta name=\"robots\" content=\"noindex, follow, max-snippet:-1, max-image-preview:large, max-video-preview:-1\" \/>\n<meta property=\"og:locale\" content=\"en_US\" \/>\n<meta property=\"og:type\" content=\"article\" \/>\n<meta property=\"og:title\" content=\"Policy Ambientale - Salpa Yachts\" \/>\n<meta property=\"og:description\" content=\"Nautica Salpa si impegna a promuovere la sostenibilit\u00e0 ambientale attraverso una serie di iniziative e pratiche che riducono l&#039;impatto ambientale delle\" \/>\n<meta property=\"og:url\" content=\"https:\/\/staging2.salpa.com\/en\/environmental-policy\/\" \/>\n<meta property=\"og:site_name\" content=\"Salpa Yachts\" \/>\n<meta property=\"article:publisher\" content=\"https:\/\/www.facebook.com\/nauticasalpa\" \/>\n<meta property=\"article:modified_time\" content=\"2024-06-12T17:55:57+00:00\" \/>\n<meta name=\"twitter:card\" content=\"summary_large_image\" \/>\n<meta name=\"twitter:label1\" content=\"Est. reading time\" \/>\n\t<meta name=\"twitter:data1\" content=\"3 minutes\" \/>\n<script type=\"application\/ld+json\" class=\"yoast-schema-graph\">{\"@context\":\"https:\\\/\\\/schema.org\",\"@graph\":[{\"@type\":\"WebPage\",\"@id\":\"https:\\\/\\\/staging2.salpa.com\\\/policy-ambientale\\\/\",\"url\":\"https:\\\/\\\/staging2.salpa.com\\\/policy-ambientale\\\/\",\"name\":\"Policy Ambientale - Salpa Yachts\",\"isPartOf\":{\"@id\":\"https:\\\/\\\/staging2.salpa.com\\\/#website\"},\"datePublished\":\"2024-06-12T17:44:14+00:00\",\"dateModified\":\"2024-06-12T17:55:57+00:00\",\"description\":\"Nautica Salpa si impegna a promuovere la sostenibilit\u00e0 ambientale attraverso una serie di iniziative e pratiche che riducono l'impatto ambientale delle\",\"breadcrumb\":{\"@id\":\"https:\\\/\\\/staging2.salpa.com\\\/policy-ambientale\\\/#breadcrumb\"},\"inLanguage\":\"en-US\",\"potentialAction\":[{\"@type\":\"ReadAction\",\"target\":[\"https:\\\/\\\/staging2.salpa.com\\\/policy-ambientale\\\/\"]}]},{\"@type\":\"BreadcrumbList\",\"@id\":\"https:\\\/\\\/staging2.salpa.com\\\/policy-ambientale\\\/#breadcrumb\",\"itemListElement\":[{\"@type\":\"ListItem\",\"position\":1,\"name\":\"Home\",\"item\":\"https:\\\/\\\/staging2.salpa.com\\\/\"},{\"@type\":\"ListItem\",\"position\":2,\"name\":\"Policy Ambientale\"}]},{\"@type\":\"WebSite\",\"@id\":\"https:\\\/\\\/staging2.salpa.com\\\/#website\",\"url\":\"https:\\\/\\\/staging2.salpa.com\\\/\",\"name\":\"Salpa Yachts\",\"description\":\"Naviga verso l&#039;avventura con Salpa Yachts!\",\"publisher\":{\"@id\":\"https:\\\/\\\/staging2.salpa.com\\\/#organization\"},\"alternateName\":\"Nautica Salpa srl\",\"potentialAction\":[{\"@type\":\"SearchAction\",\"target\":{\"@type\":\"EntryPoint\",\"urlTemplate\":\"https:\\\/\\\/staging2.salpa.com\\\/?s={search_term_string}\"},\"query-input\":{\"@type\":\"PropertyValueSpecification\",\"valueRequired\":true,\"valueName\":\"search_term_string\"}}],\"inLanguage\":\"en-US\"},{\"@type\":\"Organization\",\"@id\":\"https:\\\/\\\/staging2.salpa.com\\\/#organization\",\"name\":\"Salpa Yachts\",\"alternateName\":\"Nautica Salpa srl\",\"url\":\"https:\\\/\\\/staging2.salpa.com\\\/\",\"logo\":{\"@type\":\"ImageObject\",\"inLanguage\":\"en-US\",\"@id\":\"https:\\\/\\\/staging2.salpa.com\\\/#\\\/schema\\\/logo\\\/image\\\/\",\"url\":\"https:\\\/\\\/staging2.salpa.com\\\/wp-content\\\/uploads\\\/2023\\\/10\\\/logo-white.svg\",\"contentUrl\":\"https:\\\/\\\/staging2.salpa.com\\\/wp-content\\\/uploads\\\/2023\\\/10\\\/logo-white.svg\",\"caption\":\"Salpa Yachts\"},\"image\":{\"@id\":\"https:\\\/\\\/staging2.salpa.com\\\/#\\\/schema\\\/logo\\\/image\\\/\"},\"sameAs\":[\"https:\\\/\\\/www.facebook.com\\\/nauticasalpa\",\"https:\\\/\\\/www.instagram.com\\\/salpa_yachts\\\/\",\"https:\\\/\\\/www.youtube.com\\\/@SalpaYachts\"]}]}<\/script>\n<!-- \/ Yoast SEO plugin. -->","yoast_head_json":{"title":"Environmental Policy - Salpa Yachts","description":"Nautica Salpa is committed to promoting environmental sustainability through a series of initiatives and practices that reduce the environmental impact of","robots":{"index":"noindex","follow":"follow","max-snippet":"max-snippet:-1","max-image-preview":"max-image-preview:large","max-video-preview":"max-video-preview:-1"},"og_locale":"en_US","og_type":"article","og_title":"Policy Ambientale - Salpa Yachts","og_description":"Nautica Salpa si impegna a promuovere la sostenibilit\u00e0 ambientale attraverso una serie di iniziative e pratiche che riducono l'impatto ambientale delle","og_url":"https:\/\/staging2.salpa.com\/en\/environmental-policy\/","og_site_name":"Salpa Yachts","article_publisher":"https:\/\/www.facebook.com\/nauticasalpa","article_modified_time":"2024-06-12T17:55:57+00:00","twitter_card":"summary_large_image","twitter_misc":{"Est. reading time":"3 minutes"},"schema":{"@context":"https:\/\/schema.org","@graph":[{"@type":"WebPage","@id":"https:\/\/staging2.salpa.com\/policy-ambientale\/","url":"https:\/\/staging2.salpa.com\/policy-ambientale\/","name":"Environmental Policy - Salpa Yachts","isPartOf":{"@id":"https:\/\/staging2.salpa.com\/#website"},"datePublished":"2024-06-12T17:44:14+00:00","dateModified":"2024-06-12T17:55:57+00:00","description":"Nautica Salpa is committed to promoting environmental sustainability through a series of initiatives and practices that reduce the environmental impact of","breadcrumb":{"@id":"https:\/\/staging2.salpa.com\/policy-ambientale\/#breadcrumb"},"inLanguage":"en-US","potentialAction":[{"@type":"ReadAction","target":["https:\/\/staging2.salpa.com\/policy-ambientale\/"]}]},{"@type":"BreadcrumbList","@id":"https:\/\/staging2.salpa.com\/policy-ambientale\/#breadcrumb","itemListElement":[{"@type":"ListItem","position":1,"name":"Home","item":"https:\/\/staging2.salpa.com\/"},{"@type":"ListItem","position":2,"name":"Policy Ambientale"}]},{"@type":"WebSite","@id":"https:\/\/staging2.salpa.com\/#website","url":"https:\/\/staging2.salpa.com\/","name":"Salpa Yachts","description":"Sail towards adventure with Salpa Yachts!","publisher":{"@id":"https:\/\/staging2.salpa.com\/#organization"},"alternateName":"Nautica Salpa srl","potentialAction":[{"@type":"SearchAction","target":{"@type":"EntryPoint","urlTemplate":"https:\/\/staging2.salpa.com\/?s={search_term_string}"},"query-input":{"@type":"PropertyValueSpecification","valueRequired":true,"valueName":"search_term_string"}}],"inLanguage":"en-US"},{"@type":"Organization","@id":"https:\/\/staging2.salpa.com\/#organization","name":"Salpa Yachts","alternateName":"Nautica Salpa srl","url":"https:\/\/staging2.salpa.com\/","logo":{"@type":"ImageObject","inLanguage":"en-US","@id":"https:\/\/staging2.salpa.com\/#\/schema\/logo\/image\/","url":"https:\/\/staging2.salpa.com\/wp-content\/uploads\/2023\/10\/logo-white.svg","contentUrl":"https:\/\/staging2.salpa.com\/wp-content\/uploads\/2023\/10\/logo-white.svg","caption":"Salpa Yachts"},"image":{"@id":"https:\/\/staging2.salpa.com\/#\/schema\/logo\/image\/"},"sameAs":["https:\/\/www.facebook.com\/nauticasalpa","https:\/\/www.instagram.com\/salpa_yachts\/","https:\/\/www.youtube.com\/@SalpaYachts"]}]}},"_links":{"self":[{"href":"https:\/\/staging2.salpa.com\/en\/wp-json\/wp\/v2\/pages\/2274","targetHints":{"allow":["GET"]}}],"collection":[{"href":"https:\/\/staging2.salpa.com\/en\/wp-json\/wp\/v2\/pages"}],"about":[{"href":"https:\/\/staging2.salpa.com\/en\/wp-json\/wp\/v2\/types\/page"}],"author":[{"embeddable":true,"href":"https:\/\/staging2.salpa.com\/en\/wp-json\/wp\/v2\/users\/4"}],"replies":[{"embeddable":true,"href":"https:\/\/staging2.salpa.com\/en\/wp-json\/wp\/v2\/comments?post=2274"}],"version-history":[{"count":14,"href":"https:\/\/staging2.salpa.com\/en\/wp-json\/wp\/v2\/pages\/2274\/revisions"}],"predecessor-version":[{"id":2289,"href":"https:\/\/staging2.salpa.com\/en\/wp-json\/wp\/v2\/pages\/2274\/revisions\/2289"}],"wp:attachment":[{"href":"https:\/\/staging2.salpa.com\/en\/wp-json\/wp\/v2\/media?parent=2274"}],"curies":[{"name":"wp","href":"https:\/\/api.w.org\/{rel}","templated":true}]}}