{"id":1427,"date":"2023-11-29T11:55:01","date_gmt":"2023-11-29T11:55:01","guid":{"rendered":"https:\/\/staging.salpa.com\/?page_id=1427"},"modified":"2023-11-29T12:01:28","modified_gmt":"2023-11-29T12:01:28","slug":"politica-de-privacidad-2","status":"publish","type":"page","link":"https:\/\/staging2.salpa.com\/es\/politica-de-privacidad-2\/","title":{"rendered":"pol\u00edtica de privacidad"},"content":{"rendered":"<div data-elementor-type=\"wp-page\" data-elementor-id=\"1427\" class=\"elementor elementor-1427\" data-elementor-post-type=\"page\">\n\t\t\t\t<div class=\"elementor-element elementor-element-4e9a444 e-flex e-con-boxed e-con e-parent\" data-id=\"4e9a444\" data-element_type=\"container\" data-e-type=\"container\">\n\t\t\t\t\t<div class=\"e-con-inner\">\n\t\t\t\t<div class=\"elementor-element elementor-element-67d400b elementor-widget elementor-widget-text-editor\" data-id=\"67d400b\" data-element_type=\"widget\" data-e-type=\"widget\" data-widget_type=\"text-editor.default\">\n\t\t\t\t<div class=\"elementor-widget-container\">\n\t\t\t\t\t\t\t\t\t<div class=\"results__agreement-preview\" data-v-11b4eedd=\"\" data-v-164ff72a=\"\"><h4>pol\u00edtica de privacidad<\/h4><p>El sitio web Salpa.com es propiedad de Nautica Salpa srl, titular del tratamiento de sus datos personales.<\/p><p>Hemos adoptado esta pol\u00edtica de privacidad, que determina el procesamiento de la informaci\u00f3n recopilada por Nautica Salpa, as\u00ed como los motivos para recopilar ciertos datos personales relacionados con usted. Por lo tanto, debe leer esta pol\u00edtica de privacidad antes de utilizar el sitio de Nautica Salpa.<\/p><p>Procesamos tus datos personales y garantizamos su confidencialidad y seguridad.<\/p><h4>Informaci\u00f3n personal recopilada:<\/h4><p>Cuando visita Nautica Salpa, recopilamos autom\u00e1ticamente cierta informaci\u00f3n sobre su dispositivo, incluida informaci\u00f3n sobre su navegador web, direcci\u00f3n IP, zona horaria y cookies instaladas en su dispositivo. Adem\u00e1s, a medida que navega por el sitio, recopilamos informaci\u00f3n sobre las p\u00e1ginas web o los productos que ve, los sitios web o los t\u00e9rminos de b\u00fasqueda a los que hace referencia y c\u00f3mo interact\u00faa con el sitio. Nos referimos a esta informaci\u00f3n recopilada autom\u00e1ticamente como &quot;informaci\u00f3n del dispositivo&quot;. Adem\u00e1s, podemos recopilar datos personales que usted nos proporcione (incluidos, entre otros, nombre, apellido, direcci\u00f3n, informaci\u00f3n de pago, etc.) durante el registro para cumplir con el Acuerdo.<\/p><h4>\u00bfPor qu\u00e9 procesamos datos?<\/h4><p>La seguridad de los datos de los clientes es nuestra prioridad, por lo tanto, solo procesamos los datos de los usuarios estrictamente necesarios para operar el sitio. La informaci\u00f3n recopilada autom\u00e1ticamente se utiliza \u00fanicamente para identificar posibles casos de abuso y establecer estad\u00edsticas sobre el uso del sitio. Esta informaci\u00f3n estad\u00edstica no se agrega para identificar a un usuario espec\u00edfico del sistema.<\/p><p>Se le permite visitar el sitio sin revelar ninguna informaci\u00f3n que pueda identificarlo personalmente. Sin embargo, si desea utilizar algunas de las funciones del sitio, recibir boletines informativos o proporcionar otros detalles completando un formulario, es posible que deba proporcionarnos datos personales como correo electr\u00f3nico, nombre, apellido, ciudad de residencia, organizaci\u00f3n y n\u00famero de tel\u00e9fono. Puede optar por no proporcionar datos personales, sin embargo, en este caso no podr\u00e1 utilizar algunas funciones del sitio. Por ejemplo, no podr\u00e1 recibir nuestro bolet\u00edn informativo ni contactarnos directamente desde el sitio. Los usuarios que no sepan qu\u00e9 datos son obligatorios pueden contactar con nosotros en info@salpa.com.<\/p><h4>Tus derechos:<\/h4><p>Si eres residente de la Uni\u00f3n Europea, tienes los siguientes derechos respecto a tus datos personales:<\/p><ul><li>El derecho a ser informado.<\/li><li>El derecho de acceso.<\/li><li>El derecho a modificar.<\/li><li>El derecho de supresi\u00f3n.<\/li><li>Derecho a limitar el tratamiento.<\/li><li>El derecho a la portabilidad de los datos.<\/li><li>El derecho a oponerse.<\/li><li>El derecho en relaci\u00f3n con la toma de decisiones automatizada y la elaboraci\u00f3n de perfiles.<\/li><\/ul><p>Para ejercer estos derechos, comun\u00edquese con nosotros utilizando la informaci\u00f3n de contacto a continuaci\u00f3n.<\/p><p>Adem\u00e1s, si reside en la Uni\u00f3n Europea, procesamos su informaci\u00f3n para celebrar contratos con usted (por ejemplo, si realiza un pedido a trav\u00e9s del sitio) o, de otro modo, cumplir con nuestros intereses comerciales leg\u00edtimos establecidos anteriormente. Nuevamente, tenga en cuenta que la informaci\u00f3n puede transferirse fuera de Europa, incluidos Canad\u00e1 y Estados Unidos.<\/p><h4>Enlaces a otros sitios:<\/h4><p>Nuestro sitio puede contener enlaces a otros sitios que no son operados ni controlados por nosotros. Tenga en cuenta que no somos responsables de las pr\u00e1cticas de privacidad de otros sitios o terceros. Le recomendamos que est\u00e9 atento si abandona el sitio y que lea las declaraciones de privacidad de cada sitio que pueda recopilar informaci\u00f3n personal.<\/p><h4>Seguridad de informaci\u00f3n:<\/h4><p>Protegemos la informaci\u00f3n que usted proporciona en servidores inform\u00e1ticos controlados, un entorno seguro protegido del acceso, uso o divulgaci\u00f3n no autorizados. Mantenemos medidas de seguridad f\u00edsicas, t\u00e9cnicas y administrativas razonables para protegernos contra el acceso, uso, modificaci\u00f3n y divulgaci\u00f3n no autorizados de la informaci\u00f3n personal que mantenemos. Sin embargo, no se puede garantizar completamente que la transmisi\u00f3n de datos a trav\u00e9s de Internet o de una red inal\u00e1mbrica sea completamente segura.<\/p><h4>Aviso legal:<\/h4><p>Divulgaremos informaci\u00f3n recopilada, utilizada o recibida si la ley lo requiere o lo permite, como para cumplir con \u00f3rdenes judiciales o procesos legales similares, o si creemos de buena fe que la divulgaci\u00f3n es necesaria para proteger nuestros derechos, proteger su seguridad o la seguridad de otros, investigar fraudes o responder a solicitudes del gobierno.<\/p><h4>Datos de contacto:<\/h4><p>Para cualquier cuesti\u00f3n relacionada con derechos individuales o informaci\u00f3n personal, puede enviar un correo electr\u00f3nico a info@salpa.com.<\/p><\/div>\t\t\t\t\t\t\t\t<\/div>\n\t\t\t\t<\/div>\n\t\t\t\t\t<\/div>\n\t\t\t\t<\/div>\n\t\t\t\t<\/div>","protected":false},"excerpt":{"rendered":"<p>Politica sulla riservatezza Il sito Salpa.com \u00e8 di propriet\u00e0 di Nautica Salpa srl, titolare del trattamento dei Suoi dati personali. Abbiamo adottato questa politica sulla privacy, la quale determina il trattamento delle informazioni raccolte da Nautica Salpa, oltre che i motivi per raccolta di certi dati personali a Lei correlati. Pertanto, deve leggere questa politica [&hellip;]<\/p>\n","protected":false},"author":4,"featured_media":0,"parent":0,"menu_order":0,"comment_status":"closed","ping_status":"closed","template":"elementor_header_footer","meta":{"_acf_changed":false,"footnotes":""},"class_list":["post-1427","page","type-page","status-publish","hentry"],"acf":[],"yoast_head":"<!-- This site is optimized with the Yoast SEO plugin v27.4 - https:\/\/yoast.com\/product\/yoast-seo-wordpress\/ -->\n<title>Privacy Policy - Salpa Yachts<\/title>\n<meta name=\"description\" content=\"Politica sulla riservatezzaIl sito Salpa.com \u00e8 di propriet\u00e0 di Nautica Salpa srl, titolare del trattamento dei Suoi dati personali.Abbiamo adottato questa\" \/>\n<meta name=\"robots\" content=\"noindex, follow, max-snippet:-1, max-image-preview:large, max-video-preview:-1\" \/>\n<meta property=\"og:locale\" content=\"es_ES\" \/>\n<meta property=\"og:type\" content=\"article\" \/>\n<meta property=\"og:title\" content=\"Privacy Policy - Salpa Yachts\" \/>\n<meta property=\"og:description\" content=\"Politica sulla riservatezzaIl sito Salpa.com \u00e8 di propriet\u00e0 di Nautica Salpa srl, titolare del trattamento dei Suoi dati personali.Abbiamo adottato questa\" \/>\n<meta property=\"og:url\" content=\"https:\/\/staging2.salpa.com\/es\/politica-de-privacidad-2\/\" \/>\n<meta property=\"og:site_name\" content=\"Salpa Yachts\" \/>\n<meta property=\"article:publisher\" content=\"https:\/\/www.facebook.com\/nauticasalpa\" \/>\n<meta property=\"article:modified_time\" content=\"2023-11-29T12:01:28+00:00\" \/>\n<meta name=\"twitter:card\" content=\"summary_large_image\" \/>\n<meta name=\"twitter:label1\" content=\"Tiempo de lectura\" \/>\n\t<meta name=\"twitter:data1\" content=\"4 minutos\" \/>\n<script type=\"application\/ld+json\" class=\"yoast-schema-graph\">{\"@context\":\"https:\\\/\\\/schema.org\",\"@graph\":[{\"@type\":\"WebPage\",\"@id\":\"https:\\\/\\\/staging2.salpa.com\\\/privacy-policy-2\\\/\",\"url\":\"https:\\\/\\\/staging2.salpa.com\\\/privacy-policy-2\\\/\",\"name\":\"Privacy Policy - Salpa Yachts\",\"isPartOf\":{\"@id\":\"https:\\\/\\\/staging2.salpa.com\\\/#website\"},\"datePublished\":\"2023-11-29T11:55:01+00:00\",\"dateModified\":\"2023-11-29T12:01:28+00:00\",\"description\":\"Politica sulla riservatezzaIl sito Salpa.com \u00e8 di propriet\u00e0 di Nautica Salpa srl, titolare del trattamento dei Suoi dati personali.Abbiamo adottato questa\",\"breadcrumb\":{\"@id\":\"https:\\\/\\\/staging2.salpa.com\\\/privacy-policy-2\\\/#breadcrumb\"},\"inLanguage\":\"es\",\"potentialAction\":[{\"@type\":\"ReadAction\",\"target\":[\"https:\\\/\\\/staging2.salpa.com\\\/privacy-policy-2\\\/\"]}]},{\"@type\":\"BreadcrumbList\",\"@id\":\"https:\\\/\\\/staging2.salpa.com\\\/privacy-policy-2\\\/#breadcrumb\",\"itemListElement\":[{\"@type\":\"ListItem\",\"position\":1,\"name\":\"Home\",\"item\":\"https:\\\/\\\/staging2.salpa.com\\\/\"},{\"@type\":\"ListItem\",\"position\":2,\"name\":\"Privacy Policy\"}]},{\"@type\":\"WebSite\",\"@id\":\"https:\\\/\\\/staging2.salpa.com\\\/#website\",\"url\":\"https:\\\/\\\/staging2.salpa.com\\\/\",\"name\":\"Salpa Yachts\",\"description\":\"Naviga verso l&#039;avventura con Salpa Yachts!\",\"publisher\":{\"@id\":\"https:\\\/\\\/staging2.salpa.com\\\/#organization\"},\"alternateName\":\"Nautica Salpa srl\",\"potentialAction\":[{\"@type\":\"SearchAction\",\"target\":{\"@type\":\"EntryPoint\",\"urlTemplate\":\"https:\\\/\\\/staging2.salpa.com\\\/?s={search_term_string}\"},\"query-input\":{\"@type\":\"PropertyValueSpecification\",\"valueRequired\":true,\"valueName\":\"search_term_string\"}}],\"inLanguage\":\"es\"},{\"@type\":\"Organization\",\"@id\":\"https:\\\/\\\/staging2.salpa.com\\\/#organization\",\"name\":\"Salpa Yachts\",\"alternateName\":\"Nautica Salpa srl\",\"url\":\"https:\\\/\\\/staging2.salpa.com\\\/\",\"logo\":{\"@type\":\"ImageObject\",\"inLanguage\":\"es\",\"@id\":\"https:\\\/\\\/staging2.salpa.com\\\/#\\\/schema\\\/logo\\\/image\\\/\",\"url\":\"https:\\\/\\\/staging2.salpa.com\\\/wp-content\\\/uploads\\\/2023\\\/10\\\/logo-white.svg\",\"contentUrl\":\"https:\\\/\\\/staging2.salpa.com\\\/wp-content\\\/uploads\\\/2023\\\/10\\\/logo-white.svg\",\"caption\":\"Salpa Yachts\"},\"image\":{\"@id\":\"https:\\\/\\\/staging2.salpa.com\\\/#\\\/schema\\\/logo\\\/image\\\/\"},\"sameAs\":[\"https:\\\/\\\/www.facebook.com\\\/nauticasalpa\",\"https:\\\/\\\/www.instagram.com\\\/salpa_yachts\\\/\",\"https:\\\/\\\/www.youtube.com\\\/@SalpaYachts\"]}]}<\/script>\n<!-- \/ Yoast SEO plugin. -->","yoast_head_json":{"title":"Pol\u00edtica de Privacidad - Salpa Yates","description":"Pol\u00edtica de PrivacidadEl sitio Salpa.com es propiedad de Nautica Salpa srl, propietaria del procesamiento de sus datos personales. Hemos adoptado esta.","robots":{"index":"noindex","follow":"follow","max-snippet":"max-snippet:-1","max-image-preview":"max-image-preview:large","max-video-preview":"max-video-preview:-1"},"og_locale":"es_ES","og_type":"article","og_title":"Privacy Policy - Salpa Yachts","og_description":"Politica sulla riservatezzaIl sito Salpa.com \u00e8 di propriet\u00e0 di Nautica Salpa srl, titolare del trattamento dei Suoi dati personali.Abbiamo adottato questa","og_url":"https:\/\/staging2.salpa.com\/es\/politica-de-privacidad-2\/","og_site_name":"Salpa Yachts","article_publisher":"https:\/\/www.facebook.com\/nauticasalpa","article_modified_time":"2023-11-29T12:01:28+00:00","twitter_card":"summary_large_image","twitter_misc":{"Tiempo de lectura":"4 minutos"},"schema":{"@context":"https:\/\/schema.org","@graph":[{"@type":"WebPage","@id":"https:\/\/staging2.salpa.com\/privacy-policy-2\/","url":"https:\/\/staging2.salpa.com\/privacy-policy-2\/","name":"Pol\u00edtica de Privacidad - Salpa Yates","isPartOf":{"@id":"https:\/\/staging2.salpa.com\/#website"},"datePublished":"2023-11-29T11:55:01+00:00","dateModified":"2023-11-29T12:01:28+00:00","description":"Pol\u00edtica de PrivacidadEl sitio Salpa.com es propiedad de Nautica Salpa srl, propietaria del procesamiento de sus datos personales. Hemos adoptado esta.","breadcrumb":{"@id":"https:\/\/staging2.salpa.com\/privacy-policy-2\/#breadcrumb"},"inLanguage":"es","potentialAction":[{"@type":"ReadAction","target":["https:\/\/staging2.salpa.com\/privacy-policy-2\/"]}]},{"@type":"BreadcrumbList","@id":"https:\/\/staging2.salpa.com\/privacy-policy-2\/#breadcrumb","itemListElement":[{"@type":"ListItem","position":1,"name":"Home","item":"https:\/\/staging2.salpa.com\/"},{"@type":"ListItem","position":2,"name":"Privacy Policy"}]},{"@type":"WebSite","@id":"https:\/\/staging2.salpa.com\/#website","url":"https:\/\/staging2.salpa.com\/","name":"Yates Salpa","description":"\u00a1Navega hacia la aventura con Salpa Yachts!","publisher":{"@id":"https:\/\/staging2.salpa.com\/#organization"},"alternateName":"Nautica Salpa srl","potentialAction":[{"@type":"SearchAction","target":{"@type":"EntryPoint","urlTemplate":"https:\/\/staging2.salpa.com\/?s={search_term_string}"},"query-input":{"@type":"PropertyValueSpecification","valueRequired":true,"valueName":"search_term_string"}}],"inLanguage":"es"},{"@type":"Organization","@id":"https:\/\/staging2.salpa.com\/#organization","name":"Yates Salpa","alternateName":"Nautica Salpa srl","url":"https:\/\/staging2.salpa.com\/","logo":{"@type":"ImageObject","inLanguage":"es","@id":"https:\/\/staging2.salpa.com\/#\/schema\/logo\/image\/","url":"https:\/\/staging2.salpa.com\/wp-content\/uploads\/2023\/10\/logo-white.svg","contentUrl":"https:\/\/staging2.salpa.com\/wp-content\/uploads\/2023\/10\/logo-white.svg","caption":"Salpa Yachts"},"image":{"@id":"https:\/\/staging2.salpa.com\/#\/schema\/logo\/image\/"},"sameAs":["https:\/\/www.facebook.com\/nauticasalpa","https:\/\/www.instagram.com\/salpa_yachts\/","https:\/\/www.youtube.com\/@SalpaYachts"]}]}},"_links":{"self":[{"href":"https:\/\/staging2.salpa.com\/es\/wp-json\/wp\/v2\/pages\/1427","targetHints":{"allow":["GET"]}}],"collection":[{"href":"https:\/\/staging2.salpa.com\/es\/wp-json\/wp\/v2\/pages"}],"about":[{"href":"https:\/\/staging2.salpa.com\/es\/wp-json\/wp\/v2\/types\/page"}],"author":[{"embeddable":true,"href":"https:\/\/staging2.salpa.com\/es\/wp-json\/wp\/v2\/users\/4"}],"replies":[{"embeddable":true,"href":"https:\/\/staging2.salpa.com\/es\/wp-json\/wp\/v2\/comments?post=1427"}],"version-history":[{"count":7,"href":"https:\/\/staging2.salpa.com\/es\/wp-json\/wp\/v2\/pages\/1427\/revisions"}],"predecessor-version":[{"id":1435,"href":"https:\/\/staging2.salpa.com\/es\/wp-json\/wp\/v2\/pages\/1427\/revisions\/1435"}],"wp:attachment":[{"href":"https:\/\/staging2.salpa.com\/es\/wp-json\/wp\/v2\/media?parent=1427"}],"curies":[{"name":"wp","href":"https:\/\/api.w.org\/{rel}","templated":true}]}}