{"id":1427,"date":"2023-11-29T11:55:01","date_gmt":"2023-11-29T11:55:01","guid":{"rendered":"https:\/\/staging.salpa.com\/?page_id=1427"},"modified":"2023-11-29T12:01:28","modified_gmt":"2023-11-29T12:01:28","slug":"politique-de-confidentialite-2","status":"publish","type":"page","link":"https:\/\/staging2.salpa.com\/fr\/politique-de-confidentialite-2\/","title":{"rendered":"politique de confidentialit\u00e9"},"content":{"rendered":"<div data-elementor-type=\"wp-page\" data-elementor-id=\"1427\" class=\"elementor elementor-1427\" data-elementor-post-type=\"page\">\n\t\t\t\t<div class=\"elementor-element elementor-element-4e9a444 e-flex e-con-boxed e-con e-parent\" data-id=\"4e9a444\" data-element_type=\"container\" data-e-type=\"container\">\n\t\t\t\t\t<div class=\"e-con-inner\">\n\t\t\t\t<div class=\"elementor-element elementor-element-67d400b elementor-widget elementor-widget-text-editor\" data-id=\"67d400b\" data-element_type=\"widget\" data-e-type=\"widget\" data-widget_type=\"text-editor.default\">\n\t\t\t\t<div class=\"elementor-widget-container\">\n\t\t\t\t\t\t\t\t\t<div class=\"results__agreement-preview\" data-v-11b4eedd=\"\" data-v-164ff72a=\"\"><h4>politique de confidentialit\u00e9<\/h4><p>Le site Salpa.com est la propri\u00e9t\u00e9 de Nautica Salpa srl, propri\u00e9taire du traitement de vos donn\u00e9es personnelles.<\/p><p>Nous avons adopt\u00e9 cette politique de confidentialit\u00e9, qui d\u00e9termine le traitement des informations collect\u00e9es par Nautica Salpa, ainsi que les raisons de la collecte de certaines donn\u00e9es personnelles vous concernant. Par cons\u00e9quent, vous devez lire cette politique de confidentialit\u00e9 avant d\u2019utiliser le site Web Nautica Salpa.<\/p><p>Nous traitons vos donn\u00e9es personnelles et garantissons leur confidentialit\u00e9 et leur s\u00e9curit\u00e9.<\/p><h4>Informations personnelles collect\u00e9es :<\/h4><p>Lorsque vous visitez Nautica Salpa, nous collectons automatiquement certaines informations sur votre appareil, notamment des informations sur votre navigateur Web, votre adresse IP, votre fuseau horaire et les cookies install\u00e9s sur votre appareil. De plus, lorsque vous naviguez sur le site, nous collectons des informations sur les pages Web ou les produits que vous consultez, les sites Web ou les termes de recherche auxquels vous faites r\u00e9f\u00e9rence sur le site et sur la mani\u00e8re dont vous interagissez avec le site. Nous appelons ces informations collect\u00e9es automatiquement \u00ab informations sur l\u2019appareil \u00bb. De plus, nous pouvons collecter les donn\u00e9es personnelles que vous nous fournissez (y compris, sans limitation, pr\u00e9nom, nom, adresse, informations de paiement, etc.) lors de l&#039;inscription pour remplir l&#039;accord.<\/p><h4>Pourquoi traitons-nous les donn\u00e9es ?<\/h4><p>La s\u00e9curit\u00e9 des donn\u00e9es clients est notre priorit\u00e9, c&#039;est pourquoi nous traitons uniquement les donn\u00e9es utilisateurs strictement n\u00e9cessaires au fonctionnement du site. Les informations collect\u00e9es automatiquement servent uniquement \u00e0 identifier les cas potentiels d&#039;abus et \u00e0 \u00e9tablir des statistiques sur l&#039;utilisation du site. Ces informations statistiques ne sont pas agr\u00e9g\u00e9es pour identifier un utilisateur sp\u00e9cifique du syst\u00e8me.<\/p><p>Vous \u00eates autoris\u00e9 \u00e0 visiter le site sans r\u00e9v\u00e9ler aucune information permettant de vous identifier personnellement. Si toutefois vous souhaitez utiliser certaines fonctionnalit\u00e9s du site, ou souhaitez recevoir des newsletters ou fournir d&#039;autres informations en remplissant un formulaire, vous devrez peut-\u00eatre nous fournir des donn\u00e9es personnelles telles que email, pr\u00e9nom, nom, ville de r\u00e9sidence, organisation et num\u00e9ro de t\u00e9l\u00e9phone. Vous pouvez choisir de ne pas fournir de donn\u00e9es personnelles, cependant dans ce cas vous ne pourrez pas utiliser certaines fonctions du site. Par exemple, vous ne pourrez pas recevoir notre newsletter ni nous contacter directement depuis le site. Les utilisateurs qui ne savent pas quelles informations sont obligatoires peuvent nous contacter \u00e0 info@salpa.com.<\/p><h4>Tes droits:<\/h4><p>Si vous \u00eates r\u00e9sident de l&#039;Union europ\u00e9enne, vous disposez des droits suivants concernant vos donn\u00e9es personnelles :<\/p><ul><li>Le droit d\u2019\u00eatre inform\u00e9.<\/li><li>Le droit d\u2019acc\u00e8s.<\/li><li>Le droit de modifier.<\/li><li>Le droit de suppression.<\/li><li>Le droit de limiter le traitement.<\/li><li>Le droit \u00e0 la portabilit\u00e9 des donn\u00e9es.<\/li><li>Le droit de s&#039;opposer.<\/li><li>Le droit en mati\u00e8re de prise de d\u00e9cision automatis\u00e9e et de profilage.<\/li><\/ul><p>Pour exercer ces droits, veuillez nous contacter aux coordonn\u00e9es ci-dessous.<\/p><p>De plus, si vous r\u00e9sidez dans l&#039;Union europ\u00e9enne, nous traitons vos informations afin de conclure des contrats avec vous (par exemple, si vous commandez via le site), ou de r\u00e9pondre de toute autre mani\u00e8re \u00e0 nos int\u00e9r\u00eats commerciaux l\u00e9gitimes \u00e9nonc\u00e9s ci-dessus. Encore une fois, veuillez noter que les informations peuvent \u00eatre transf\u00e9r\u00e9es hors d&#039;Europe, notamment vers le Canada et les \u00c9tats-Unis.<\/p><h4>Liens vers d&#039;autres sites :<\/h4><p>Notre site peut contenir des liens vers d&#039;autres sites qui ne sont pas exploit\u00e9s ou contr\u00f4l\u00e9s par nous. Veuillez noter que nous ne sommes pas responsables des pratiques de confidentialit\u00e9 d&#039;autres sites ou de tiers. Nous vous encourageons \u00e0 \u00eatre vigilant si vous quittez le site et \u00e0 lire les d\u00e9clarations de confidentialit\u00e9 de chaque site susceptible de collecter des informations personnelles.<\/p><h4>S\u00e9curit\u00e9 des informations\u00a0:<\/h4><p>Nous s\u00e9curisons les informations que vous fournissez sur des serveurs informatiques contr\u00f4l\u00e9s, un environnement s\u00e9curis\u00e9 prot\u00e9g\u00e9 contre tout acc\u00e8s, utilisation ou divulgation non autoris\u00e9s. Nous maintenons des mesures de protection physiques, techniques et administratives raisonnables pour nous prot\u00e9ger contre l&#039;acc\u00e8s, l&#039;utilisation, la modification et la divulgation non autoris\u00e9s des informations personnelles que nous conservons. N\u00e9anmoins, aucune transmission de donn\u00e9es sur Internet ou un r\u00e9seau sans fil ne peut \u00eatre totalement garantie comme \u00e9tant s\u00e9curis\u00e9e.<\/p><h4>Avertissement l\u00e9gal\u00a0:<\/h4><p>Nous divulguerons les informations collect\u00e9es, utilis\u00e9es ou re\u00e7ues si la loi l&#039;exige ou le permet, par exemple pour nous conformer \u00e0 des ordonnances du tribunal ou \u00e0 une proc\u00e9dure judiciaire similaire, ou si nous croyons de bonne foi que la divulgation est n\u00e9cessaire pour prot\u00e9ger nos droits, prot\u00e9ger votre s\u00e9curit\u00e9 ou celle de d\u2019autrui, enqu\u00eater sur une fraude ou r\u00e9pondre aux demandes du gouvernement.<\/p><h4>Informations de contact:<\/h4><p>Pour toute question relative aux droits individuels ou aux informations personnelles, vous pouvez envoyer un e-mail \u00e0 info@salpa.com.<\/p><\/div>\t\t\t\t\t\t\t\t<\/div>\n\t\t\t\t<\/div>\n\t\t\t\t\t<\/div>\n\t\t\t\t<\/div>\n\t\t\t\t<\/div>","protected":false},"excerpt":{"rendered":"<p>Politica sulla riservatezza Il sito Salpa.com \u00e8 di propriet\u00e0 di Nautica Salpa srl, titolare del trattamento dei Suoi dati personali. Abbiamo adottato questa politica sulla privacy, la quale determina il trattamento delle informazioni raccolte da Nautica Salpa, oltre che i motivi per raccolta di certi dati personali a Lei correlati. Pertanto, deve leggere questa politica [&hellip;]<\/p>\n","protected":false},"author":4,"featured_media":0,"parent":0,"menu_order":0,"comment_status":"closed","ping_status":"closed","template":"elementor_header_footer","meta":{"_acf_changed":false,"footnotes":""},"class_list":["post-1427","page","type-page","status-publish","hentry"],"acf":[],"yoast_head":"<!-- This site is optimized with the Yoast SEO plugin v27.4 - https:\/\/yoast.com\/product\/yoast-seo-wordpress\/ -->\n<title>Privacy Policy - Salpa Yachts<\/title>\n<meta name=\"description\" content=\"Politica sulla riservatezzaIl sito Salpa.com \u00e8 di propriet\u00e0 di Nautica Salpa srl, titolare del trattamento dei Suoi dati personali.Abbiamo adottato questa\" \/>\n<meta name=\"robots\" content=\"noindex, follow, max-snippet:-1, max-image-preview:large, max-video-preview:-1\" \/>\n<meta property=\"og:locale\" content=\"fr_FR\" \/>\n<meta property=\"og:type\" content=\"article\" \/>\n<meta property=\"og:title\" content=\"Privacy Policy - Salpa Yachts\" \/>\n<meta property=\"og:description\" content=\"Politica sulla riservatezzaIl sito Salpa.com \u00e8 di propriet\u00e0 di Nautica Salpa srl, titolare del trattamento dei Suoi dati personali.Abbiamo adottato questa\" \/>\n<meta property=\"og:url\" content=\"https:\/\/staging2.salpa.com\/fr\/politique-de-confidentialite-2\/\" \/>\n<meta property=\"og:site_name\" content=\"Salpa Yachts\" \/>\n<meta property=\"article:publisher\" content=\"https:\/\/www.facebook.com\/nauticasalpa\" \/>\n<meta property=\"article:modified_time\" content=\"2023-11-29T12:01:28+00:00\" \/>\n<meta name=\"twitter:card\" content=\"summary_large_image\" \/>\n<meta name=\"twitter:label1\" content=\"Dur\u00e9e de lecture estim\u00e9e\" \/>\n\t<meta name=\"twitter:data1\" content=\"4 minutes\" \/>\n<script type=\"application\/ld+json\" class=\"yoast-schema-graph\">{\"@context\":\"https:\\\/\\\/schema.org\",\"@graph\":[{\"@type\":\"WebPage\",\"@id\":\"https:\\\/\\\/staging2.salpa.com\\\/privacy-policy-2\\\/\",\"url\":\"https:\\\/\\\/staging2.salpa.com\\\/privacy-policy-2\\\/\",\"name\":\"Privacy Policy - Salpa Yachts\",\"isPartOf\":{\"@id\":\"https:\\\/\\\/staging2.salpa.com\\\/#website\"},\"datePublished\":\"2023-11-29T11:55:01+00:00\",\"dateModified\":\"2023-11-29T12:01:28+00:00\",\"description\":\"Politica sulla riservatezzaIl sito Salpa.com \u00e8 di propriet\u00e0 di Nautica Salpa srl, titolare del trattamento dei Suoi dati personali.Abbiamo adottato questa\",\"breadcrumb\":{\"@id\":\"https:\\\/\\\/staging2.salpa.com\\\/privacy-policy-2\\\/#breadcrumb\"},\"inLanguage\":\"fr-FR\",\"potentialAction\":[{\"@type\":\"ReadAction\",\"target\":[\"https:\\\/\\\/staging2.salpa.com\\\/privacy-policy-2\\\/\"]}]},{\"@type\":\"BreadcrumbList\",\"@id\":\"https:\\\/\\\/staging2.salpa.com\\\/privacy-policy-2\\\/#breadcrumb\",\"itemListElement\":[{\"@type\":\"ListItem\",\"position\":1,\"name\":\"Home\",\"item\":\"https:\\\/\\\/staging2.salpa.com\\\/\"},{\"@type\":\"ListItem\",\"position\":2,\"name\":\"Privacy Policy\"}]},{\"@type\":\"WebSite\",\"@id\":\"https:\\\/\\\/staging2.salpa.com\\\/#website\",\"url\":\"https:\\\/\\\/staging2.salpa.com\\\/\",\"name\":\"Salpa Yachts\",\"description\":\"Naviga verso l&#039;avventura con Salpa Yachts!\",\"publisher\":{\"@id\":\"https:\\\/\\\/staging2.salpa.com\\\/#organization\"},\"alternateName\":\"Nautica Salpa srl\",\"potentialAction\":[{\"@type\":\"SearchAction\",\"target\":{\"@type\":\"EntryPoint\",\"urlTemplate\":\"https:\\\/\\\/staging2.salpa.com\\\/?s={search_term_string}\"},\"query-input\":{\"@type\":\"PropertyValueSpecification\",\"valueRequired\":true,\"valueName\":\"search_term_string\"}}],\"inLanguage\":\"fr-FR\"},{\"@type\":\"Organization\",\"@id\":\"https:\\\/\\\/staging2.salpa.com\\\/#organization\",\"name\":\"Salpa Yachts\",\"alternateName\":\"Nautica Salpa srl\",\"url\":\"https:\\\/\\\/staging2.salpa.com\\\/\",\"logo\":{\"@type\":\"ImageObject\",\"inLanguage\":\"fr-FR\",\"@id\":\"https:\\\/\\\/staging2.salpa.com\\\/#\\\/schema\\\/logo\\\/image\\\/\",\"url\":\"https:\\\/\\\/staging2.salpa.com\\\/wp-content\\\/uploads\\\/2023\\\/10\\\/logo-white.svg\",\"contentUrl\":\"https:\\\/\\\/staging2.salpa.com\\\/wp-content\\\/uploads\\\/2023\\\/10\\\/logo-white.svg\",\"caption\":\"Salpa Yachts\"},\"image\":{\"@id\":\"https:\\\/\\\/staging2.salpa.com\\\/#\\\/schema\\\/logo\\\/image\\\/\"},\"sameAs\":[\"https:\\\/\\\/www.facebook.com\\\/nauticasalpa\",\"https:\\\/\\\/www.instagram.com\\\/salpa_yachts\\\/\",\"https:\\\/\\\/www.youtube.com\\\/@SalpaYachts\"]}]}<\/script>\n<!-- \/ Yoast SEO plugin. -->","yoast_head_json":{"title":"Politique de confidentialit\u00e9 - Salpa Yachts","description":"Politique de confidentialit\u00e9Le site Salpa.com appartient \u00e0 Nautica Salpa srl, propri\u00e9taire du traitement de vos donn\u00e9es personnelles. Nous l&#039;avons adopt\u00e9.","robots":{"index":"noindex","follow":"follow","max-snippet":"max-snippet:-1","max-image-preview":"max-image-preview:large","max-video-preview":"max-video-preview:-1"},"og_locale":"fr_FR","og_type":"article","og_title":"Privacy Policy - Salpa Yachts","og_description":"Politica sulla riservatezzaIl sito Salpa.com \u00e8 di propriet\u00e0 di Nautica Salpa srl, titolare del trattamento dei Suoi dati personali.Abbiamo adottato questa","og_url":"https:\/\/staging2.salpa.com\/fr\/politique-de-confidentialite-2\/","og_site_name":"Salpa Yachts","article_publisher":"https:\/\/www.facebook.com\/nauticasalpa","article_modified_time":"2023-11-29T12:01:28+00:00","twitter_card":"summary_large_image","twitter_misc":{"Dur\u00e9e de lecture estim\u00e9e":"4 minutes"},"schema":{"@context":"https:\/\/schema.org","@graph":[{"@type":"WebPage","@id":"https:\/\/staging2.salpa.com\/privacy-policy-2\/","url":"https:\/\/staging2.salpa.com\/privacy-policy-2\/","name":"Politique de confidentialit\u00e9 - Salpa Yachts","isPartOf":{"@id":"https:\/\/staging2.salpa.com\/#website"},"datePublished":"2023-11-29T11:55:01+00:00","dateModified":"2023-11-29T12:01:28+00:00","description":"Politique de confidentialit\u00e9Le site Salpa.com appartient \u00e0 Nautica Salpa srl, propri\u00e9taire du traitement de vos donn\u00e9es personnelles. Nous l&#039;avons adopt\u00e9.","breadcrumb":{"@id":"https:\/\/staging2.salpa.com\/privacy-policy-2\/#breadcrumb"},"inLanguage":"fr-FR","potentialAction":[{"@type":"ReadAction","target":["https:\/\/staging2.salpa.com\/privacy-policy-2\/"]}]},{"@type":"BreadcrumbList","@id":"https:\/\/staging2.salpa.com\/privacy-policy-2\/#breadcrumb","itemListElement":[{"@type":"ListItem","position":1,"name":"Home","item":"https:\/\/staging2.salpa.com\/"},{"@type":"ListItem","position":2,"name":"Privacy Policy"}]},{"@type":"WebSite","@id":"https:\/\/staging2.salpa.com\/#website","url":"https:\/\/staging2.salpa.com\/","name":"Salpa Yachts","description":"Naviguez vers l&#039;aventure avec Salpa Yachts !","publisher":{"@id":"https:\/\/staging2.salpa.com\/#organization"},"alternateName":"Nautica Salpa srl","potentialAction":[{"@type":"SearchAction","target":{"@type":"EntryPoint","urlTemplate":"https:\/\/staging2.salpa.com\/?s={search_term_string}"},"query-input":{"@type":"PropertyValueSpecification","valueRequired":true,"valueName":"search_term_string"}}],"inLanguage":"fr-FR"},{"@type":"Organization","@id":"https:\/\/staging2.salpa.com\/#organization","name":"Salpa Yachts","alternateName":"Nautica Salpa srl","url":"https:\/\/staging2.salpa.com\/","logo":{"@type":"ImageObject","inLanguage":"fr-FR","@id":"https:\/\/staging2.salpa.com\/#\/schema\/logo\/image\/","url":"https:\/\/staging2.salpa.com\/wp-content\/uploads\/2023\/10\/logo-white.svg","contentUrl":"https:\/\/staging2.salpa.com\/wp-content\/uploads\/2023\/10\/logo-white.svg","caption":"Salpa Yachts"},"image":{"@id":"https:\/\/staging2.salpa.com\/#\/schema\/logo\/image\/"},"sameAs":["https:\/\/www.facebook.com\/nauticasalpa","https:\/\/www.instagram.com\/salpa_yachts\/","https:\/\/www.youtube.com\/@SalpaYachts"]}]}},"_links":{"self":[{"href":"https:\/\/staging2.salpa.com\/fr\/wp-json\/wp\/v2\/pages\/1427","targetHints":{"allow":["GET"]}}],"collection":[{"href":"https:\/\/staging2.salpa.com\/fr\/wp-json\/wp\/v2\/pages"}],"about":[{"href":"https:\/\/staging2.salpa.com\/fr\/wp-json\/wp\/v2\/types\/page"}],"author":[{"embeddable":true,"href":"https:\/\/staging2.salpa.com\/fr\/wp-json\/wp\/v2\/users\/4"}],"replies":[{"embeddable":true,"href":"https:\/\/staging2.salpa.com\/fr\/wp-json\/wp\/v2\/comments?post=1427"}],"version-history":[{"count":7,"href":"https:\/\/staging2.salpa.com\/fr\/wp-json\/wp\/v2\/pages\/1427\/revisions"}],"predecessor-version":[{"id":1435,"href":"https:\/\/staging2.salpa.com\/fr\/wp-json\/wp\/v2\/pages\/1427\/revisions\/1435"}],"wp:attachment":[{"href":"https:\/\/staging2.salpa.com\/fr\/wp-json\/wp\/v2\/media?parent=1427"}],"curies":[{"name":"wp","href":"https:\/\/api.w.org\/{rel}","templated":true}]}}