{"id":166,"date":"2023-10-15T11:10:50","date_gmt":"2023-10-15T11:10:50","guid":{"rendered":"https:\/\/staging.salpa.com\/?page_id=166"},"modified":"2024-03-28T12:19:15","modified_gmt":"2024-03-28T11:19:15","slug":"chantier","status":"publish","type":"page","link":"https:\/\/staging2.salpa.com\/fr\/chantier\/","title":{"rendered":"Chantier"},"content":{"rendered":"<div data-elementor-type=\"wp-page\" data-elementor-id=\"166\" class=\"elementor elementor-166\" data-elementor-post-type=\"page\">\n\t\t\t\t<div class=\"elementor-element elementor-element-e4d63fb e-con-full e-flex e-con e-parent\" data-id=\"e4d63fb\" data-element_type=\"container\" data-e-type=\"container\" data-settings=\"{&quot;background_background&quot;:&quot;video&quot;,&quot;background_video_link&quot;:&quot;\\\/wp-content\\\/uploads\\\/2023\\\/11\\\/cantiere-bw-2.mp4&quot;,&quot;background_video_start&quot;:0,&quot;background_play_on_mobile&quot;:&quot;yes&quot;,&quot;background_privacy_mode&quot;:&quot;yes&quot;}\">\n\t\t<div class=\"elementor-background-video-container\">\n\t\t\t\t\t\t\t<video class=\"elementor-background-video-hosted\" role=\"presentation\" autoplay muted playsinline loop><\/video>\n\t\t\t\t\t<\/div>\t\t<\/div>\n\t\t<div class=\"elementor-element elementor-element-78cd77c e-flex e-con-boxed e-con e-parent\" data-id=\"78cd77c\" data-element_type=\"container\" data-e-type=\"container\">\n\t\t\t\t\t<div class=\"e-con-inner\">\n\t\t\t\t<div class=\"elementor-element elementor-element-c1a2bf1 elementor-widget elementor-widget-spacer\" data-id=\"c1a2bf1\" data-element_type=\"widget\" data-e-type=\"widget\" data-widget_type=\"spacer.default\">\n\t\t\t\t<div class=\"elementor-widget-container\">\n\t\t\t\t\t\t\t<div class=\"elementor-spacer\">\n\t\t\t<div class=\"elementor-spacer-inner\"><\/div>\n\t\t<\/div>\n\t\t\t\t\t\t<\/div>\n\t\t\t\t<\/div>\n\t\t\t\t<div class=\"elementor-element elementor-element-648a707 elementor-widget elementor-widget-heading\" data-id=\"648a707\" data-element_type=\"widget\" data-e-type=\"widget\" data-widget_type=\"heading.default\">\n\t\t\t\t<div class=\"elementor-widget-container\">\n\t\t\t\t\t<h2 class=\"elementor-heading-title elementor-size-default\">Plus de quarante ans d&#039;exp\u00e9rience dans le secteur<\/h2>\t\t\t\t<\/div>\n\t\t\t\t<\/div>\n\t\t\t\t<div class=\"elementor-element elementor-element-111f392 elementor-widget-divider--separator-type-pattern elementor-widget-divider--view-line elementor-widget elementor-widget-divider\" data-id=\"111f392\" data-element_type=\"widget\" data-e-type=\"widget\" data-widget_type=\"divider.default\">\n\t\t\t\t<div class=\"elementor-widget-container\">\n\t\t\t\t\t\t\t<div class=\"elementor-divider\" style=\"--divider-pattern-url: url(&quot;data:image\/svg+xml,%3Csvg xmlns=&#039;http:\/\/www.w3.org\/2000\/svg&#039; preserveAspectRatio=&#039;none&#039; overflow=&#039;visible&#039; height=&#039;100%&#039; viewBox=&#039;0 0 24 24&#039; fill=&#039;none&#039; stroke=&#039;black&#039; stroke-width=&#039;1&#039; stroke-linecap=&#039;square&#039; stroke-miterlimit=&#039;10&#039;%3E%3Cpath d=&#039;M0,6c6,0,0.9,11.1,6.9,11.1S18,6,24,6&#039;\/%3E%3C\/svg%3E&quot;);\">\n\t\t\t<span class=\"elementor-divider-separator\">\n\t\t\t\t\t\t<\/span>\n\t\t<\/div>\n\t\t\t\t\t\t<\/div>\n\t\t\t\t<\/div>\n\t\t\t\t<div class=\"elementor-element elementor-element-75d96cd elementor-widget__width-initial elementor-widget elementor-widget-text-editor\" data-id=\"75d96cd\" data-element_type=\"widget\" data-e-type=\"widget\" data-widget_type=\"text-editor.default\">\n\t\t\t\t<div class=\"elementor-widget-container\">\n\t\t\t\t\t\t\t\t\t<p>Nautica Salpa a \u00e9t\u00e9 fond\u00e9e en 1984, rassemblant l&#039;exp\u00e9rience acquise pendant quarante ans par Antonio et Enza Pane dans le secteur des bateaux de plaisance.<\/p><p>Le dynamisme entrepreneurial et l&#039;innovation technologique sont les \u00e9l\u00e9ments qui ont toujours caract\u00e9ris\u00e9 l&#039;activit\u00e9 de l&#039;entreprise, d\u00e9terminant rapidement son succ\u00e8s sur le march\u00e9 avec des bateaux de haut niveau de qualit\u00e9 et technologique.<\/p>\t\t\t\t\t\t\t\t<\/div>\n\t\t\t\t<\/div>\n\t\t\t\t<div class=\"elementor-element elementor-element-d9ae4ba elementor-widget elementor-widget-spacer\" data-id=\"d9ae4ba\" data-element_type=\"widget\" data-e-type=\"widget\" data-widget_type=\"spacer.default\">\n\t\t\t\t<div class=\"elementor-widget-container\">\n\t\t\t\t\t\t\t<div class=\"elementor-spacer\">\n\t\t\t<div class=\"elementor-spacer-inner\"><\/div>\n\t\t<\/div>\n\t\t\t\t\t\t<\/div>\n\t\t\t\t<\/div>\n\t\t\t\t\t<\/div>\n\t\t\t\t<\/div>\n\t\t<div class=\"elementor-element elementor-element-a15ebe1 e-con-full e-flex e-con e-parent\" data-id=\"a15ebe1\" data-element_type=\"container\" data-e-type=\"container\" data-settings=\"{&quot;background_background&quot;:&quot;classic&quot;}\">\n\t\t<div class=\"elementor-element elementor-element-23f7687 e-con-full e-flex e-con e-child\" data-id=\"23f7687\" data-element_type=\"container\" data-e-type=\"container\" data-settings=\"{&quot;background_background&quot;:&quot;classic&quot;}\">\n\t\t\t\t<\/div>\n\t\t<div class=\"elementor-element elementor-element-7996e5b e-con-full e-flex e-con e-child\" data-id=\"7996e5b\" data-element_type=\"container\" data-e-type=\"container\">\n\t\t\t\t<div class=\"elementor-element elementor-element-b09c04f elementor-widget elementor-widget-heading\" data-id=\"b09c04f\" data-element_type=\"widget\" data-e-type=\"widget\" data-widget_type=\"heading.default\">\n\t\t\t\t<div class=\"elementor-widget-container\">\n\t\t\t\t\t<h5 class=\"elementor-heading-title elementor-size-default\">Technologies innovantes d\u00e9riv\u00e9es de l\u2019a\u00e9ronautique <\/h5>\t\t\t\t<\/div>\n\t\t\t\t<\/div>\n\t\t\t\t<div class=\"elementor-element elementor-element-bbcdc51 elementor-widget elementor-widget-text-editor\" data-id=\"bbcdc51\" data-element_type=\"widget\" data-e-type=\"widget\" data-widget_type=\"text-editor.default\">\n\t\t\t\t<div class=\"elementor-widget-container\">\n\t\t\t\t\t\t\t\t\t<p>Appliqu\u00e9 largement pour la premi\u00e8re fois dans le secteur de la navigation de plaisance.<\/p><p>Cela nous a permis d&#039;obtenir de superbes qualit\u00e9s de navigabilit\u00e9, une excellente maniabilit\u00e9, de meilleures performances, une plus grande r\u00e9sistance structurelle, un poids r\u00e9duit et une consommation r\u00e9duite.<\/p>\t\t\t\t\t\t\t\t<\/div>\n\t\t\t\t<\/div>\n\t\t\t\t<\/div>\n\t\t\t\t<\/div>\n\t\t<div class=\"elementor-element elementor-element-ce208b4 e-con-full e-flex e-con e-parent\" data-id=\"ce208b4\" data-element_type=\"container\" data-e-type=\"container\" data-settings=\"{&quot;background_background&quot;:&quot;classic&quot;}\">\n\t\t<div class=\"elementor-element elementor-element-bb85e75 e-con-full e-flex e-con e-child\" data-id=\"bb85e75\" data-element_type=\"container\" data-e-type=\"container\">\n\t\t\t\t<div class=\"elementor-element elementor-element-837119b elementor-widget elementor-widget-heading\" data-id=\"837119b\" data-element_type=\"widget\" data-e-type=\"widget\" data-widget_type=\"heading.default\">\n\t\t\t\t<div class=\"elementor-widget-container\">\n\t\t\t\t\t<h5 class=\"elementor-heading-title elementor-size-default\">Prise en charge de l&#039;ensemble du cycle de production <\/h5>\t\t\t\t<\/div>\n\t\t\t\t<\/div>\n\t\t\t\t<div class=\"elementor-element elementor-element-234904b elementor-widget elementor-widget-text-editor\" data-id=\"234904b\" data-element_type=\"widget\" data-e-type=\"widget\" data-widget_type=\"text-editor.default\">\n\t\t\t\t<div class=\"elementor-widget-container\">\n\t\t\t\t\t\t\t\t\t<p>Le r\u00e9sultat d\u2019une politique prudente d\u2019investissement et de recherche qui nous a permis d\u2019obtenir l\u2019optimisation de toutes les phases du processus de production.<\/p><p>Les technologies de production les plus avanc\u00e9es nous permettent de nous occuper de tout, du d\u00e9veloppement de la conception aux tests en r\u00e9servoir.<\/p>\t\t\t\t\t\t\t\t<\/div>\n\t\t\t\t<\/div>\n\t\t\t\t<\/div>\n\t\t<div class=\"elementor-element elementor-element-0fc593b e-con-full e-flex e-con e-child\" data-id=\"0fc593b\" data-element_type=\"container\" data-e-type=\"container\" data-settings=\"{&quot;background_background&quot;:&quot;classic&quot;}\">\n\t\t\t\t<\/div>\n\t\t\t\t<\/div>\n\t\t<div class=\"elementor-element elementor-element-18a76a5 e-con-full e-flex e-con e-parent\" data-id=\"18a76a5\" data-element_type=\"container\" data-e-type=\"container\" data-settings=\"{&quot;background_background&quot;:&quot;classic&quot;}\">\n\t\t<div class=\"elementor-element elementor-element-d59d097 e-con-full e-flex e-con e-child\" data-id=\"d59d097\" data-element_type=\"container\" data-e-type=\"container\" data-settings=\"{&quot;background_background&quot;:&quot;classic&quot;}\">\n\t\t\t\t<\/div>\n\t\t<div class=\"elementor-element elementor-element-0dd1e79 e-con-full e-flex e-con e-child\" data-id=\"0dd1e79\" data-element_type=\"container\" data-e-type=\"container\">\n\t\t\t\t<div class=\"elementor-element elementor-element-741dffd elementor-widget elementor-widget-heading\" data-id=\"741dffd\" data-element_type=\"widget\" data-e-type=\"widget\" data-widget_type=\"heading.default\">\n\t\t\t\t<div class=\"elementor-widget-container\">\n\t\t\t\t\t<h5 class=\"elementor-heading-title elementor-size-default\">Planification minutieuse et recherche qualitative <\/h5>\t\t\t\t<\/div>\n\t\t\t\t<\/div>\n\t\t\t\t<div class=\"elementor-element elementor-element-b193b55 elementor-widget elementor-widget-text-editor\" data-id=\"b193b55\" data-element_type=\"widget\" data-e-type=\"widget\" data-widget_type=\"text-editor.default\">\n\t\t\t\t<div class=\"elementor-widget-container\">\n\t\t\t\t\t\t\t\t\t<p>Les bateaux sont n\u00e9s d&#039;une conception rigoureuse obtenue gr\u00e2ce \u00e0 l&#039;utilisation de logiciels d&#039;application sophistiqu\u00e9s et d&#039;une recherche continue de tendances de style.<\/p><p>Notre gamme de bateaux est esth\u00e9tiquement belle, poss\u00e8de de fortes qualit\u00e9s marines, des capacit\u00e9s habitables surprenantes, un haut savoir-faire.<\/p>\t\t\t\t\t\t\t\t<\/div>\n\t\t\t\t<\/div>\n\t\t\t\t<\/div>\n\t\t\t\t<\/div>\n\t\t<div class=\"elementor-element elementor-element-3b2d3ff e-flex e-con-boxed e-con e-parent\" data-id=\"3b2d3ff\" data-element_type=\"container\" data-e-type=\"container\">\n\t\t\t\t\t<div class=\"e-con-inner\">\n\t\t\t\t<div class=\"elementor-element elementor-element-25f6c46 elementor-widget elementor-widget-spacer\" data-id=\"25f6c46\" data-element_type=\"widget\" data-e-type=\"widget\" data-widget_type=\"spacer.default\">\n\t\t\t\t<div class=\"elementor-widget-container\">\n\t\t\t\t\t\t\t<div class=\"elementor-spacer\">\n\t\t\t<div class=\"elementor-spacer-inner\"><\/div>\n\t\t<\/div>\n\t\t\t\t\t\t<\/div>\n\t\t\t\t<\/div>\n\t\t\t\t\t<\/div>\n\t\t\t\t<\/div>\n\t\t<div class=\"elementor-element elementor-element-b5f0843 e-flex e-con-boxed e-con e-parent\" data-id=\"b5f0843\" data-element_type=\"container\" data-e-type=\"container\">\n\t\t\t\t\t<div class=\"e-con-inner\">\n\t\t\t\t<div class=\"elementor-element elementor-element-901643a elementor-widget__width-initial elementor-widget elementor-widget-text-editor\" data-id=\"901643a\" data-element_type=\"widget\" data-e-type=\"widget\" data-widget_type=\"text-editor.default\">\n\t\t\t\t<div class=\"elementor-widget-container\">\n\t\t\t\t\t\t\t\t\t<p>Nautica Salpa r\u00e9colte aujourd&#039;hui les fruits d&#039;une politique prudente d&#039;investissement et de recherche et se concentre sur un produit de tr\u00e8s haute qualit\u00e9 \u00e0 un prix comp\u00e9titif qui peut \u00eatre obtenu gr\u00e2ce \u00e0 l&#039;optimisation de toutes les phases du processus de production.<\/p><p>Les bateaux Salpa sont le r\u00e9sultat de l&#039;activit\u00e9 de recherche et d\u00e9veloppement men\u00e9e par le bureau technique en collaboration avec le &quot;D\u00e9partement d&#039;ing\u00e9nierie des mat\u00e9riaux composites de l&#039;Universit\u00e9 de Naples Federico II&quot;.<\/p>\t\t\t\t\t\t\t\t<\/div>\n\t\t\t\t<\/div>\n\t\t\t\t<div class=\"elementor-element elementor-element-d0cb530 elementor-widget elementor-widget-spacer\" data-id=\"d0cb530\" data-element_type=\"widget\" data-e-type=\"widget\" data-widget_type=\"spacer.default\">\n\t\t\t\t<div class=\"elementor-widget-container\">\n\t\t\t\t\t\t\t<div class=\"elementor-spacer\">\n\t\t\t<div class=\"elementor-spacer-inner\"><\/div>\n\t\t<\/div>\n\t\t\t\t\t\t<\/div>\n\t\t\t\t<\/div>\n\t\t\t\t\t<\/div>\n\t\t\t\t<\/div>\n\t\t\t\t<\/div>","protected":false},"excerpt":{"rendered":"<p>Oltre quarant\u2019anni di esperienza nel settore Nautica Salpa nasce nel 1984, raccogliendo l\u2019esperienza maturata da oltre quarant&#8217;anni da Antonio ed Enza Pane nel settore delle imbarcazioni da diporto. Dinamicit\u00e0 imprenditoriale ed innovazione tecnologica sono gli elementi che da sempre hanno caratterizzato l\u2019attivit\u00e0 dell\u2019azienda determinandone in breve tempo l\u2019affermazione sul mercato con imbarcazioni di alto livello [&hellip;]<\/p>\n","protected":false},"author":4,"featured_media":0,"parent":0,"menu_order":0,"comment_status":"closed","ping_status":"closed","template":"elementor_header_footer","meta":{"_acf_changed":false,"footnotes":""},"class_list":["post-166","page","type-page","status-publish","hentry"],"acf":[],"yoast_head":"<!-- This site is optimized with the Yoast SEO plugin v27.4 - https:\/\/yoast.com\/product\/yoast-seo-wordpress\/ -->\n<title>Cantiere - Salpa Yachts<\/title>\n<meta name=\"description\" content=\"Oltre quarant\u2019anni di esperienza nel settore Nautica Salpa nasce nel 1984, raccogliendo l\u2019esperienza maturata da oltre quarant&#039;anni da Antonio ed Enza\" \/>\n<meta name=\"robots\" content=\"noindex, follow, max-snippet:-1, max-image-preview:large, max-video-preview:-1\" \/>\n<meta property=\"og:locale\" content=\"fr_FR\" \/>\n<meta property=\"og:type\" content=\"article\" \/>\n<meta property=\"og:title\" content=\"Cantiere - Salpa Yachts\" \/>\n<meta property=\"og:description\" content=\"Oltre quarant\u2019anni di esperienza nel settore Nautica Salpa nasce nel 1984, raccogliendo l\u2019esperienza maturata da oltre quarant&#039;anni da Antonio ed Enza\" \/>\n<meta property=\"og:url\" content=\"https:\/\/staging2.salpa.com\/fr\/chantier\/\" \/>\n<meta property=\"og:site_name\" content=\"Salpa Yachts\" \/>\n<meta property=\"article:publisher\" content=\"https:\/\/www.facebook.com\/nauticasalpa\" \/>\n<meta property=\"article:modified_time\" content=\"2024-03-28T11:19:15+00:00\" \/>\n<meta name=\"twitter:card\" content=\"summary_large_image\" \/>\n<meta name=\"twitter:label1\" content=\"Dur\u00e9e de lecture estim\u00e9e\" \/>\n\t<meta name=\"twitter:data1\" content=\"2 minutes\" \/>\n<script type=\"application\/ld+json\" class=\"yoast-schema-graph\">{\"@context\":\"https:\\\/\\\/schema.org\",\"@graph\":[{\"@type\":\"WebPage\",\"@id\":\"https:\\\/\\\/staging2.salpa.com\\\/cantiere\\\/\",\"url\":\"https:\\\/\\\/staging2.salpa.com\\\/cantiere\\\/\",\"name\":\"Cantiere - Salpa Yachts\",\"isPartOf\":{\"@id\":\"https:\\\/\\\/staging2.salpa.com\\\/#website\"},\"datePublished\":\"2023-10-15T11:10:50+00:00\",\"dateModified\":\"2024-03-28T11:19:15+00:00\",\"description\":\"Oltre quarant\u2019anni di esperienza nel settore Nautica Salpa nasce nel 1984, raccogliendo l\u2019esperienza maturata da oltre quarant'anni da Antonio ed Enza\",\"breadcrumb\":{\"@id\":\"https:\\\/\\\/staging2.salpa.com\\\/cantiere\\\/#breadcrumb\"},\"inLanguage\":\"fr-FR\",\"potentialAction\":[{\"@type\":\"ReadAction\",\"target\":[\"https:\\\/\\\/staging2.salpa.com\\\/cantiere\\\/\"]}]},{\"@type\":\"BreadcrumbList\",\"@id\":\"https:\\\/\\\/staging2.salpa.com\\\/cantiere\\\/#breadcrumb\",\"itemListElement\":[{\"@type\":\"ListItem\",\"position\":1,\"name\":\"Home\",\"item\":\"https:\\\/\\\/staging2.salpa.com\\\/\"},{\"@type\":\"ListItem\",\"position\":2,\"name\":\"Cantiere\"}]},{\"@type\":\"WebSite\",\"@id\":\"https:\\\/\\\/staging2.salpa.com\\\/#website\",\"url\":\"https:\\\/\\\/staging2.salpa.com\\\/\",\"name\":\"Salpa Yachts\",\"description\":\"Naviga verso l&#039;avventura con Salpa Yachts!\",\"publisher\":{\"@id\":\"https:\\\/\\\/staging2.salpa.com\\\/#organization\"},\"alternateName\":\"Nautica Salpa srl\",\"potentialAction\":[{\"@type\":\"SearchAction\",\"target\":{\"@type\":\"EntryPoint\",\"urlTemplate\":\"https:\\\/\\\/staging2.salpa.com\\\/?s={search_term_string}\"},\"query-input\":{\"@type\":\"PropertyValueSpecification\",\"valueRequired\":true,\"valueName\":\"search_term_string\"}}],\"inLanguage\":\"fr-FR\"},{\"@type\":\"Organization\",\"@id\":\"https:\\\/\\\/staging2.salpa.com\\\/#organization\",\"name\":\"Salpa Yachts\",\"alternateName\":\"Nautica Salpa srl\",\"url\":\"https:\\\/\\\/staging2.salpa.com\\\/\",\"logo\":{\"@type\":\"ImageObject\",\"inLanguage\":\"fr-FR\",\"@id\":\"https:\\\/\\\/staging2.salpa.com\\\/#\\\/schema\\\/logo\\\/image\\\/\",\"url\":\"https:\\\/\\\/staging2.salpa.com\\\/wp-content\\\/uploads\\\/2023\\\/10\\\/logo-white.svg\",\"contentUrl\":\"https:\\\/\\\/staging2.salpa.com\\\/wp-content\\\/uploads\\\/2023\\\/10\\\/logo-white.svg\",\"caption\":\"Salpa Yachts\"},\"image\":{\"@id\":\"https:\\\/\\\/staging2.salpa.com\\\/#\\\/schema\\\/logo\\\/image\\\/\"},\"sameAs\":[\"https:\\\/\\\/www.facebook.com\\\/nauticasalpa\",\"https:\\\/\\\/www.instagram.com\\\/salpa_yachts\\\/\",\"https:\\\/\\\/www.youtube.com\\\/@SalpaYachts\"]}]}<\/script>\n<!-- \/ Yoast SEO plugin. -->","yoast_head_json":{"title":"Chantier naval - Salpa Yachts","description":"Plus de quarante ans d&#039;exp\u00e9rience dans le secteur nautique Salpa a \u00e9t\u00e9 fond\u00e9e en 1984, en rassemblant l&#039;exp\u00e9rience acquise pendant quarante ans par Antonio et Enza.","robots":{"index":"noindex","follow":"follow","max-snippet":"max-snippet:-1","max-image-preview":"max-image-preview:large","max-video-preview":"max-video-preview:-1"},"og_locale":"fr_FR","og_type":"article","og_title":"Cantiere - Salpa Yachts","og_description":"Oltre quarant\u2019anni di esperienza nel settore Nautica Salpa nasce nel 1984, raccogliendo l\u2019esperienza maturata da oltre quarant'anni da Antonio ed Enza","og_url":"https:\/\/staging2.salpa.com\/fr\/chantier\/","og_site_name":"Salpa Yachts","article_publisher":"https:\/\/www.facebook.com\/nauticasalpa","article_modified_time":"2024-03-28T11:19:15+00:00","twitter_card":"summary_large_image","twitter_misc":{"Dur\u00e9e de lecture estim\u00e9e":"2 minutes"},"schema":{"@context":"https:\/\/schema.org","@graph":[{"@type":"WebPage","@id":"https:\/\/staging2.salpa.com\/cantiere\/","url":"https:\/\/staging2.salpa.com\/cantiere\/","name":"Chantier naval - Salpa Yachts","isPartOf":{"@id":"https:\/\/staging2.salpa.com\/#website"},"datePublished":"2023-10-15T11:10:50+00:00","dateModified":"2024-03-28T11:19:15+00:00","description":"Plus de quarante ans d&#039;exp\u00e9rience dans le secteur nautique Salpa a \u00e9t\u00e9 fond\u00e9e en 1984, en rassemblant l&#039;exp\u00e9rience acquise pendant quarante ans par Antonio et Enza.","breadcrumb":{"@id":"https:\/\/staging2.salpa.com\/cantiere\/#breadcrumb"},"inLanguage":"fr-FR","potentialAction":[{"@type":"ReadAction","target":["https:\/\/staging2.salpa.com\/cantiere\/"]}]},{"@type":"BreadcrumbList","@id":"https:\/\/staging2.salpa.com\/cantiere\/#breadcrumb","itemListElement":[{"@type":"ListItem","position":1,"name":"Home","item":"https:\/\/staging2.salpa.com\/"},{"@type":"ListItem","position":2,"name":"Cantiere"}]},{"@type":"WebSite","@id":"https:\/\/staging2.salpa.com\/#website","url":"https:\/\/staging2.salpa.com\/","name":"Salpa Yachts","description":"Naviguez vers l&#039;aventure avec Salpa Yachts !","publisher":{"@id":"https:\/\/staging2.salpa.com\/#organization"},"alternateName":"Nautica Salpa srl","potentialAction":[{"@type":"SearchAction","target":{"@type":"EntryPoint","urlTemplate":"https:\/\/staging2.salpa.com\/?s={search_term_string}"},"query-input":{"@type":"PropertyValueSpecification","valueRequired":true,"valueName":"search_term_string"}}],"inLanguage":"fr-FR"},{"@type":"Organization","@id":"https:\/\/staging2.salpa.com\/#organization","name":"Salpa Yachts","alternateName":"Nautica Salpa srl","url":"https:\/\/staging2.salpa.com\/","logo":{"@type":"ImageObject","inLanguage":"fr-FR","@id":"https:\/\/staging2.salpa.com\/#\/schema\/logo\/image\/","url":"https:\/\/staging2.salpa.com\/wp-content\/uploads\/2023\/10\/logo-white.svg","contentUrl":"https:\/\/staging2.salpa.com\/wp-content\/uploads\/2023\/10\/logo-white.svg","caption":"Salpa Yachts"},"image":{"@id":"https:\/\/staging2.salpa.com\/#\/schema\/logo\/image\/"},"sameAs":["https:\/\/www.facebook.com\/nauticasalpa","https:\/\/www.instagram.com\/salpa_yachts\/","https:\/\/www.youtube.com\/@SalpaYachts"]}]}},"_links":{"self":[{"href":"https:\/\/staging2.salpa.com\/fr\/wp-json\/wp\/v2\/pages\/166","targetHints":{"allow":["GET"]}}],"collection":[{"href":"https:\/\/staging2.salpa.com\/fr\/wp-json\/wp\/v2\/pages"}],"about":[{"href":"https:\/\/staging2.salpa.com\/fr\/wp-json\/wp\/v2\/types\/page"}],"author":[{"embeddable":true,"href":"https:\/\/staging2.salpa.com\/fr\/wp-json\/wp\/v2\/users\/4"}],"replies":[{"embeddable":true,"href":"https:\/\/staging2.salpa.com\/fr\/wp-json\/wp\/v2\/comments?post=166"}],"version-history":[{"count":58,"href":"https:\/\/staging2.salpa.com\/fr\/wp-json\/wp\/v2\/pages\/166\/revisions"}],"predecessor-version":[{"id":2221,"href":"https:\/\/staging2.salpa.com\/fr\/wp-json\/wp\/v2\/pages\/166\/revisions\/2221"}],"wp:attachment":[{"href":"https:\/\/staging2.salpa.com\/fr\/wp-json\/wp\/v2\/media?parent=166"}],"curies":[{"name":"wp","href":"https:\/\/api.w.org\/{rel}","templated":true}]}}