{"id":2274,"date":"2024-06-12T18:44:14","date_gmt":"2024-06-12T17:44:14","guid":{"rendered":"https:\/\/www.salpa.com\/?page_id=2274"},"modified":"2024-06-12T18:55:57","modified_gmt":"2024-06-12T17:55:57","slug":"politique-environnementale","status":"publish","type":"page","link":"https:\/\/staging2.salpa.com\/fr\/politique-environnementale\/","title":{"rendered":"Politique environnementale"},"content":{"rendered":"<div data-elementor-type=\"wp-page\" data-elementor-id=\"2274\" class=\"elementor elementor-2274\" data-elementor-post-type=\"page\">\n\t\t\t\t<div class=\"elementor-element elementor-element-34cd9b0 e-con-full e-flex e-con e-parent\" data-id=\"34cd9b0\" data-element_type=\"container\" data-e-type=\"container\" data-settings=\"{&quot;background_background&quot;:&quot;classic&quot;}\">\n\t\t\t\t<\/div>\n\t\t<div class=\"elementor-element elementor-element-ed79632 e-flex e-con-boxed e-con e-parent\" data-id=\"ed79632\" data-element_type=\"container\" data-e-type=\"container\">\n\t\t\t\t\t<div class=\"e-con-inner\">\n\t\t\t\t<div class=\"elementor-element elementor-element-48dd469 elementor-widget elementor-widget-spacer\" data-id=\"48dd469\" data-element_type=\"widget\" data-e-type=\"widget\" data-widget_type=\"spacer.default\">\n\t\t\t\t<div class=\"elementor-widget-container\">\n\t\t\t\t\t\t\t<div class=\"elementor-spacer\">\n\t\t\t<div class=\"elementor-spacer-inner\"><\/div>\n\t\t<\/div>\n\t\t\t\t\t\t<\/div>\n\t\t\t\t<\/div>\n\t\t\t\t<div class=\"elementor-element elementor-element-2a6992d elementor-widget elementor-widget-heading\" data-id=\"2a6992d\" data-element_type=\"widget\" data-e-type=\"widget\" data-widget_type=\"heading.default\">\n\t\t\t\t<div class=\"elementor-widget-container\">\n\t\t\t\t\t<h2 class=\"elementor-heading-title elementor-size-default\">Politique environnementale<\/h2>\t\t\t\t<\/div>\n\t\t\t\t<\/div>\n\t\t\t\t<div class=\"elementor-element elementor-element-f937ed2 elementor-widget elementor-widget-text-editor\" data-id=\"f937ed2\" data-element_type=\"widget\" data-e-type=\"widget\" data-widget_type=\"text-editor.default\">\n\t\t\t\t<div class=\"elementor-widget-container\">\n\t\t\t\t\t\t\t\t\t<p>Nautica Salpa s&#039;engage \u00e0 promouvoir la durabilit\u00e9 environnementale \u00e0 travers une s\u00e9rie d&#039;initiatives et de pratiques qui r\u00e9duisent l&#039;impact environnemental de ses activit\u00e9s. Notre politique environnementale repose sur les principes de responsabilit\u00e9 sociale des entreprises et sur l&#039;adoption des meilleures pratiques du secteur de la construction navale.<\/p><ol><li><strong>Utilisation de technologies \u00e0 faible impact environnemental dans la production\u00a0:<br \/><\/strong>En 2023, nous avons mis en \u0153uvre la technologie de moulage par transfert de r\u00e9sine (RTM) pour fabriquer les composants en fibre de verre de nos bateaux rigides et gonflables. Ce processus, caract\u00e9ris\u00e9 par des moules ferm\u00e9s, a permis une r\u00e9duction significative des \u00e9missions de styr\u00e8ne dans l&#039;atmosph\u00e8re, avec une diminution du 95%. Nous adoptons actuellement la technologie d&#039;infusion sous vide pour la production de notre produit phare Salpa Soleil 52, r\u00e9duisant ainsi davantage les \u00e9missions de styr\u00e8ne.<br \/>Nous utilisons des gelcoats et des r\u00e9sines \u00e0 faible teneur en styr\u00e8ne avec des \u00e9missions statiques inf\u00e9rieures \u00e0 celles des r\u00e9sines VE traditionnelles. Nos r\u00e9sines et fibres de verre sont exemptes de composants perturbateurs endocriniens, garantissant la s\u00e9curit\u00e9 de nos travailleurs et la protection de l&#039;environnement.<\/li><li><strong>Production d&#039;\u00e9nergie renouvelable :<\/strong><br \/>Depuis 2012, nous avons install\u00e9 une installation photovolta\u00efque sur le toit de l&#039;usine de production d&#039;une puissance d&#039;environ 200 kW, ce qui nous a permis de produire 2 940 515,40 kWh d&#039;\u00e9lectricit\u00e9 jusqu&#039;au 31 d\u00e9cembre 2023. Cela a entra\u00een\u00e9 une r\u00e9duction des \u00e9missions de CO2 \u00e9gale \u00e0 2 058 360,78 kg.<br \/>Pour 2024, nous \u00e9tendons notre syst\u00e8me photovolta\u00efque pour augmenter notre capacit\u00e9 de production d&#039;\u00e9nergie renouvelable \u00e0 environ 500 kW, contribuant ainsi \u00e0 la r\u00e9duction des \u00e9missions.<\/li><li><strong>Innovation et d\u00e9veloppement de technologies durables :<\/strong><br \/>En 2022, nous avons pr\u00e9sent\u00e9 notre premier navire hybride (diesel\/\u00e9lectrique) en collaboration avec le CNR Motors Institute, d\u00e9montrant notre engagement en faveur de solutions de propulsion plus efficaces et plus respectueuses de l&#039;environnement.<br \/>Pour 2024, nous d\u00e9veloppons des conceptions innovantes de bateaux rigides et pneumatiques hors-bord enti\u00e8rement \u00e9lectriques, int\u00e9grant la domotique embarqu\u00e9e et d\u00e9veloppant des solutions bas\u00e9es sur l&#039;intelligence artificielle.<\/li><li><strong>La Direction de Nautica Salpa Srl s&#039;engage \u00e0 :<\/strong><br \/>Mettre \u00e0 disposition des ressources, des moyens \u00e9conomiques et des comp\u00e9tences ad\u00e9quates pour le bon fonctionnement du syst\u00e8me de gestion environnementale.<br \/>D\u00e9finir les pouvoirs et responsabilit\u00e9s en mati\u00e8re environnementale et \u00e9tablir les proc\u00e9dures n\u00e9cessaires pour assurer le fonctionnement efficace du syst\u00e8me.<br \/>Veiller \u00e0 ce que les activit\u00e9s soient men\u00e9es dans le strict respect des lois environnementales et des r\u00e9glementations pertinentes, en prot\u00e9geant la sant\u00e9 des travailleurs et l&#039;environnement de travail.<br \/>Am\u00e9liorer continuellement l\u2019efficacit\u00e9 environnementale en \u00e9valuant la viabilit\u00e9 \u00e9conomique des meilleures technologies disponibles.<br \/>Surveiller les impacts environnementaux des activit\u00e9s et des produits, en \u00e9valuant constamment les opportunit\u00e9s d&#039;am\u00e9lioration des processus afin de r\u00e9duire les impacts directs et indirects sur l&#039;environnement.<br \/>Informer et impliquer le personnel dans le syst\u00e8me de gestion environnementale, en promouvant la sensibilisation \u00e0 l&#039;environnement \u00e0 tous les niveaux et en fournissant un soutien et des informations appropri\u00e9s aux clients et aux fournisseurs.<br \/>Collaborer avec les autorit\u00e9s publiques pour assurer le respect des r\u00e9glementations environnementales et la protection de l\u2019environnement.<br \/>Adopter des mesures pour r\u00e9duire les impacts environnementaux dans les situations d\u2019urgence.<\/li><\/ol><p>\u00a0<\/p><p>Nautica Salpa s&#039;engage \u00e0 continuer d&#039;am\u00e9liorer ses pratiques environnementales, en adoptant des technologies de pointe et en promouvant la durabilit\u00e9 dans toutes les phases de notre activit\u00e9 de production. Nous sommes conscients de notre responsabilit\u00e9 envers l&#039;environnement et la communaut\u00e9 et travaillons constamment \u00e0 r\u00e9duire notre impact environnemental.<\/p>\t\t\t\t\t\t\t\t<\/div>\n\t\t\t\t<\/div>\n\t\t\t\t\t<\/div>\n\t\t\t\t<\/div>\n\t\t\t\t<\/div>","protected":false},"excerpt":{"rendered":"<p>Nautica Salpa si impegna a promuovere la sostenibilit\u00e0 ambientale attraverso una serie di iniziative e pratiche che riducono l&#8217;impatto ambientale delle proprie attivit\u00e0. La nostra politica ambientale si basa sui principi della responsabilit\u00e0 sociale d&#8217;impresa e sull&#8217;adozione delle migliori pratiche nel settore della produzione navale. Utilizzo di tecnologie a basso impatto ambientale nella produzione:Nel corso [&hellip;]<\/p>\n","protected":false},"author":4,"featured_media":0,"parent":0,"menu_order":0,"comment_status":"closed","ping_status":"closed","template":"elementor_header_footer","meta":{"_acf_changed":false,"footnotes":""},"class_list":["post-2274","page","type-page","status-publish","hentry"],"acf":[],"yoast_head":"<!-- This site is optimized with the Yoast SEO plugin v27.4 - https:\/\/yoast.com\/product\/yoast-seo-wordpress\/ -->\n<title>Policy Ambientale - Salpa Yachts<\/title>\n<meta name=\"description\" content=\"Nautica Salpa si impegna a promuovere la sostenibilit\u00e0 ambientale attraverso una serie di iniziative e pratiche che riducono l&#039;impatto ambientale delle\" \/>\n<meta name=\"robots\" content=\"noindex, follow, max-snippet:-1, max-image-preview:large, max-video-preview:-1\" \/>\n<meta property=\"og:locale\" content=\"fr_FR\" \/>\n<meta property=\"og:type\" content=\"article\" \/>\n<meta property=\"og:title\" content=\"Policy Ambientale - Salpa Yachts\" \/>\n<meta property=\"og:description\" content=\"Nautica Salpa si impegna a promuovere la sostenibilit\u00e0 ambientale attraverso una serie di iniziative e pratiche che riducono l&#039;impatto ambientale delle\" \/>\n<meta property=\"og:url\" content=\"https:\/\/staging2.salpa.com\/fr\/politique-environnementale\/\" \/>\n<meta property=\"og:site_name\" content=\"Salpa Yachts\" \/>\n<meta property=\"article:publisher\" content=\"https:\/\/www.facebook.com\/nauticasalpa\" \/>\n<meta property=\"article:modified_time\" content=\"2024-06-12T17:55:57+00:00\" \/>\n<meta name=\"twitter:card\" content=\"summary_large_image\" \/>\n<meta name=\"twitter:label1\" content=\"Dur\u00e9e de lecture estim\u00e9e\" \/>\n\t<meta name=\"twitter:data1\" content=\"3 minutes\" \/>\n<script type=\"application\/ld+json\" class=\"yoast-schema-graph\">{\"@context\":\"https:\\\/\\\/schema.org\",\"@graph\":[{\"@type\":\"WebPage\",\"@id\":\"https:\\\/\\\/staging2.salpa.com\\\/policy-ambientale\\\/\",\"url\":\"https:\\\/\\\/staging2.salpa.com\\\/policy-ambientale\\\/\",\"name\":\"Policy Ambientale - Salpa Yachts\",\"isPartOf\":{\"@id\":\"https:\\\/\\\/staging2.salpa.com\\\/#website\"},\"datePublished\":\"2024-06-12T17:44:14+00:00\",\"dateModified\":\"2024-06-12T17:55:57+00:00\",\"description\":\"Nautica Salpa si impegna a promuovere la sostenibilit\u00e0 ambientale attraverso una serie di iniziative e pratiche che riducono l'impatto ambientale delle\",\"breadcrumb\":{\"@id\":\"https:\\\/\\\/staging2.salpa.com\\\/policy-ambientale\\\/#breadcrumb\"},\"inLanguage\":\"fr-FR\",\"potentialAction\":[{\"@type\":\"ReadAction\",\"target\":[\"https:\\\/\\\/staging2.salpa.com\\\/policy-ambientale\\\/\"]}]},{\"@type\":\"BreadcrumbList\",\"@id\":\"https:\\\/\\\/staging2.salpa.com\\\/policy-ambientale\\\/#breadcrumb\",\"itemListElement\":[{\"@type\":\"ListItem\",\"position\":1,\"name\":\"Home\",\"item\":\"https:\\\/\\\/staging2.salpa.com\\\/\"},{\"@type\":\"ListItem\",\"position\":2,\"name\":\"Policy Ambientale\"}]},{\"@type\":\"WebSite\",\"@id\":\"https:\\\/\\\/staging2.salpa.com\\\/#website\",\"url\":\"https:\\\/\\\/staging2.salpa.com\\\/\",\"name\":\"Salpa Yachts\",\"description\":\"Naviga verso l&#039;avventura con Salpa Yachts!\",\"publisher\":{\"@id\":\"https:\\\/\\\/staging2.salpa.com\\\/#organization\"},\"alternateName\":\"Nautica Salpa srl\",\"potentialAction\":[{\"@type\":\"SearchAction\",\"target\":{\"@type\":\"EntryPoint\",\"urlTemplate\":\"https:\\\/\\\/staging2.salpa.com\\\/?s={search_term_string}\"},\"query-input\":{\"@type\":\"PropertyValueSpecification\",\"valueRequired\":true,\"valueName\":\"search_term_string\"}}],\"inLanguage\":\"fr-FR\"},{\"@type\":\"Organization\",\"@id\":\"https:\\\/\\\/staging2.salpa.com\\\/#organization\",\"name\":\"Salpa Yachts\",\"alternateName\":\"Nautica Salpa srl\",\"url\":\"https:\\\/\\\/staging2.salpa.com\\\/\",\"logo\":{\"@type\":\"ImageObject\",\"inLanguage\":\"fr-FR\",\"@id\":\"https:\\\/\\\/staging2.salpa.com\\\/#\\\/schema\\\/logo\\\/image\\\/\",\"url\":\"https:\\\/\\\/staging2.salpa.com\\\/wp-content\\\/uploads\\\/2023\\\/10\\\/logo-white.svg\",\"contentUrl\":\"https:\\\/\\\/staging2.salpa.com\\\/wp-content\\\/uploads\\\/2023\\\/10\\\/logo-white.svg\",\"caption\":\"Salpa Yachts\"},\"image\":{\"@id\":\"https:\\\/\\\/staging2.salpa.com\\\/#\\\/schema\\\/logo\\\/image\\\/\"},\"sameAs\":[\"https:\\\/\\\/www.facebook.com\\\/nauticasalpa\",\"https:\\\/\\\/www.instagram.com\\\/salpa_yachts\\\/\",\"https:\\\/\\\/www.youtube.com\\\/@SalpaYachts\"]}]}<\/script>\n<!-- \/ Yoast SEO plugin. -->","yoast_head_json":{"title":"Politique environnementale - Salpa Yachts","description":"Nautica Salpa s&#039;engage \u00e0 promouvoir la durabilit\u00e9 environnementale \u00e0 travers une s\u00e9rie d&#039;initiatives et de pratiques qui r\u00e9duisent l&#039;impact environnemental des","robots":{"index":"noindex","follow":"follow","max-snippet":"max-snippet:-1","max-image-preview":"max-image-preview:large","max-video-preview":"max-video-preview:-1"},"og_locale":"fr_FR","og_type":"article","og_title":"Policy Ambientale - Salpa Yachts","og_description":"Nautica Salpa si impegna a promuovere la sostenibilit\u00e0 ambientale attraverso una serie di iniziative e pratiche che riducono l'impatto ambientale delle","og_url":"https:\/\/staging2.salpa.com\/fr\/politique-environnementale\/","og_site_name":"Salpa Yachts","article_publisher":"https:\/\/www.facebook.com\/nauticasalpa","article_modified_time":"2024-06-12T17:55:57+00:00","twitter_card":"summary_large_image","twitter_misc":{"Dur\u00e9e de lecture estim\u00e9e":"3 minutes"},"schema":{"@context":"https:\/\/schema.org","@graph":[{"@type":"WebPage","@id":"https:\/\/staging2.salpa.com\/policy-ambientale\/","url":"https:\/\/staging2.salpa.com\/policy-ambientale\/","name":"Politique environnementale - Salpa Yachts","isPartOf":{"@id":"https:\/\/staging2.salpa.com\/#website"},"datePublished":"2024-06-12T17:44:14+00:00","dateModified":"2024-06-12T17:55:57+00:00","description":"Nautica Salpa s&#039;engage \u00e0 promouvoir la durabilit\u00e9 environnementale \u00e0 travers une s\u00e9rie d&#039;initiatives et de pratiques qui r\u00e9duisent l&#039;impact environnemental des","breadcrumb":{"@id":"https:\/\/staging2.salpa.com\/policy-ambientale\/#breadcrumb"},"inLanguage":"fr-FR","potentialAction":[{"@type":"ReadAction","target":["https:\/\/staging2.salpa.com\/policy-ambientale\/"]}]},{"@type":"BreadcrumbList","@id":"https:\/\/staging2.salpa.com\/policy-ambientale\/#breadcrumb","itemListElement":[{"@type":"ListItem","position":1,"name":"Home","item":"https:\/\/staging2.salpa.com\/"},{"@type":"ListItem","position":2,"name":"Policy Ambientale"}]},{"@type":"WebSite","@id":"https:\/\/staging2.salpa.com\/#website","url":"https:\/\/staging2.salpa.com\/","name":"Salpa Yachts","description":"Naviguez vers l&#039;aventure avec Salpa Yachts !","publisher":{"@id":"https:\/\/staging2.salpa.com\/#organization"},"alternateName":"Nautica Salpa srl","potentialAction":[{"@type":"SearchAction","target":{"@type":"EntryPoint","urlTemplate":"https:\/\/staging2.salpa.com\/?s={search_term_string}"},"query-input":{"@type":"PropertyValueSpecification","valueRequired":true,"valueName":"search_term_string"}}],"inLanguage":"fr-FR"},{"@type":"Organization","@id":"https:\/\/staging2.salpa.com\/#organization","name":"Salpa Yachts","alternateName":"Nautica Salpa srl","url":"https:\/\/staging2.salpa.com\/","logo":{"@type":"ImageObject","inLanguage":"fr-FR","@id":"https:\/\/staging2.salpa.com\/#\/schema\/logo\/image\/","url":"https:\/\/staging2.salpa.com\/wp-content\/uploads\/2023\/10\/logo-white.svg","contentUrl":"https:\/\/staging2.salpa.com\/wp-content\/uploads\/2023\/10\/logo-white.svg","caption":"Salpa Yachts"},"image":{"@id":"https:\/\/staging2.salpa.com\/#\/schema\/logo\/image\/"},"sameAs":["https:\/\/www.facebook.com\/nauticasalpa","https:\/\/www.instagram.com\/salpa_yachts\/","https:\/\/www.youtube.com\/@SalpaYachts"]}]}},"_links":{"self":[{"href":"https:\/\/staging2.salpa.com\/fr\/wp-json\/wp\/v2\/pages\/2274","targetHints":{"allow":["GET"]}}],"collection":[{"href":"https:\/\/staging2.salpa.com\/fr\/wp-json\/wp\/v2\/pages"}],"about":[{"href":"https:\/\/staging2.salpa.com\/fr\/wp-json\/wp\/v2\/types\/page"}],"author":[{"embeddable":true,"href":"https:\/\/staging2.salpa.com\/fr\/wp-json\/wp\/v2\/users\/4"}],"replies":[{"embeddable":true,"href":"https:\/\/staging2.salpa.com\/fr\/wp-json\/wp\/v2\/comments?post=2274"}],"version-history":[{"count":14,"href":"https:\/\/staging2.salpa.com\/fr\/wp-json\/wp\/v2\/pages\/2274\/revisions"}],"predecessor-version":[{"id":2289,"href":"https:\/\/staging2.salpa.com\/fr\/wp-json\/wp\/v2\/pages\/2274\/revisions\/2289"}],"wp:attachment":[{"href":"https:\/\/staging2.salpa.com\/fr\/wp-json\/wp\/v2\/media?parent=2274"}],"curies":[{"name":"wp","href":"https:\/\/api.w.org\/{rel}","templated":true}]}}