{"id":1427,"date":"2023-11-29T11:55:01","date_gmt":"2023-11-29T11:55:01","guid":{"rendered":"https:\/\/staging.salpa.com\/?page_id=1427"},"modified":"2023-11-29T12:01:28","modified_gmt":"2023-11-29T12:01:28","slug":"pravila-o-privatnosti-2","status":"publish","type":"page","link":"https:\/\/staging2.salpa.com\/hr\/pravila-o-privatnosti-2\/","title":{"rendered":"Pravila o privatnosti"},"content":{"rendered":"<div data-elementor-type=\"wp-page\" data-elementor-id=\"1427\" class=\"elementor elementor-1427\" data-elementor-post-type=\"page\">\n\t\t\t\t<div class=\"elementor-element elementor-element-4e9a444 e-flex e-con-boxed e-con e-parent\" data-id=\"4e9a444\" data-element_type=\"container\" data-e-type=\"container\">\n\t\t\t\t\t<div class=\"e-con-inner\">\n\t\t\t\t<div class=\"elementor-element elementor-element-67d400b elementor-widget elementor-widget-text-editor\" data-id=\"67d400b\" data-element_type=\"widget\" data-e-type=\"widget\" data-widget_type=\"text-editor.default\">\n\t\t\t\t<div class=\"elementor-widget-container\">\n\t\t\t\t\t\t\t\t\t<div class=\"results__agreement-preview\" data-v-11b4eedd=\"\" data-v-164ff72a=\"\"><h4>Pravila o privatnosti<\/h4><p>Vlasnik web stranice Salpa.com je tvrtka Nautica Salpa srl, koja je odgovorna za obradu va\u0161ih osobnih podataka.<\/p><p>Usvojili smo ovu politiku privatnosti koja ure\u0111uje postupanje s informacijama koje prikuplja Nautica Salpa, kao i razloge prikupljanja odre\u0111enih osobnih podataka koji se odnose na vas. Stoga biste trebali pro\u010ditati ovu politiku privatnosti prije kori\u0161tenja web stranice Nautica Salpa.<\/p><p>Obra\u0111ujemo va\u0161e osobne podatke i jam\u010dimo njihovu povjerljivost i sigurnost.<\/p><h4>Prikupljeni osobni podaci:<\/h4><p>Kada posjetite Nautica Salpa, automatski prikupljamo odre\u0111ene podatke o va\u0161em ure\u0111aju, uklju\u010duju\u0107i podatke o va\u0161em web pregledniku, IP adresi, vremenskoj zoni i kola\u010di\u0107ima instaliranim na va\u0161em ure\u0111aju. Osim toga, dok pregledavate stranicu, prikupljamo podatke o web stranicama ili proizvodima koje pregledavate, web stranicama ili pojmovima za pretra\u017eivanje koji vas upu\u0107uju na stranicu i na\u010dinu na koji komunicirate sa stranicom. Ove automatski prikupljene podatke nazivamo &quot;informacijama o ure\u0111aju&quot;. Osim toga, mo\u017eemo prikupljati osobne podatke koje nam dajete (uklju\u010duju\u0107i, ali ne ograni\u010davaju\u0107i se na, va\u0161e ime, adresu, podatke o pla\u0107anju itd.) tijekom registracije kako bismo ispunili ugovor.<\/p><h4>Za\u0161to obra\u0111ujemo podatke?<\/h4><p>Sigurnost podataka na\u0161ih korisnika nam je prioritet, stoga obra\u0111ujemo samo korisni\u010dke podatke koji su strogo potrebni za rad stranice. Automatski prikupljeni podaci koriste se samo za identifikaciju potencijalnih slu\u010dajeva zlouporabe i uspostavu statistike o kori\u0161tenju stranice. Ovi statisti\u010dki podaci se ne agregiraju radi identifikacije odre\u0111enog korisnika sustava.<\/p><p>Stranicu mo\u017eete posjetiti bez davanja ikakvih podataka koji bi vas mogli osobno identificirati. Me\u0111utim, ako \u017eelite koristiti neke od zna\u010dajki stranice ili \u017eelite primati biltene ili dati druge detalje ispunjavanjem obrasca, mo\u017eda \u0107ete biti zamoljeni da navedete osobne podatke kao \u0161to su va\u0161a adresa e-po\u0161te, ime, prezime, grad prebivali\u0161ta, organizacija i telefonski broj. Mo\u017eete odabrati da ne dajete osobne podatke, ali ako to u\u010dinite, ne\u0107ete mo\u0107i koristiti neke od zna\u010dajki stranice. Na primjer, ne\u0107ete mo\u0107i primati na\u0161 bilten ili nas izravno kontaktirati sa stranice. Korisnici koji nisu sigurni koje su informacije potrebne trebaju nas kontaktirati na info@salpa.com.<\/p><h4>Va\u0161a prava:<\/h4><p>Ako ste stanovnik Europske unije, imate sljede\u0107a prava u vezi s va\u0161im osobnim podacima:<\/p><ul><li>Pravo na informiranost.<\/li><li>Pravo pristupa.<\/li><li>Pravo na izmjenu.<\/li><li>Pravo na brisanje.<\/li><li>Pravo na ograni\u010denje obrade.<\/li><li>Pravo na prenosivost podataka.<\/li><li>Pravo na prigovor.<\/li><li>Pravo na automatizirano dono\u0161enje odluka i profiliranje.<\/li><\/ul><p>Za ostvarivanje ovih prava, molimo kontaktirajte nas putem dolje navedenih kontaktnih podataka.<\/p><p>Osim toga, ako ste stanovnik Europske unije, obra\u0111ujemo va\u0161e podatke kako bismo izvr\u0161avali ugovore s vama (na primjer, ako naru\u010dujete putem stranice) ili na drugi na\u010din ispunili na\u0161e legitimne poslovne interese navedene gore. Tako\u0111er imajte na umu da se va\u0161i podaci mogu prenijeti izvan Europe, uklju\u010duju\u0107i Kanadu i Sjedinjene Ameri\u010dke Dr\u017eave.<\/p><h4>Linkovi na druge stranice:<\/h4><p>Na\u0161a stranica mo\u017ee sadr\u017eavati poveznice na druge stranice kojima ne upravljamo niti ih ne kontroliramo. Imajte na umu da nismo odgovorni za politiku privatnosti drugih stranica ili tre\u0107ih strana. Preporu\u010dujemo vam da budete oprezni prilikom napu\u0161tanja na\u0161e stranice i da pro\u010ditate izjave o privatnosti svake stranice koja mo\u017ee prikupljati osobne podatke.<\/p><h4>Sigurnost informacija:<\/h4><p>Podatke koje nam dajete \u0161titimo na kontroliranim ra\u010dunalnim poslu\u017eiteljima, sigurnom okru\u017eenju za\u0161ti\u0107enom od neovla\u0161tenog pristupa, kori\u0161tenja ili otkrivanja. Provodimo razumne fizi\u010dke, tehni\u010dke i administrativne za\u0161titne mjere kako bismo za\u0161titili osobne podatke koje pohranjujemo od neovla\u0161tenog pristupa, kori\u0161tenja, izmjene i otkrivanja. Me\u0111utim, ne mo\u017ee se jam\u010diti potpuna sigurnost prijenosa podataka putem interneta ili be\u017ei\u010dne mre\u017ee.<\/p><h4>Pravna obavijest:<\/h4><p>Otkrit \u0107emo informacije koje prikupljamo, koristimo ili primamo ako je to zakonom propisano ili dopu\u0161teno, na primjer radi po\u0161tivanja sudskih naloga ili sli\u010dnih pravnih postupaka, kao i kada u dobroj vjeri vjerujemo da je otkrivanje potrebno radi za\u0161tite na\u0161ih prava, za\u0161tite va\u0161e sigurnosti ili sigurnosti drugih, istrage prijevare ili odgovora na vladine zahtjeve.<\/p><h4>Kontakt informacije:<\/h4><p>Za sva pitanja vezana uz pojedina\u010dna prava ili osobne podatke, mo\u017eete poslati e-poruku na info@salpa.com.<\/p><\/div>\t\t\t\t\t\t\t\t<\/div>\n\t\t\t\t<\/div>\n\t\t\t\t\t<\/div>\n\t\t\t\t<\/div>\n\t\t\t\t<\/div>","protected":false},"excerpt":{"rendered":"<p>Politica sulla riservatezza Il sito Salpa.com \u00e8 di propriet\u00e0 di Nautica Salpa srl, titolare del trattamento dei Suoi dati personali. Abbiamo adottato questa politica sulla privacy, la quale determina il trattamento delle informazioni raccolte da Nautica Salpa, oltre che i motivi per raccolta di certi dati personali a Lei correlati. Pertanto, deve leggere questa politica [&hellip;]<\/p>\n","protected":false},"author":4,"featured_media":0,"parent":0,"menu_order":0,"comment_status":"closed","ping_status":"closed","template":"elementor_header_footer","meta":{"_acf_changed":false,"footnotes":""},"class_list":["post-1427","page","type-page","status-publish","hentry"],"acf":[],"yoast_head":"<!-- This site is optimized with the Yoast SEO plugin v27.4 - https:\/\/yoast.com\/product\/yoast-seo-wordpress\/ -->\n<title>Privacy Policy - Salpa Yachts<\/title>\n<meta name=\"description\" content=\"Politica sulla riservatezzaIl sito Salpa.com \u00e8 di propriet\u00e0 di Nautica Salpa srl, titolare del trattamento dei Suoi dati personali.Abbiamo adottato questa\" \/>\n<meta name=\"robots\" content=\"noindex, follow, max-snippet:-1, max-image-preview:large, max-video-preview:-1\" \/>\n<meta property=\"og:locale\" content=\"hr_HR\" \/>\n<meta property=\"og:type\" content=\"article\" \/>\n<meta property=\"og:title\" content=\"Privacy Policy - Salpa Yachts\" \/>\n<meta property=\"og:description\" content=\"Politica sulla riservatezzaIl sito Salpa.com \u00e8 di propriet\u00e0 di Nautica Salpa srl, titolare del trattamento dei Suoi dati personali.Abbiamo adottato questa\" \/>\n<meta property=\"og:url\" content=\"https:\/\/staging2.salpa.com\/hr\/pravila-o-privatnosti-2\/\" \/>\n<meta property=\"og:site_name\" content=\"Salpa Yachts\" \/>\n<meta property=\"article:publisher\" content=\"https:\/\/www.facebook.com\/nauticasalpa\" \/>\n<meta property=\"article:modified_time\" content=\"2023-11-29T12:01:28+00:00\" \/>\n<meta name=\"twitter:card\" content=\"summary_large_image\" \/>\n<meta name=\"twitter:label1\" content=\"Procijenjeno vrijeme \u010ditanja\" \/>\n\t<meta name=\"twitter:data1\" content=\"4 minute\" \/>\n<script type=\"application\/ld+json\" class=\"yoast-schema-graph\">{\"@context\":\"https:\\\/\\\/schema.org\",\"@graph\":[{\"@type\":\"WebPage\",\"@id\":\"https:\\\/\\\/staging2.salpa.com\\\/privacy-policy-2\\\/\",\"url\":\"https:\\\/\\\/staging2.salpa.com\\\/privacy-policy-2\\\/\",\"name\":\"Privacy Policy - Salpa Yachts\",\"isPartOf\":{\"@id\":\"https:\\\/\\\/staging2.salpa.com\\\/#website\"},\"datePublished\":\"2023-11-29T11:55:01+00:00\",\"dateModified\":\"2023-11-29T12:01:28+00:00\",\"description\":\"Politica sulla riservatezzaIl sito Salpa.com \u00e8 di propriet\u00e0 di Nautica Salpa srl, titolare del trattamento dei Suoi dati personali.Abbiamo adottato questa\",\"breadcrumb\":{\"@id\":\"https:\\\/\\\/staging2.salpa.com\\\/privacy-policy-2\\\/#breadcrumb\"},\"inLanguage\":\"hr\",\"potentialAction\":[{\"@type\":\"ReadAction\",\"target\":[\"https:\\\/\\\/staging2.salpa.com\\\/privacy-policy-2\\\/\"]}]},{\"@type\":\"BreadcrumbList\",\"@id\":\"https:\\\/\\\/staging2.salpa.com\\\/privacy-policy-2\\\/#breadcrumb\",\"itemListElement\":[{\"@type\":\"ListItem\",\"position\":1,\"name\":\"Home\",\"item\":\"https:\\\/\\\/staging2.salpa.com\\\/\"},{\"@type\":\"ListItem\",\"position\":2,\"name\":\"Privacy Policy\"}]},{\"@type\":\"WebSite\",\"@id\":\"https:\\\/\\\/staging2.salpa.com\\\/#website\",\"url\":\"https:\\\/\\\/staging2.salpa.com\\\/\",\"name\":\"Salpa Yachts\",\"description\":\"Naviga verso l&#039;avventura con Salpa Yachts!\",\"publisher\":{\"@id\":\"https:\\\/\\\/staging2.salpa.com\\\/#organization\"},\"alternateName\":\"Nautica Salpa srl\",\"potentialAction\":[{\"@type\":\"SearchAction\",\"target\":{\"@type\":\"EntryPoint\",\"urlTemplate\":\"https:\\\/\\\/staging2.salpa.com\\\/?s={search_term_string}\"},\"query-input\":{\"@type\":\"PropertyValueSpecification\",\"valueRequired\":true,\"valueName\":\"search_term_string\"}}],\"inLanguage\":\"hr\"},{\"@type\":\"Organization\",\"@id\":\"https:\\\/\\\/staging2.salpa.com\\\/#organization\",\"name\":\"Salpa Yachts\",\"alternateName\":\"Nautica Salpa srl\",\"url\":\"https:\\\/\\\/staging2.salpa.com\\\/\",\"logo\":{\"@type\":\"ImageObject\",\"inLanguage\":\"hr\",\"@id\":\"https:\\\/\\\/staging2.salpa.com\\\/#\\\/schema\\\/logo\\\/image\\\/\",\"url\":\"https:\\\/\\\/staging2.salpa.com\\\/wp-content\\\/uploads\\\/2023\\\/10\\\/logo-white.svg\",\"contentUrl\":\"https:\\\/\\\/staging2.salpa.com\\\/wp-content\\\/uploads\\\/2023\\\/10\\\/logo-white.svg\",\"caption\":\"Salpa Yachts\"},\"image\":{\"@id\":\"https:\\\/\\\/staging2.salpa.com\\\/#\\\/schema\\\/logo\\\/image\\\/\"},\"sameAs\":[\"https:\\\/\\\/www.facebook.com\\\/nauticasalpa\",\"https:\\\/\\\/www.instagram.com\\\/salpa_yachts\\\/\",\"https:\\\/\\\/www.youtube.com\\\/@SalpaYachts\"]}]}<\/script>\n<!-- \/ Yoast SEO plugin. -->","yoast_head_json":{"title":"Pravila privatnosti - Salpa Yachts","description":"Pravila o privatnosti Vlasnik web stranice Salpa.com je tvrtka Nautica Salpa srl, koja je odgovorna za obradu va\u0161ih osobnih podataka. Usvojili smo ova pravila.","robots":{"index":"noindex","follow":"follow","max-snippet":"max-snippet:-1","max-image-preview":"max-image-preview:large","max-video-preview":"max-video-preview:-1"},"og_locale":"hr_HR","og_type":"article","og_title":"Privacy Policy - Salpa Yachts","og_description":"Politica sulla riservatezzaIl sito Salpa.com \u00e8 di propriet\u00e0 di Nautica Salpa srl, titolare del trattamento dei Suoi dati personali.Abbiamo adottato questa","og_url":"https:\/\/staging2.salpa.com\/hr\/pravila-o-privatnosti-2\/","og_site_name":"Salpa Yachts","article_publisher":"https:\/\/www.facebook.com\/nauticasalpa","article_modified_time":"2023-11-29T12:01:28+00:00","twitter_card":"summary_large_image","twitter_misc":{"Procijenjeno vrijeme \u010ditanja":"4 minute"},"schema":{"@context":"https:\/\/schema.org","@graph":[{"@type":"WebPage","@id":"https:\/\/staging2.salpa.com\/privacy-policy-2\/","url":"https:\/\/staging2.salpa.com\/privacy-policy-2\/","name":"Pravila privatnosti - Salpa Yachts","isPartOf":{"@id":"https:\/\/staging2.salpa.com\/#website"},"datePublished":"2023-11-29T11:55:01+00:00","dateModified":"2023-11-29T12:01:28+00:00","description":"Pravila o privatnosti Vlasnik web stranice Salpa.com je tvrtka Nautica Salpa srl, koja je odgovorna za obradu va\u0161ih osobnih podataka. Usvojili smo ova pravila.","breadcrumb":{"@id":"https:\/\/staging2.salpa.com\/privacy-policy-2\/#breadcrumb"},"inLanguage":"hr","potentialAction":[{"@type":"ReadAction","target":["https:\/\/staging2.salpa.com\/privacy-policy-2\/"]}]},{"@type":"BreadcrumbList","@id":"https:\/\/staging2.salpa.com\/privacy-policy-2\/#breadcrumb","itemListElement":[{"@type":"ListItem","position":1,"name":"Home","item":"https:\/\/staging2.salpa.com\/"},{"@type":"ListItem","position":2,"name":"Privacy Policy"}]},{"@type":"WebSite","@id":"https:\/\/staging2.salpa.com\/#website","url":"https:\/\/staging2.salpa.com\/","name":"Salpa jahte","description":"Zaplovite u avanturu sa Salpa Yachts!","publisher":{"@id":"https:\/\/staging2.salpa.com\/#organization"},"alternateName":"Nautica Salpa srl","potentialAction":[{"@type":"SearchAction","target":{"@type":"EntryPoint","urlTemplate":"https:\/\/staging2.salpa.com\/?s={search_term_string}"},"query-input":{"@type":"PropertyValueSpecification","valueRequired":true,"valueName":"search_term_string"}}],"inLanguage":"hr"},{"@type":"Organization","@id":"https:\/\/staging2.salpa.com\/#organization","name":"Salpa jahte","alternateName":"Nautica Salpa srl","url":"https:\/\/staging2.salpa.com\/","logo":{"@type":"ImageObject","inLanguage":"hr","@id":"https:\/\/staging2.salpa.com\/#\/schema\/logo\/image\/","url":"https:\/\/staging2.salpa.com\/wp-content\/uploads\/2023\/10\/logo-white.svg","contentUrl":"https:\/\/staging2.salpa.com\/wp-content\/uploads\/2023\/10\/logo-white.svg","caption":"Salpa Yachts"},"image":{"@id":"https:\/\/staging2.salpa.com\/#\/schema\/logo\/image\/"},"sameAs":["https:\/\/www.facebook.com\/nauticasalpa","https:\/\/www.instagram.com\/salpa_yachts\/","https:\/\/www.youtube.com\/@SalpaYachts"]}]}},"_links":{"self":[{"href":"https:\/\/staging2.salpa.com\/hr\/wp-json\/wp\/v2\/pages\/1427","targetHints":{"allow":["GET"]}}],"collection":[{"href":"https:\/\/staging2.salpa.com\/hr\/wp-json\/wp\/v2\/pages"}],"about":[{"href":"https:\/\/staging2.salpa.com\/hr\/wp-json\/wp\/v2\/types\/page"}],"author":[{"embeddable":true,"href":"https:\/\/staging2.salpa.com\/hr\/wp-json\/wp\/v2\/users\/4"}],"replies":[{"embeddable":true,"href":"https:\/\/staging2.salpa.com\/hr\/wp-json\/wp\/v2\/comments?post=1427"}],"version-history":[{"count":7,"href":"https:\/\/staging2.salpa.com\/hr\/wp-json\/wp\/v2\/pages\/1427\/revisions"}],"predecessor-version":[{"id":1435,"href":"https:\/\/staging2.salpa.com\/hr\/wp-json\/wp\/v2\/pages\/1427\/revisions\/1435"}],"wp:attachment":[{"href":"https:\/\/staging2.salpa.com\/hr\/wp-json\/wp\/v2\/media?parent=1427"}],"curies":[{"name":"wp","href":"https:\/\/api.w.org\/{rel}","templated":true}]}}