{"id":2274,"date":"2024-06-12T18:44:14","date_gmt":"2024-06-12T17:44:14","guid":{"rendered":"https:\/\/www.salpa.com\/?page_id=2274"},"modified":"2024-06-12T18:55:57","modified_gmt":"2024-06-12T17:55:57","slug":"politika-zastite-okolisa","status":"publish","type":"page","link":"https:\/\/staging2.salpa.com\/hr\/politika-zastite-okolisa\/","title":{"rendered":"Politika za\u0161tite okoli\u0161a"},"content":{"rendered":"<div data-elementor-type=\"wp-page\" data-elementor-id=\"2274\" class=\"elementor elementor-2274\" data-elementor-post-type=\"page\">\n\t\t\t\t<div class=\"elementor-element elementor-element-34cd9b0 e-con-full e-flex e-con e-parent\" data-id=\"34cd9b0\" data-element_type=\"container\" data-e-type=\"container\" data-settings=\"{&quot;background_background&quot;:&quot;classic&quot;}\">\n\t\t\t\t<\/div>\n\t\t<div class=\"elementor-element elementor-element-ed79632 e-flex e-con-boxed e-con e-parent\" data-id=\"ed79632\" data-element_type=\"container\" data-e-type=\"container\">\n\t\t\t\t\t<div class=\"e-con-inner\">\n\t\t\t\t<div class=\"elementor-element elementor-element-48dd469 elementor-widget elementor-widget-spacer\" data-id=\"48dd469\" data-element_type=\"widget\" data-e-type=\"widget\" data-widget_type=\"spacer.default\">\n\t\t\t\t<div class=\"elementor-widget-container\">\n\t\t\t\t\t\t\t<div class=\"elementor-spacer\">\n\t\t\t<div class=\"elementor-spacer-inner\"><\/div>\n\t\t<\/div>\n\t\t\t\t\t\t<\/div>\n\t\t\t\t<\/div>\n\t\t\t\t<div class=\"elementor-element elementor-element-2a6992d elementor-widget elementor-widget-heading\" data-id=\"2a6992d\" data-element_type=\"widget\" data-e-type=\"widget\" data-widget_type=\"heading.default\">\n\t\t\t\t<div class=\"elementor-widget-container\">\n\t\t\t\t\t<h2 class=\"elementor-heading-title elementor-size-default\">Politika za\u0161tite okoli\u0161a<\/h2>\t\t\t\t<\/div>\n\t\t\t\t<\/div>\n\t\t\t\t<div class=\"elementor-element elementor-element-f937ed2 elementor-widget elementor-widget-text-editor\" data-id=\"f937ed2\" data-element_type=\"widget\" data-e-type=\"widget\" data-widget_type=\"text-editor.default\">\n\t\t\t\t<div class=\"elementor-widget-container\">\n\t\t\t\t\t\t\t\t\t<p>Nautica Salpa posve\u0107ena je promicanju ekolo\u0161ke odr\u017eivosti kroz niz inicijativa i praksi koje smanjuju utjecaj njezinog poslovanja na okoli\u0161. Na\u0161a politika za\u0161tite okoli\u0161a temelji se na na\u010delima dru\u0161tvene odgovornosti poduze\u0107a i usvajanju najboljih praksi u brodogradnji.<\/p><ol><li><strong>Kori\u0161tenje tehnologija s niskim utjecajem na okoli\u0161 u proizvodnji:<br \/><\/strong>U 2023. godini implementirali smo tehnologiju pre\u0161anja smolom (RTM) za proizvodnju komponenti od stakloplastike na\u0161ih krutih i gumenih \u010damaca. Ovaj proces, koji karakteriziraju zatvoreni kalupi, zna\u010dajno je smanjio emisije stirena u atmosferu, sa smanjenjem od 95%. Trenutno usvajamo tehnologiju vakuumske infuzije za proizvodnju na\u0161eg vode\u0107eg modela Salpa Soleil 52, \u0161to dodatno smanjuje emisije stirena.<br \/>Koristimo gelcoate i smole s niskim udjelom stirena s ni\u017eim stati\u010dkim emisijama od tradicionalnih VE smola. Na\u0161e smole i staklena vlakna ne sadr\u017ee endokrine disruptore, \u0161to osigurava sigurnost na\u0161ih radnika i \u0161titi okoli\u0161.<\/li><li><strong>Proizvodnja obnovljive energije:<\/strong><br \/>Od 2012. godine na krovu proizvodnog pogona instalirali smo fotonaponski sustav kapaciteta pribli\u017eno 200 kW, koji nam je omogu\u0107io proizvodnju 2.940.515,40 kWh elektri\u010dne energije do 31. prosinca 2023. To je rezultiralo smanjenjem emisije CO2 u iznosu od 2.058.360,78 kg.<br \/>Do 2024. godine pro\u0161irujemo na\u0161u solarnu farmu kako bismo pove\u0107ali kapacitet proizvodnje obnovljive energije na pribli\u017eno 500 kW, \u0161to \u0107e dodatno doprinijeti smanjenju emisija.<\/li><li><strong>Inovacije i razvoj odr\u017eivih tehnologija:<\/strong><br \/>U 2022. godini predstavili smo na\u0161e prvo hibridno (dizel\/elektri\u010dno) plovilo u suradnji s CNR Motor Instituteom, pokazuju\u0107i na\u0161u predanost u\u010dinkovitijim i ekolo\u0161ki prihvatljivijim pogonskim rje\u0161enjima.<br \/>Za 2024. godinu razvijamo inovativne projekte za potpuno elektri\u010dne vanbrodske krute i pneumatske brodove, integriraju\u0107i ku\u0107nu automatizaciju na brodu i razvijaju\u0107i rje\u0161enja temeljena na umjetnoj inteligenciji.<\/li><li><strong>Uprava tvrtke Nautica Salpa Srl obvezuje se na:<\/strong><br \/>Osigurati odgovaraju\u0107e resurse, financijska sredstva i stru\u010dnost za pravilno funkcioniranje Sustava upravljanja okoli\u0161em.<br \/>Definirati ovlasti i odgovornosti u podru\u010dju za\u0161tite okoli\u0161a te uspostaviti postupke potrebne za osiguranje u\u010dinkovitog funkcioniranja sustava.<br \/>Osigurati da se aktivnosti provode u strogom skladu sa zakonima o za\u0161titi okoli\u0161a i relevantnim propisima, \u0161tite\u0107i zdravlje radnika i radni okoli\u0161.<br \/>Kontinuirano pobolj\u0161avati ekolo\u0161ku u\u010dinkovitost procjenjivanjem ekonomske isplativosti najboljih dostupnih tehnologija.<br \/>Pratiti utjecaje poslovanja i proizvoda na okoli\u0161, stalno procjenjuju\u0107i mogu\u0107nosti za pobolj\u0161anje procesa kako bi se smanjili izravni i neizravni utjecaji na okoli\u0161.<br \/>Informirati i uklju\u010diti osoblje u Sustav upravljanja okoli\u0161em, promicati ekolo\u0161ku svijest na svim razinama i pru\u017eati odgovaraju\u0107u podr\u0161ku i informacije kupcima i dobavlja\u010dima.<br \/>Sura\u0111ivati s javnim vlastima kako bi se osigurala uskla\u0111enost s propisima o za\u0161titi okoli\u0161a i za\u0161titi okoli\u0161a.<br \/>Poduzmite mjere za smanjenje utjecaja na okoli\u0161 u izvanrednim situacijama.<\/li><\/ol><p>\u00a0<\/p><p>Nautica Salpa posve\u0107ena je kontinuiranom pobolj\u0161anju svojih ekolo\u0161kih praksi, primjeni najsuvremenijih tehnologija i promicanju odr\u017eivosti u svim fazama na\u0161e proizvodnje. Svjesni smo svoje odgovornosti prema okoli\u0161u i zajednici te neprestano radimo na smanjenju na\u0161eg utjecaja na okoli\u0161.<\/p>\t\t\t\t\t\t\t\t<\/div>\n\t\t\t\t<\/div>\n\t\t\t\t\t<\/div>\n\t\t\t\t<\/div>\n\t\t\t\t<\/div>","protected":false},"excerpt":{"rendered":"<p>Nautica Salpa si impegna a promuovere la sostenibilit\u00e0 ambientale attraverso una serie di iniziative e pratiche che riducono l&#8217;impatto ambientale delle proprie attivit\u00e0. La nostra politica ambientale si basa sui principi della responsabilit\u00e0 sociale d&#8217;impresa e sull&#8217;adozione delle migliori pratiche nel settore della produzione navale. Utilizzo di tecnologie a basso impatto ambientale nella produzione:Nel corso [&hellip;]<\/p>\n","protected":false},"author":4,"featured_media":0,"parent":0,"menu_order":0,"comment_status":"closed","ping_status":"closed","template":"elementor_header_footer","meta":{"_acf_changed":false,"footnotes":""},"class_list":["post-2274","page","type-page","status-publish","hentry"],"acf":[],"yoast_head":"<!-- This site is optimized with the Yoast SEO plugin v27.4 - https:\/\/yoast.com\/product\/yoast-seo-wordpress\/ -->\n<title>Policy Ambientale - Salpa Yachts<\/title>\n<meta name=\"description\" content=\"Nautica Salpa si impegna a promuovere la sostenibilit\u00e0 ambientale attraverso una serie di iniziative e pratiche che riducono l&#039;impatto ambientale delle\" \/>\n<meta name=\"robots\" content=\"noindex, follow, max-snippet:-1, max-image-preview:large, max-video-preview:-1\" \/>\n<meta property=\"og:locale\" content=\"hr_HR\" \/>\n<meta property=\"og:type\" content=\"article\" \/>\n<meta property=\"og:title\" content=\"Policy Ambientale - Salpa Yachts\" \/>\n<meta property=\"og:description\" content=\"Nautica Salpa si impegna a promuovere la sostenibilit\u00e0 ambientale attraverso una serie di iniziative e pratiche che riducono l&#039;impatto ambientale delle\" \/>\n<meta property=\"og:url\" content=\"https:\/\/staging2.salpa.com\/hr\/politika-zastite-okolisa\/\" \/>\n<meta property=\"og:site_name\" content=\"Salpa Yachts\" \/>\n<meta property=\"article:publisher\" content=\"https:\/\/www.facebook.com\/nauticasalpa\" \/>\n<meta property=\"article:modified_time\" content=\"2024-06-12T17:55:57+00:00\" \/>\n<meta name=\"twitter:card\" content=\"summary_large_image\" \/>\n<meta name=\"twitter:label1\" content=\"Procijenjeno vrijeme \u010ditanja\" \/>\n\t<meta name=\"twitter:data1\" content=\"3 minute\" \/>\n<script type=\"application\/ld+json\" class=\"yoast-schema-graph\">{\"@context\":\"https:\\\/\\\/schema.org\",\"@graph\":[{\"@type\":\"WebPage\",\"@id\":\"https:\\\/\\\/staging2.salpa.com\\\/policy-ambientale\\\/\",\"url\":\"https:\\\/\\\/staging2.salpa.com\\\/policy-ambientale\\\/\",\"name\":\"Policy Ambientale - Salpa Yachts\",\"isPartOf\":{\"@id\":\"https:\\\/\\\/staging2.salpa.com\\\/#website\"},\"datePublished\":\"2024-06-12T17:44:14+00:00\",\"dateModified\":\"2024-06-12T17:55:57+00:00\",\"description\":\"Nautica Salpa si impegna a promuovere la sostenibilit\u00e0 ambientale attraverso una serie di iniziative e pratiche che riducono l'impatto ambientale delle\",\"breadcrumb\":{\"@id\":\"https:\\\/\\\/staging2.salpa.com\\\/policy-ambientale\\\/#breadcrumb\"},\"inLanguage\":\"hr\",\"potentialAction\":[{\"@type\":\"ReadAction\",\"target\":[\"https:\\\/\\\/staging2.salpa.com\\\/policy-ambientale\\\/\"]}]},{\"@type\":\"BreadcrumbList\",\"@id\":\"https:\\\/\\\/staging2.salpa.com\\\/policy-ambientale\\\/#breadcrumb\",\"itemListElement\":[{\"@type\":\"ListItem\",\"position\":1,\"name\":\"Home\",\"item\":\"https:\\\/\\\/staging2.salpa.com\\\/\"},{\"@type\":\"ListItem\",\"position\":2,\"name\":\"Policy Ambientale\"}]},{\"@type\":\"WebSite\",\"@id\":\"https:\\\/\\\/staging2.salpa.com\\\/#website\",\"url\":\"https:\\\/\\\/staging2.salpa.com\\\/\",\"name\":\"Salpa Yachts\",\"description\":\"Naviga verso l&#039;avventura con Salpa Yachts!\",\"publisher\":{\"@id\":\"https:\\\/\\\/staging2.salpa.com\\\/#organization\"},\"alternateName\":\"Nautica Salpa srl\",\"potentialAction\":[{\"@type\":\"SearchAction\",\"target\":{\"@type\":\"EntryPoint\",\"urlTemplate\":\"https:\\\/\\\/staging2.salpa.com\\\/?s={search_term_string}\"},\"query-input\":{\"@type\":\"PropertyValueSpecification\",\"valueRequired\":true,\"valueName\":\"search_term_string\"}}],\"inLanguage\":\"hr\"},{\"@type\":\"Organization\",\"@id\":\"https:\\\/\\\/staging2.salpa.com\\\/#organization\",\"name\":\"Salpa Yachts\",\"alternateName\":\"Nautica Salpa srl\",\"url\":\"https:\\\/\\\/staging2.salpa.com\\\/\",\"logo\":{\"@type\":\"ImageObject\",\"inLanguage\":\"hr\",\"@id\":\"https:\\\/\\\/staging2.salpa.com\\\/#\\\/schema\\\/logo\\\/image\\\/\",\"url\":\"https:\\\/\\\/staging2.salpa.com\\\/wp-content\\\/uploads\\\/2023\\\/10\\\/logo-white.svg\",\"contentUrl\":\"https:\\\/\\\/staging2.salpa.com\\\/wp-content\\\/uploads\\\/2023\\\/10\\\/logo-white.svg\",\"caption\":\"Salpa Yachts\"},\"image\":{\"@id\":\"https:\\\/\\\/staging2.salpa.com\\\/#\\\/schema\\\/logo\\\/image\\\/\"},\"sameAs\":[\"https:\\\/\\\/www.facebook.com\\\/nauticasalpa\",\"https:\\\/\\\/www.instagram.com\\\/salpa_yachts\\\/\",\"https:\\\/\\\/www.youtube.com\\\/@SalpaYachts\"]}]}<\/script>\n<!-- \/ Yoast SEO plugin. -->","yoast_head_json":{"title":"Politika za\u0161tite okoli\u0161a - Salpa Yachts","description":"Nautica Salpa posve\u0107ena je promicanju ekolo\u0161ke odr\u017eivosti kroz niz inicijativa i praksi koje smanjuju utjecaj na okoli\u0161.","robots":{"index":"noindex","follow":"follow","max-snippet":"max-snippet:-1","max-image-preview":"max-image-preview:large","max-video-preview":"max-video-preview:-1"},"og_locale":"hr_HR","og_type":"article","og_title":"Policy Ambientale - Salpa Yachts","og_description":"Nautica Salpa si impegna a promuovere la sostenibilit\u00e0 ambientale attraverso una serie di iniziative e pratiche che riducono l'impatto ambientale delle","og_url":"https:\/\/staging2.salpa.com\/hr\/politika-zastite-okolisa\/","og_site_name":"Salpa Yachts","article_publisher":"https:\/\/www.facebook.com\/nauticasalpa","article_modified_time":"2024-06-12T17:55:57+00:00","twitter_card":"summary_large_image","twitter_misc":{"Procijenjeno vrijeme \u010ditanja":"3 minute"},"schema":{"@context":"https:\/\/schema.org","@graph":[{"@type":"WebPage","@id":"https:\/\/staging2.salpa.com\/policy-ambientale\/","url":"https:\/\/staging2.salpa.com\/policy-ambientale\/","name":"Politika za\u0161tite okoli\u0161a - Salpa Yachts","isPartOf":{"@id":"https:\/\/staging2.salpa.com\/#website"},"datePublished":"2024-06-12T17:44:14+00:00","dateModified":"2024-06-12T17:55:57+00:00","description":"Nautica Salpa posve\u0107ena je promicanju ekolo\u0161ke odr\u017eivosti kroz niz inicijativa i praksi koje smanjuju utjecaj na okoli\u0161.","breadcrumb":{"@id":"https:\/\/staging2.salpa.com\/policy-ambientale\/#breadcrumb"},"inLanguage":"hr","potentialAction":[{"@type":"ReadAction","target":["https:\/\/staging2.salpa.com\/policy-ambientale\/"]}]},{"@type":"BreadcrumbList","@id":"https:\/\/staging2.salpa.com\/policy-ambientale\/#breadcrumb","itemListElement":[{"@type":"ListItem","position":1,"name":"Home","item":"https:\/\/staging2.salpa.com\/"},{"@type":"ListItem","position":2,"name":"Policy Ambientale"}]},{"@type":"WebSite","@id":"https:\/\/staging2.salpa.com\/#website","url":"https:\/\/staging2.salpa.com\/","name":"Salpa jahte","description":"Zaplovite u avanturu sa Salpa Yachts!","publisher":{"@id":"https:\/\/staging2.salpa.com\/#organization"},"alternateName":"Nautica Salpa srl","potentialAction":[{"@type":"SearchAction","target":{"@type":"EntryPoint","urlTemplate":"https:\/\/staging2.salpa.com\/?s={search_term_string}"},"query-input":{"@type":"PropertyValueSpecification","valueRequired":true,"valueName":"search_term_string"}}],"inLanguage":"hr"},{"@type":"Organization","@id":"https:\/\/staging2.salpa.com\/#organization","name":"Salpa jahte","alternateName":"Nautica Salpa srl","url":"https:\/\/staging2.salpa.com\/","logo":{"@type":"ImageObject","inLanguage":"hr","@id":"https:\/\/staging2.salpa.com\/#\/schema\/logo\/image\/","url":"https:\/\/staging2.salpa.com\/wp-content\/uploads\/2023\/10\/logo-white.svg","contentUrl":"https:\/\/staging2.salpa.com\/wp-content\/uploads\/2023\/10\/logo-white.svg","caption":"Salpa Yachts"},"image":{"@id":"https:\/\/staging2.salpa.com\/#\/schema\/logo\/image\/"},"sameAs":["https:\/\/www.facebook.com\/nauticasalpa","https:\/\/www.instagram.com\/salpa_yachts\/","https:\/\/www.youtube.com\/@SalpaYachts"]}]}},"_links":{"self":[{"href":"https:\/\/staging2.salpa.com\/hr\/wp-json\/wp\/v2\/pages\/2274","targetHints":{"allow":["GET"]}}],"collection":[{"href":"https:\/\/staging2.salpa.com\/hr\/wp-json\/wp\/v2\/pages"}],"about":[{"href":"https:\/\/staging2.salpa.com\/hr\/wp-json\/wp\/v2\/types\/page"}],"author":[{"embeddable":true,"href":"https:\/\/staging2.salpa.com\/hr\/wp-json\/wp\/v2\/users\/4"}],"replies":[{"embeddable":true,"href":"https:\/\/staging2.salpa.com\/hr\/wp-json\/wp\/v2\/comments?post=2274"}],"version-history":[{"count":14,"href":"https:\/\/staging2.salpa.com\/hr\/wp-json\/wp\/v2\/pages\/2274\/revisions"}],"predecessor-version":[{"id":2289,"href":"https:\/\/staging2.salpa.com\/hr\/wp-json\/wp\/v2\/pages\/2274\/revisions\/2289"}],"wp:attachment":[{"href":"https:\/\/staging2.salpa.com\/hr\/wp-json\/wp\/v2\/media?parent=2274"}],"curies":[{"name":"wp","href":"https:\/\/api.w.org\/{rel}","templated":true}]}}