{"id":1427,"date":"2023-11-29T11:55:01","date_gmt":"2023-11-29T11:55:01","guid":{"rendered":"https:\/\/staging.salpa.com\/?page_id=1427"},"modified":"2023-11-29T12:01:28","modified_gmt":"2023-11-29T12:01:28","slug":"politica-de-privacidade-2","status":"publish","type":"page","link":"https:\/\/staging2.salpa.com\/pt\/politica-de-privacidade-2\/","title":{"rendered":"pol\u00edtica de Privacidade"},"content":{"rendered":"<div data-elementor-type=\"wp-page\" data-elementor-id=\"1427\" class=\"elementor elementor-1427\" data-elementor-post-type=\"page\">\n\t\t\t\t<div class=\"elementor-element elementor-element-4e9a444 e-flex e-con-boxed e-con e-parent\" data-id=\"4e9a444\" data-element_type=\"container\" data-e-type=\"container\">\n\t\t\t\t\t<div class=\"e-con-inner\">\n\t\t\t\t<div class=\"elementor-element elementor-element-67d400b elementor-widget elementor-widget-text-editor\" data-id=\"67d400b\" data-element_type=\"widget\" data-e-type=\"widget\" data-widget_type=\"text-editor.default\">\n\t\t\t\t<div class=\"elementor-widget-container\">\n\t\t\t\t\t\t\t\t\t<div class=\"results__agreement-preview\" data-v-11b4eedd=\"\" data-v-164ff72a=\"\"><h4>pol\u00edtica de Privacidade<\/h4><p>O site Salpa.com \u00e9 propriedade da Nautica Salpa srl, que \u00e9 respons\u00e1vel pelo processamento dos seus dados pessoais.<\/p><p>Adotamos esta pol\u00edtica de privacidade, que rege o tratamento das informa\u00e7\u00f5es coletadas pela Nautica Salpa, bem como os motivos para a coleta de determinados dados pessoais relacionados a voc\u00ea. Portanto, voc\u00ea deve ler esta pol\u00edtica de privacidade antes de usar o site da Nautica Salpa.<\/p><p>Processamos os seus dados pessoais e garantimos a sua confidencialidade e seguran\u00e7a.<\/p><h4>Informa\u00e7\u00f5es pessoais coletadas:<\/h4><p>Ao visitar o site da Nautica Salpa, coletamos automaticamente certas informa\u00e7\u00f5es sobre o seu dispositivo, incluindo informa\u00e7\u00f5es sobre o seu navegador, endere\u00e7o IP, fuso hor\u00e1rio e os cookies instalados no seu dispositivo. Al\u00e9m disso, enquanto voc\u00ea navega pelo site, coletamos informa\u00e7\u00f5es sobre as p\u00e1ginas da web ou produtos que voc\u00ea visualiza, os sites ou termos de pesquisa que o direcionaram ao site e como voc\u00ea interage com o site. Referimo-nos a essas informa\u00e7\u00f5es coletadas automaticamente como &quot;informa\u00e7\u00f5es do dispositivo&quot;. Adicionalmente, podemos coletar dados pessoais que voc\u00ea nos fornece (incluindo, entre outros, seu nome, endere\u00e7o, informa\u00e7\u00f5es de pagamento, etc.) durante o cadastro para cumprir o contrato.<\/p><h4>Por que processamos dados?<\/h4><p>A seguran\u00e7a dos dados dos nossos clientes \u00e9 a nossa prioridade, por isso processamos apenas os dados de utilizador estritamente necess\u00e1rios para o funcionamento do site. As informa\u00e7\u00f5es recolhidas automaticamente s\u00e3o utilizadas apenas para identificar potenciais casos de abuso e para elaborar estat\u00edsticas sobre a utiliza\u00e7\u00e3o do site. Estas informa\u00e7\u00f5es estat\u00edsticas n\u00e3o s\u00e3o agregadas para identificar um utilizador espec\u00edfico do sistema.<\/p><p>Voc\u00ea pode visitar o site sem fornecer nenhuma informa\u00e7\u00e3o que possa identific\u00e1-lo pessoalmente. No entanto, se desejar usar alguns dos recursos do site, receber boletins informativos ou fornecer outros dados preenchendo um formul\u00e1rio, poder\u00e1 ser solicitado que forne\u00e7a informa\u00e7\u00f5es pessoais, como seu endere\u00e7o de e-mail, nome, sobrenome, cidade de resid\u00eancia, organiza\u00e7\u00e3o e n\u00famero de telefone. Voc\u00ea pode optar por n\u00e3o fornecer dados pessoais, mas, nesse caso, n\u00e3o poder\u00e1 usar alguns dos recursos do site. Por exemplo, n\u00e3o poder\u00e1 receber nosso boletim informativo nem entrar em contato conosco diretamente pelo site. Usu\u00e1rios que tiverem d\u00favidas sobre quais informa\u00e7\u00f5es s\u00e3o necess\u00e1rias devem entrar em contato conosco pelo e-mail info@salpa.com.<\/p><h4>Seus direitos:<\/h4><p>Se voc\u00ea reside na Uni\u00e3o Europeia, voc\u00ea tem os seguintes direitos em rela\u00e7\u00e3o aos seus dados pessoais:<\/p><ul><li>O direito de ser informado.<\/li><li>O direito de acesso.<\/li><li>O direito de modificar.<\/li><li>O direito de apagar.<\/li><li>O direito \u00e0 restri\u00e7\u00e3o do processamento.<\/li><li>O direito \u00e0 portabilidade dos dados.<\/li><li>O direito de obje\u00e7\u00e3o.<\/li><li>O direito \u00e0 tomada de decis\u00f5es automatizadas e \u00e0 defini\u00e7\u00e3o de perfis.<\/li><\/ul><p>Para exercer esses direitos, entre em contato conosco atrav\u00e9s das informa\u00e7\u00f5es de contato abaixo.<\/p><p>Al\u00e9m disso, se voc\u00ea for residente na Uni\u00e3o Europeia, processamos suas informa\u00e7\u00f5es para executar contratos com voc\u00ea (por exemplo, se voc\u00ea fizer um pedido pelo site) ou para atender aos nossos leg\u00edtimos interesses comerciais descritos acima. Observe tamb\u00e9m que suas informa\u00e7\u00f5es podem ser transferidas para fora da Europa, incluindo para o Canad\u00e1 e os Estados Unidos.<\/p><h4>Links para outros sites:<\/h4><p>Nosso site pode conter links para outros sites que n\u00e3o s\u00e3o operados ou controlados por n\u00f3s. Observe que n\u00e3o somos respons\u00e1veis pelas pr\u00e1ticas de privacidade de outros sites ou terceiros. Recomendamos que voc\u00ea esteja atento ao sair do nosso site e que leia as declara\u00e7\u00f5es de privacidade de cada site que possa coletar informa\u00e7\u00f5es pessoais.<\/p><h4>Seguran\u00e7a da Informa\u00e7\u00e3o:<\/h4><p>Protegemos as informa\u00e7\u00f5es que voc\u00ea fornece em servidores de computador controlados, um ambiente seguro protegido contra acesso, uso ou divulga\u00e7\u00e3o n\u00e3o autorizados. Implementamos medidas de seguran\u00e7a f\u00edsicas, t\u00e9cnicas e administrativas razo\u00e1veis para proteger contra o acesso, uso, modifica\u00e7\u00e3o e divulga\u00e7\u00e3o n\u00e3o autorizados das informa\u00e7\u00f5es pessoais que mantemos. No entanto, nenhuma transmiss\u00e3o de dados pela Internet ou rede sem fio pode ser garantida como completamente segura.<\/p><h4>Aviso legal:<\/h4><p>Divulgaremos as informa\u00e7\u00f5es que coletamos, usamos ou recebemos se exigido ou permitido por lei, como para cumprir ordens judiciais ou processos legais semelhantes, bem como quando acreditarmos de boa-f\u00e9 que a divulga\u00e7\u00e3o \u00e9 necess\u00e1ria para proteger nossos direitos, proteger sua seguran\u00e7a ou a seguran\u00e7a de terceiros, investigar fraudes ou responder a solicita\u00e7\u00f5es governamentais.<\/p><h4>Informa\u00e7\u00f5es de contato:<\/h4><p>Para qualquer d\u00favida relacionada a direitos individuais ou informa\u00e7\u00f5es pessoais, envie um e-mail para info@salpa.com.<\/p><\/div>\t\t\t\t\t\t\t\t<\/div>\n\t\t\t\t<\/div>\n\t\t\t\t\t<\/div>\n\t\t\t\t<\/div>\n\t\t\t\t<\/div>","protected":false},"excerpt":{"rendered":"<p>Politica sulla riservatezza Il sito Salpa.com \u00e8 di propriet\u00e0 di Nautica Salpa srl, titolare del trattamento dei Suoi dati personali. Abbiamo adottato questa politica sulla privacy, la quale determina il trattamento delle informazioni raccolte da Nautica Salpa, oltre che i motivi per raccolta di certi dati personali a Lei correlati. Pertanto, deve leggere questa politica [&hellip;]<\/p>\n","protected":false},"author":4,"featured_media":0,"parent":0,"menu_order":0,"comment_status":"closed","ping_status":"closed","template":"elementor_header_footer","meta":{"_acf_changed":false,"footnotes":""},"class_list":["post-1427","page","type-page","status-publish","hentry"],"acf":[],"yoast_head":"<!-- This site is optimized with the Yoast SEO plugin v27.4 - https:\/\/yoast.com\/product\/yoast-seo-wordpress\/ -->\n<title>Privacy Policy - Salpa Yachts<\/title>\n<meta name=\"description\" content=\"Politica sulla riservatezzaIl sito Salpa.com \u00e8 di propriet\u00e0 di Nautica Salpa srl, titolare del trattamento dei Suoi dati personali.Abbiamo adottato questa\" \/>\n<meta name=\"robots\" content=\"noindex, follow, max-snippet:-1, max-image-preview:large, max-video-preview:-1\" \/>\n<meta property=\"og:locale\" content=\"pt_PT\" \/>\n<meta property=\"og:type\" content=\"article\" \/>\n<meta property=\"og:title\" content=\"Privacy Policy - Salpa Yachts\" \/>\n<meta property=\"og:description\" content=\"Politica sulla riservatezzaIl sito Salpa.com \u00e8 di propriet\u00e0 di Nautica Salpa srl, titolare del trattamento dei Suoi dati personali.Abbiamo adottato questa\" \/>\n<meta property=\"og:url\" content=\"https:\/\/staging2.salpa.com\/pt\/politica-de-privacidade-2\/\" \/>\n<meta property=\"og:site_name\" content=\"Salpa Yachts\" \/>\n<meta property=\"article:publisher\" content=\"https:\/\/www.facebook.com\/nauticasalpa\" \/>\n<meta property=\"article:modified_time\" content=\"2023-11-29T12:01:28+00:00\" \/>\n<meta name=\"twitter:card\" content=\"summary_large_image\" \/>\n<meta name=\"twitter:label1\" content=\"Est. reading time\" \/>\n\t<meta name=\"twitter:data1\" content=\"4 minutos\" \/>\n<script type=\"application\/ld+json\" class=\"yoast-schema-graph\">{\"@context\":\"https:\\\/\\\/schema.org\",\"@graph\":[{\"@type\":\"WebPage\",\"@id\":\"https:\\\/\\\/staging2.salpa.com\\\/privacy-policy-2\\\/\",\"url\":\"https:\\\/\\\/staging2.salpa.com\\\/privacy-policy-2\\\/\",\"name\":\"Privacy Policy - Salpa Yachts\",\"isPartOf\":{\"@id\":\"https:\\\/\\\/staging2.salpa.com\\\/#website\"},\"datePublished\":\"2023-11-29T11:55:01+00:00\",\"dateModified\":\"2023-11-29T12:01:28+00:00\",\"description\":\"Politica sulla riservatezzaIl sito Salpa.com \u00e8 di propriet\u00e0 di Nautica Salpa srl, titolare del trattamento dei Suoi dati personali.Abbiamo adottato questa\",\"breadcrumb\":{\"@id\":\"https:\\\/\\\/staging2.salpa.com\\\/privacy-policy-2\\\/#breadcrumb\"},\"inLanguage\":\"pt-PT\",\"potentialAction\":[{\"@type\":\"ReadAction\",\"target\":[\"https:\\\/\\\/staging2.salpa.com\\\/privacy-policy-2\\\/\"]}]},{\"@type\":\"BreadcrumbList\",\"@id\":\"https:\\\/\\\/staging2.salpa.com\\\/privacy-policy-2\\\/#breadcrumb\",\"itemListElement\":[{\"@type\":\"ListItem\",\"position\":1,\"name\":\"Home\",\"item\":\"https:\\\/\\\/staging2.salpa.com\\\/\"},{\"@type\":\"ListItem\",\"position\":2,\"name\":\"Privacy Policy\"}]},{\"@type\":\"WebSite\",\"@id\":\"https:\\\/\\\/staging2.salpa.com\\\/#website\",\"url\":\"https:\\\/\\\/staging2.salpa.com\\\/\",\"name\":\"Salpa Yachts\",\"description\":\"Naviga verso l&#039;avventura con Salpa Yachts!\",\"publisher\":{\"@id\":\"https:\\\/\\\/staging2.salpa.com\\\/#organization\"},\"alternateName\":\"Nautica Salpa srl\",\"potentialAction\":[{\"@type\":\"SearchAction\",\"target\":{\"@type\":\"EntryPoint\",\"urlTemplate\":\"https:\\\/\\\/staging2.salpa.com\\\/?s={search_term_string}\"},\"query-input\":{\"@type\":\"PropertyValueSpecification\",\"valueRequired\":true,\"valueName\":\"search_term_string\"}}],\"inLanguage\":\"pt-PT\"},{\"@type\":\"Organization\",\"@id\":\"https:\\\/\\\/staging2.salpa.com\\\/#organization\",\"name\":\"Salpa Yachts\",\"alternateName\":\"Nautica Salpa srl\",\"url\":\"https:\\\/\\\/staging2.salpa.com\\\/\",\"logo\":{\"@type\":\"ImageObject\",\"inLanguage\":\"pt-PT\",\"@id\":\"https:\\\/\\\/staging2.salpa.com\\\/#\\\/schema\\\/logo\\\/image\\\/\",\"url\":\"https:\\\/\\\/staging2.salpa.com\\\/wp-content\\\/uploads\\\/2023\\\/10\\\/logo-white.svg\",\"contentUrl\":\"https:\\\/\\\/staging2.salpa.com\\\/wp-content\\\/uploads\\\/2023\\\/10\\\/logo-white.svg\",\"caption\":\"Salpa Yachts\"},\"image\":{\"@id\":\"https:\\\/\\\/staging2.salpa.com\\\/#\\\/schema\\\/logo\\\/image\\\/\"},\"sameAs\":[\"https:\\\/\\\/www.facebook.com\\\/nauticasalpa\",\"https:\\\/\\\/www.instagram.com\\\/salpa_yachts\\\/\",\"https:\\\/\\\/www.youtube.com\\\/@SalpaYachts\"]}]}<\/script>\n<!-- \/ Yoast SEO plugin. -->","yoast_head_json":{"title":"Pol\u00edtica de Privacidade - Salpa Yachts","description":"Pol\u00edtica de PrivacidadeO website Salpa.com \u00e9 propriedade da Nautica Salpa srl, que \u00e9 respons\u00e1vel pelo processamento dos seus dados pessoais. Adotamos esta pol\u00edtica.","robots":{"index":"noindex","follow":"follow","max-snippet":"max-snippet:-1","max-image-preview":"max-image-preview:large","max-video-preview":"max-video-preview:-1"},"og_locale":"pt_PT","og_type":"article","og_title":"Privacy Policy - Salpa Yachts","og_description":"Politica sulla riservatezzaIl sito Salpa.com \u00e8 di propriet\u00e0 di Nautica Salpa srl, titolare del trattamento dei Suoi dati personali.Abbiamo adottato questa","og_url":"https:\/\/staging2.salpa.com\/pt\/politica-de-privacidade-2\/","og_site_name":"Salpa Yachts","article_publisher":"https:\/\/www.facebook.com\/nauticasalpa","article_modified_time":"2023-11-29T12:01:28+00:00","twitter_card":"summary_large_image","twitter_misc":{"Est. reading time":"4 minutos"},"schema":{"@context":"https:\/\/schema.org","@graph":[{"@type":"WebPage","@id":"https:\/\/staging2.salpa.com\/privacy-policy-2\/","url":"https:\/\/staging2.salpa.com\/privacy-policy-2\/","name":"Pol\u00edtica de Privacidade - Salpa Yachts","isPartOf":{"@id":"https:\/\/staging2.salpa.com\/#website"},"datePublished":"2023-11-29T11:55:01+00:00","dateModified":"2023-11-29T12:01:28+00:00","description":"Pol\u00edtica de PrivacidadeO website Salpa.com \u00e9 propriedade da Nautica Salpa srl, que \u00e9 respons\u00e1vel pelo processamento dos seus dados pessoais. Adotamos esta pol\u00edtica.","breadcrumb":{"@id":"https:\/\/staging2.salpa.com\/privacy-policy-2\/#breadcrumb"},"inLanguage":"pt-PT","potentialAction":[{"@type":"ReadAction","target":["https:\/\/staging2.salpa.com\/privacy-policy-2\/"]}]},{"@type":"BreadcrumbList","@id":"https:\/\/staging2.salpa.com\/privacy-policy-2\/#breadcrumb","itemListElement":[{"@type":"ListItem","position":1,"name":"Home","item":"https:\/\/staging2.salpa.com\/"},{"@type":"ListItem","position":2,"name":"Privacy Policy"}]},{"@type":"WebSite","@id":"https:\/\/staging2.salpa.com\/#website","url":"https:\/\/staging2.salpa.com\/","name":"Iates Salpa","description":"Navegue rumo \u00e0 aventura com a Salpa Yachts!","publisher":{"@id":"https:\/\/staging2.salpa.com\/#organization"},"alternateName":"Nautica Salpa srl","potentialAction":[{"@type":"SearchAction","target":{"@type":"EntryPoint","urlTemplate":"https:\/\/staging2.salpa.com\/?s={search_term_string}"},"query-input":{"@type":"PropertyValueSpecification","valueRequired":true,"valueName":"search_term_string"}}],"inLanguage":"pt-PT"},{"@type":"Organization","@id":"https:\/\/staging2.salpa.com\/#organization","name":"Iates Salpa","alternateName":"Nautica Salpa srl","url":"https:\/\/staging2.salpa.com\/","logo":{"@type":"ImageObject","inLanguage":"pt-PT","@id":"https:\/\/staging2.salpa.com\/#\/schema\/logo\/image\/","url":"https:\/\/staging2.salpa.com\/wp-content\/uploads\/2023\/10\/logo-white.svg","contentUrl":"https:\/\/staging2.salpa.com\/wp-content\/uploads\/2023\/10\/logo-white.svg","caption":"Salpa Yachts"},"image":{"@id":"https:\/\/staging2.salpa.com\/#\/schema\/logo\/image\/"},"sameAs":["https:\/\/www.facebook.com\/nauticasalpa","https:\/\/www.instagram.com\/salpa_yachts\/","https:\/\/www.youtube.com\/@SalpaYachts"]}]}},"_links":{"self":[{"href":"https:\/\/staging2.salpa.com\/pt\/wp-json\/wp\/v2\/pages\/1427","targetHints":{"allow":["GET"]}}],"collection":[{"href":"https:\/\/staging2.salpa.com\/pt\/wp-json\/wp\/v2\/pages"}],"about":[{"href":"https:\/\/staging2.salpa.com\/pt\/wp-json\/wp\/v2\/types\/page"}],"author":[{"embeddable":true,"href":"https:\/\/staging2.salpa.com\/pt\/wp-json\/wp\/v2\/users\/4"}],"replies":[{"embeddable":true,"href":"https:\/\/staging2.salpa.com\/pt\/wp-json\/wp\/v2\/comments?post=1427"}],"version-history":[{"count":7,"href":"https:\/\/staging2.salpa.com\/pt\/wp-json\/wp\/v2\/pages\/1427\/revisions"}],"predecessor-version":[{"id":1435,"href":"https:\/\/staging2.salpa.com\/pt\/wp-json\/wp\/v2\/pages\/1427\/revisions\/1435"}],"wp:attachment":[{"href":"https:\/\/staging2.salpa.com\/pt\/wp-json\/wp\/v2\/media?parent=1427"}],"curies":[{"name":"wp","href":"https:\/\/api.w.org\/{rel}","templated":true}]}}