{"id":2274,"date":"2024-06-12T18:44:14","date_gmt":"2024-06-12T17:44:14","guid":{"rendered":"https:\/\/www.salpa.com\/?page_id=2274"},"modified":"2024-06-12T18:55:57","modified_gmt":"2024-06-12T17:55:57","slug":"politica-ambiental","status":"publish","type":"page","link":"https:\/\/staging2.salpa.com\/pt\/politica-ambiental\/","title":{"rendered":"Pol\u00edtica Ambiental"},"content":{"rendered":"<div data-elementor-type=\"wp-page\" data-elementor-id=\"2274\" class=\"elementor elementor-2274\" data-elementor-post-type=\"page\">\n\t\t\t\t<div class=\"elementor-element elementor-element-34cd9b0 e-con-full e-flex e-con e-parent\" data-id=\"34cd9b0\" data-element_type=\"container\" data-e-type=\"container\" data-settings=\"{&quot;background_background&quot;:&quot;classic&quot;}\">\n\t\t\t\t<\/div>\n\t\t<div class=\"elementor-element elementor-element-ed79632 e-flex e-con-boxed e-con e-parent\" data-id=\"ed79632\" data-element_type=\"container\" data-e-type=\"container\">\n\t\t\t\t\t<div class=\"e-con-inner\">\n\t\t\t\t<div class=\"elementor-element elementor-element-48dd469 elementor-widget elementor-widget-spacer\" data-id=\"48dd469\" data-element_type=\"widget\" data-e-type=\"widget\" data-widget_type=\"spacer.default\">\n\t\t\t\t<div class=\"elementor-widget-container\">\n\t\t\t\t\t\t\t<div class=\"elementor-spacer\">\n\t\t\t<div class=\"elementor-spacer-inner\"><\/div>\n\t\t<\/div>\n\t\t\t\t\t\t<\/div>\n\t\t\t\t<\/div>\n\t\t\t\t<div class=\"elementor-element elementor-element-2a6992d elementor-widget elementor-widget-heading\" data-id=\"2a6992d\" data-element_type=\"widget\" data-e-type=\"widget\" data-widget_type=\"heading.default\">\n\t\t\t\t<div class=\"elementor-widget-container\">\n\t\t\t\t\t<h2 class=\"elementor-heading-title elementor-size-default\">Pol\u00edtica Ambiental<\/h2>\t\t\t\t<\/div>\n\t\t\t\t<\/div>\n\t\t\t\t<div class=\"elementor-element elementor-element-f937ed2 elementor-widget elementor-widget-text-editor\" data-id=\"f937ed2\" data-element_type=\"widget\" data-e-type=\"widget\" data-widget_type=\"text-editor.default\">\n\t\t\t\t<div class=\"elementor-widget-container\">\n\t\t\t\t\t\t\t\t\t<p>A Nautica Salpa est\u00e1 comprometida com a promo\u00e7\u00e3o da sustentabilidade ambiental por meio de uma s\u00e9rie de iniciativas e pr\u00e1ticas que reduzem o impacto ambiental de suas opera\u00e7\u00f5es. Nossa pol\u00edtica ambiental baseia-se nos princ\u00edpios da responsabilidade social corporativa e na ado\u00e7\u00e3o das melhores pr\u00e1ticas da ind\u00fastria naval.<\/p><ol><li><strong>Utiliza\u00e7\u00e3o de tecnologias de baixo impacto ambiental na produ\u00e7\u00e3o:<br \/><\/strong>Em 2023, implementamos a tecnologia de Moldagem por Transfer\u00eancia de Resina (RTM) para produzir os componentes de fibra de vidro de nossos barcos r\u00edgidos e infl\u00e1veis. Esse processo, caracterizado por moldes fechados, reduziu significativamente as emiss\u00f5es de estireno para a atmosfera, com uma diminui\u00e7\u00e3o de 95%. Atualmente, estamos adotando a tecnologia de infus\u00e3o a v\u00e1cuo para a produ\u00e7\u00e3o de nosso modelo principal, o Salpa Soleil 52, reduzindo ainda mais as emiss\u00f5es de estireno.<br \/>Utilizamos gelcoats e resinas com baixo teor de estireno e emiss\u00f5es eletrost\u00e1ticas menores do que as resinas VE tradicionais. Nossas resinas e fibras de vidro s\u00e3o isentas de desreguladores end\u00f3crinos, garantindo a seguran\u00e7a de nossos colaboradores e protegendo o meio ambiente.<\/li><li><strong>Produ\u00e7\u00e3o de energia renov\u00e1vel:<\/strong><br \/>Desde 2012, instalamos um sistema fotovoltaico no telhado da f\u00e1brica com capacidade aproximada de 200 kW, o que nos permitiu produzir 2.940.515,40 kWh de eletricidade at\u00e9 31 de dezembro de 2023. Isso resultou em uma redu\u00e7\u00e3o de emiss\u00f5es de CO2 equivalente a 2.058.360,78 kg.<br \/>At\u00e9 2024, expandiremos nossa fazenda solar para aumentar nossa capacidade de gera\u00e7\u00e3o de energia renov\u00e1vel para aproximadamente 500 kW, contribuindo ainda mais para a redu\u00e7\u00e3o das emiss\u00f5es.<\/li><li><strong>Inova\u00e7\u00e3o e desenvolvimento de tecnologias sustent\u00e1veis:<\/strong><br \/>Em 2022, lan\u00e7amos nossa primeira embarca\u00e7\u00e3o h\u00edbrida (diesel\/el\u00e9trica) em colabora\u00e7\u00e3o com o Instituto de Motores do CNR, demonstrando nosso compromisso com solu\u00e7\u00f5es de propuls\u00e3o mais eficientes e ecologicamente corretas.<br \/>Para 2024, estamos desenvolvendo projetos inovadores para barcos r\u00edgidos e pneum\u00e1ticos com motores de popa totalmente el\u00e9tricos, integrando automa\u00e7\u00e3o residencial a bordo e desenvolvendo solu\u00e7\u00f5es baseadas em intelig\u00eancia artificial.<\/li><li><strong>A Dire\u00e7\u00e3o da Nautica Salpa Srl est\u00e1 comprometida com:<\/strong><br \/>Disponibilizar recursos adequados, meios financeiros e conhecimentos especializados para o bom funcionamento do Sistema de Gest\u00e3o Ambiental.<br \/>Definir as compet\u00eancias e responsabilidades ambientais e estabelecer os procedimentos necess\u00e1rios para garantir o funcionamento eficaz do sistema.<br \/>Garantir que as atividades sejam realizadas em estrita conformidade com as leis ambientais e regulamentos pertinentes, protegendo a sa\u00fade dos trabalhadores e o ambiente de trabalho.<br \/>Melhorar continuamente a efici\u00eancia ambiental atrav\u00e9s da avalia\u00e7\u00e3o da viabilidade econ\u00f4mica das melhores tecnologias dispon\u00edveis.<br \/>Monitorar os impactos ambientais das opera\u00e7\u00f5es e dos produtos, avaliando constantemente as oportunidades de melhoria dos processos para reduzir os impactos ambientais diretos e indiretos.<br \/>Informar e envolver os funcion\u00e1rios no Sistema de Gest\u00e3o Ambiental, promovendo a conscientiza\u00e7\u00e3o ambiental em todos os n\u00edveis e fornecendo suporte e informa\u00e7\u00f5es adequadas a clientes e fornecedores.<br \/>Colaborar com as autoridades p\u00fablicas para garantir o cumprimento das normas ambientais e a prote\u00e7\u00e3o do meio ambiente.<br \/>Adote medidas para reduzir os impactos ambientais em situa\u00e7\u00f5es de emerg\u00eancia.<\/li><\/ol><p>\u00a0<\/p><p>A Nautica Salpa est\u00e1 comprometida com a melhoria cont\u00ednua de suas pr\u00e1ticas ambientais, adotando tecnologias de ponta e promovendo a sustentabilidade em todas as fases de nossa produ\u00e7\u00e3o. Temos consci\u00eancia de nossa responsabilidade com o meio ambiente e a comunidade e trabalhamos constantemente para reduzir nosso impacto ambiental.<\/p>\t\t\t\t\t\t\t\t<\/div>\n\t\t\t\t<\/div>\n\t\t\t\t\t<\/div>\n\t\t\t\t<\/div>\n\t\t\t\t<\/div>","protected":false},"excerpt":{"rendered":"<p>Nautica Salpa si impegna a promuovere la sostenibilit\u00e0 ambientale attraverso una serie di iniziative e pratiche che riducono l&#8217;impatto ambientale delle proprie attivit\u00e0. La nostra politica ambientale si basa sui principi della responsabilit\u00e0 sociale d&#8217;impresa e sull&#8217;adozione delle migliori pratiche nel settore della produzione navale. Utilizzo di tecnologie a basso impatto ambientale nella produzione:Nel corso [&hellip;]<\/p>\n","protected":false},"author":4,"featured_media":0,"parent":0,"menu_order":0,"comment_status":"closed","ping_status":"closed","template":"elementor_header_footer","meta":{"_acf_changed":false,"footnotes":""},"class_list":["post-2274","page","type-page","status-publish","hentry"],"acf":[],"yoast_head":"<!-- This site is optimized with the Yoast SEO plugin v27.4 - https:\/\/yoast.com\/product\/yoast-seo-wordpress\/ -->\n<title>Policy Ambientale - Salpa Yachts<\/title>\n<meta name=\"description\" content=\"Nautica Salpa si impegna a promuovere la sostenibilit\u00e0 ambientale attraverso una serie di iniziative e pratiche che riducono l&#039;impatto ambientale delle\" \/>\n<meta name=\"robots\" content=\"noindex, follow, max-snippet:-1, max-image-preview:large, max-video-preview:-1\" \/>\n<meta property=\"og:locale\" content=\"pt_PT\" \/>\n<meta property=\"og:type\" content=\"article\" \/>\n<meta property=\"og:title\" content=\"Policy Ambientale - Salpa Yachts\" \/>\n<meta property=\"og:description\" content=\"Nautica Salpa si impegna a promuovere la sostenibilit\u00e0 ambientale attraverso una serie di iniziative e pratiche che riducono l&#039;impatto ambientale delle\" \/>\n<meta property=\"og:url\" content=\"https:\/\/staging2.salpa.com\/pt\/politica-ambiental\/\" \/>\n<meta property=\"og:site_name\" content=\"Salpa Yachts\" \/>\n<meta property=\"article:publisher\" content=\"https:\/\/www.facebook.com\/nauticasalpa\" \/>\n<meta property=\"article:modified_time\" content=\"2024-06-12T17:55:57+00:00\" \/>\n<meta name=\"twitter:card\" content=\"summary_large_image\" \/>\n<meta name=\"twitter:label1\" content=\"Est. reading time\" \/>\n\t<meta name=\"twitter:data1\" content=\"3 minutos\" \/>\n<script type=\"application\/ld+json\" class=\"yoast-schema-graph\">{\"@context\":\"https:\\\/\\\/schema.org\",\"@graph\":[{\"@type\":\"WebPage\",\"@id\":\"https:\\\/\\\/staging2.salpa.com\\\/policy-ambientale\\\/\",\"url\":\"https:\\\/\\\/staging2.salpa.com\\\/policy-ambientale\\\/\",\"name\":\"Policy Ambientale - Salpa Yachts\",\"isPartOf\":{\"@id\":\"https:\\\/\\\/staging2.salpa.com\\\/#website\"},\"datePublished\":\"2024-06-12T17:44:14+00:00\",\"dateModified\":\"2024-06-12T17:55:57+00:00\",\"description\":\"Nautica Salpa si impegna a promuovere la sostenibilit\u00e0 ambientale attraverso una serie di iniziative e pratiche che riducono l'impatto ambientale delle\",\"breadcrumb\":{\"@id\":\"https:\\\/\\\/staging2.salpa.com\\\/policy-ambientale\\\/#breadcrumb\"},\"inLanguage\":\"pt-PT\",\"potentialAction\":[{\"@type\":\"ReadAction\",\"target\":[\"https:\\\/\\\/staging2.salpa.com\\\/policy-ambientale\\\/\"]}]},{\"@type\":\"BreadcrumbList\",\"@id\":\"https:\\\/\\\/staging2.salpa.com\\\/policy-ambientale\\\/#breadcrumb\",\"itemListElement\":[{\"@type\":\"ListItem\",\"position\":1,\"name\":\"Home\",\"item\":\"https:\\\/\\\/staging2.salpa.com\\\/\"},{\"@type\":\"ListItem\",\"position\":2,\"name\":\"Policy Ambientale\"}]},{\"@type\":\"WebSite\",\"@id\":\"https:\\\/\\\/staging2.salpa.com\\\/#website\",\"url\":\"https:\\\/\\\/staging2.salpa.com\\\/\",\"name\":\"Salpa Yachts\",\"description\":\"Naviga verso l&#039;avventura con Salpa Yachts!\",\"publisher\":{\"@id\":\"https:\\\/\\\/staging2.salpa.com\\\/#organization\"},\"alternateName\":\"Nautica Salpa srl\",\"potentialAction\":[{\"@type\":\"SearchAction\",\"target\":{\"@type\":\"EntryPoint\",\"urlTemplate\":\"https:\\\/\\\/staging2.salpa.com\\\/?s={search_term_string}\"},\"query-input\":{\"@type\":\"PropertyValueSpecification\",\"valueRequired\":true,\"valueName\":\"search_term_string\"}}],\"inLanguage\":\"pt-PT\"},{\"@type\":\"Organization\",\"@id\":\"https:\\\/\\\/staging2.salpa.com\\\/#organization\",\"name\":\"Salpa Yachts\",\"alternateName\":\"Nautica Salpa srl\",\"url\":\"https:\\\/\\\/staging2.salpa.com\\\/\",\"logo\":{\"@type\":\"ImageObject\",\"inLanguage\":\"pt-PT\",\"@id\":\"https:\\\/\\\/staging2.salpa.com\\\/#\\\/schema\\\/logo\\\/image\\\/\",\"url\":\"https:\\\/\\\/staging2.salpa.com\\\/wp-content\\\/uploads\\\/2023\\\/10\\\/logo-white.svg\",\"contentUrl\":\"https:\\\/\\\/staging2.salpa.com\\\/wp-content\\\/uploads\\\/2023\\\/10\\\/logo-white.svg\",\"caption\":\"Salpa Yachts\"},\"image\":{\"@id\":\"https:\\\/\\\/staging2.salpa.com\\\/#\\\/schema\\\/logo\\\/image\\\/\"},\"sameAs\":[\"https:\\\/\\\/www.facebook.com\\\/nauticasalpa\",\"https:\\\/\\\/www.instagram.com\\\/salpa_yachts\\\/\",\"https:\\\/\\\/www.youtube.com\\\/@SalpaYachts\"]}]}<\/script>\n<!-- \/ Yoast SEO plugin. -->","yoast_head_json":{"title":"Pol\u00edtica Ambiental - Salpa Yachts","description":"A Nautica Salpa est\u00e1 comprometida com a promo\u00e7\u00e3o da sustentabilidade ambiental por meio de uma s\u00e9rie de iniciativas e pr\u00e1ticas que reduzem o impacto ambiental de","robots":{"index":"noindex","follow":"follow","max-snippet":"max-snippet:-1","max-image-preview":"max-image-preview:large","max-video-preview":"max-video-preview:-1"},"og_locale":"pt_PT","og_type":"article","og_title":"Policy Ambientale - Salpa Yachts","og_description":"Nautica Salpa si impegna a promuovere la sostenibilit\u00e0 ambientale attraverso una serie di iniziative e pratiche che riducono l'impatto ambientale delle","og_url":"https:\/\/staging2.salpa.com\/pt\/politica-ambiental\/","og_site_name":"Salpa Yachts","article_publisher":"https:\/\/www.facebook.com\/nauticasalpa","article_modified_time":"2024-06-12T17:55:57+00:00","twitter_card":"summary_large_image","twitter_misc":{"Est. reading time":"3 minutos"},"schema":{"@context":"https:\/\/schema.org","@graph":[{"@type":"WebPage","@id":"https:\/\/staging2.salpa.com\/policy-ambientale\/","url":"https:\/\/staging2.salpa.com\/policy-ambientale\/","name":"Pol\u00edtica Ambiental - Salpa Yachts","isPartOf":{"@id":"https:\/\/staging2.salpa.com\/#website"},"datePublished":"2024-06-12T17:44:14+00:00","dateModified":"2024-06-12T17:55:57+00:00","description":"A Nautica Salpa est\u00e1 comprometida com a promo\u00e7\u00e3o da sustentabilidade ambiental por meio de uma s\u00e9rie de iniciativas e pr\u00e1ticas que reduzem o impacto ambiental de","breadcrumb":{"@id":"https:\/\/staging2.salpa.com\/policy-ambientale\/#breadcrumb"},"inLanguage":"pt-PT","potentialAction":[{"@type":"ReadAction","target":["https:\/\/staging2.salpa.com\/policy-ambientale\/"]}]},{"@type":"BreadcrumbList","@id":"https:\/\/staging2.salpa.com\/policy-ambientale\/#breadcrumb","itemListElement":[{"@type":"ListItem","position":1,"name":"Home","item":"https:\/\/staging2.salpa.com\/"},{"@type":"ListItem","position":2,"name":"Policy Ambientale"}]},{"@type":"WebSite","@id":"https:\/\/staging2.salpa.com\/#website","url":"https:\/\/staging2.salpa.com\/","name":"Iates Salpa","description":"Navegue rumo \u00e0 aventura com a Salpa Yachts!","publisher":{"@id":"https:\/\/staging2.salpa.com\/#organization"},"alternateName":"Nautica Salpa srl","potentialAction":[{"@type":"SearchAction","target":{"@type":"EntryPoint","urlTemplate":"https:\/\/staging2.salpa.com\/?s={search_term_string}"},"query-input":{"@type":"PropertyValueSpecification","valueRequired":true,"valueName":"search_term_string"}}],"inLanguage":"pt-PT"},{"@type":"Organization","@id":"https:\/\/staging2.salpa.com\/#organization","name":"Iates Salpa","alternateName":"Nautica Salpa srl","url":"https:\/\/staging2.salpa.com\/","logo":{"@type":"ImageObject","inLanguage":"pt-PT","@id":"https:\/\/staging2.salpa.com\/#\/schema\/logo\/image\/","url":"https:\/\/staging2.salpa.com\/wp-content\/uploads\/2023\/10\/logo-white.svg","contentUrl":"https:\/\/staging2.salpa.com\/wp-content\/uploads\/2023\/10\/logo-white.svg","caption":"Salpa Yachts"},"image":{"@id":"https:\/\/staging2.salpa.com\/#\/schema\/logo\/image\/"},"sameAs":["https:\/\/www.facebook.com\/nauticasalpa","https:\/\/www.instagram.com\/salpa_yachts\/","https:\/\/www.youtube.com\/@SalpaYachts"]}]}},"_links":{"self":[{"href":"https:\/\/staging2.salpa.com\/pt\/wp-json\/wp\/v2\/pages\/2274","targetHints":{"allow":["GET"]}}],"collection":[{"href":"https:\/\/staging2.salpa.com\/pt\/wp-json\/wp\/v2\/pages"}],"about":[{"href":"https:\/\/staging2.salpa.com\/pt\/wp-json\/wp\/v2\/types\/page"}],"author":[{"embeddable":true,"href":"https:\/\/staging2.salpa.com\/pt\/wp-json\/wp\/v2\/users\/4"}],"replies":[{"embeddable":true,"href":"https:\/\/staging2.salpa.com\/pt\/wp-json\/wp\/v2\/comments?post=2274"}],"version-history":[{"count":14,"href":"https:\/\/staging2.salpa.com\/pt\/wp-json\/wp\/v2\/pages\/2274\/revisions"}],"predecessor-version":[{"id":2289,"href":"https:\/\/staging2.salpa.com\/pt\/wp-json\/wp\/v2\/pages\/2274\/revisions\/2289"}],"wp:attachment":[{"href":"https:\/\/staging2.salpa.com\/pt\/wp-json\/wp\/v2\/media?parent=2274"}],"curies":[{"name":"wp","href":"https:\/\/api.w.org\/{rel}","templated":true}]}}