{"id":1483,"date":"2023-12-02T17:41:20","date_gmt":"2023-12-02T16:41:20","guid":{"rendered":"https:\/\/staging.salpa.com\/?page_id=1483"},"modified":"2023-12-20T09:05:46","modified_gmt":"2023-12-20T08:05:46","slug":"rezervirano-obmocje","status":"publish","type":"page","link":"https:\/\/staging2.salpa.com\/sl\/rezervirano-obmocje\/","title":{"rendered":"Rezervirano obmo\u010dje"},"content":{"rendered":"<div class=\"members-access-error\">Dobrodo\u0161li v obmo\u010dju za podporo spletnega mesta Salpa. Za dostop se prijavite. <strong><a href=\"https:\/\/staging2.salpa.com\/sl\/moj-racun\/\">Prijava<\/a><\/strong> ali <strong><a href=\"https:\/\/staging2.salpa.com\/sl\/registracija\/\">Registracija<\/a><\/strong> s podatki o va\u0161em plovilu, \u010de \u0161e niste registrirani.<\/p>\n<p>&nbsp;<\/p>\n<p>&nbsp;<\/p><\/div>","protected":false},"excerpt":{"rendered":"<div class=\"members-access-error\">Dobrodo\u0161li v obmo\u010dju za podporo spletnega mesta Salpa. Za dostop se prijavite. <strong><a href=\"https:\/\/staging2.salpa.com\/sl\/moj-racun\/\">Prijava<\/a><\/strong> ali <strong><a href=\"https:\/\/staging2.salpa.com\/sl\/registracija\/\">Registracija<\/a><\/strong> s podatki o va\u0161em plovilu, \u010de \u0161e niste registrirani.<\/p>\n<p>&nbsp;<\/p>\n<p>&nbsp;<\/p><\/div>","protected":false},"author":4,"featured_media":0,"parent":0,"menu_order":0,"comment_status":"closed","ping_status":"closed","template":"","meta":{"_acf_changed":false,"footnotes":""},"class_list":["post-1483","page","type-page","status-publish","hentry"],"acf":[],"yoast_head":"<!-- This site is optimized with the Yoast SEO plugin v27.4 - https:\/\/yoast.com\/product\/yoast-seo-wordpress\/ -->\n<title>Area Riservata - Salpa Yachts<\/title>\n<meta name=\"description\" content=\"supporto tecnico   Invia un messaggio al nostro Supporto Tecnico usando il modulo il basso. Sarai ricontattato a breve.\" \/>\n<meta name=\"robots\" content=\"noindex, follow, max-snippet:-1, max-image-preview:large, max-video-preview:-1\" \/>\n<meta property=\"og:locale\" content=\"sl_SI\" \/>\n<meta property=\"og:type\" content=\"article\" \/>\n<meta property=\"og:title\" content=\"Area Riservata - Salpa Yachts\" \/>\n<meta property=\"og:description\" content=\"supporto tecnico   Invia un messaggio al nostro Supporto Tecnico usando il modulo il basso. Sarai ricontattato a breve.\" \/>\n<meta property=\"og:url\" content=\"https:\/\/staging2.salpa.com\/sl\/rezervirano-obmocje\/\" \/>\n<meta property=\"og:site_name\" content=\"Salpa Yachts\" \/>\n<meta property=\"article:publisher\" content=\"https:\/\/www.facebook.com\/nauticasalpa\" \/>\n<meta property=\"article:modified_time\" content=\"2023-12-20T08:05:46+00:00\" \/>\n<meta name=\"twitter:card\" content=\"summary_large_image\" \/>\n<meta name=\"twitter:label1\" content=\"Est. reading time\" \/>\n\t<meta name=\"twitter:data1\" content=\"1 minuta\" \/>\n<script type=\"application\/ld+json\" class=\"yoast-schema-graph\">{\"@context\":\"https:\\\/\\\/schema.org\",\"@graph\":[{\"@type\":\"WebPage\",\"@id\":\"https:\\\/\\\/staging2.salpa.com\\\/area-riservata\\\/\",\"url\":\"https:\\\/\\\/staging2.salpa.com\\\/area-riservata\\\/\",\"name\":\"Area Riservata - Salpa Yachts\",\"isPartOf\":{\"@id\":\"https:\\\/\\\/staging2.salpa.com\\\/#website\"},\"datePublished\":\"2023-12-02T16:41:20+00:00\",\"dateModified\":\"2023-12-20T08:05:46+00:00\",\"description\":\"supporto tecnico Invia un messaggio al nostro Supporto Tecnico usando il modulo il basso. Sarai ricontattato a breve.\",\"breadcrumb\":{\"@id\":\"https:\\\/\\\/staging2.salpa.com\\\/area-riservata\\\/#breadcrumb\"},\"inLanguage\":\"sl-SI\",\"potentialAction\":[{\"@type\":\"ReadAction\",\"target\":[\"https:\\\/\\\/staging2.salpa.com\\\/area-riservata\\\/\"]}]},{\"@type\":\"BreadcrumbList\",\"@id\":\"https:\\\/\\\/staging2.salpa.com\\\/area-riservata\\\/#breadcrumb\",\"itemListElement\":[{\"@type\":\"ListItem\",\"position\":1,\"name\":\"Home\",\"item\":\"https:\\\/\\\/staging2.salpa.com\\\/\"},{\"@type\":\"ListItem\",\"position\":2,\"name\":\"Area Riservata\"}]},{\"@type\":\"WebSite\",\"@id\":\"https:\\\/\\\/staging2.salpa.com\\\/#website\",\"url\":\"https:\\\/\\\/staging2.salpa.com\\\/\",\"name\":\"Salpa Yachts\",\"description\":\"Naviga verso l&#039;avventura con Salpa Yachts!\",\"publisher\":{\"@id\":\"https:\\\/\\\/staging2.salpa.com\\\/#organization\"},\"alternateName\":\"Nautica Salpa srl\",\"potentialAction\":[{\"@type\":\"SearchAction\",\"target\":{\"@type\":\"EntryPoint\",\"urlTemplate\":\"https:\\\/\\\/staging2.salpa.com\\\/?s={search_term_string}\"},\"query-input\":{\"@type\":\"PropertyValueSpecification\",\"valueRequired\":true,\"valueName\":\"search_term_string\"}}],\"inLanguage\":\"sl-SI\"},{\"@type\":\"Organization\",\"@id\":\"https:\\\/\\\/staging2.salpa.com\\\/#organization\",\"name\":\"Salpa Yachts\",\"alternateName\":\"Nautica Salpa srl\",\"url\":\"https:\\\/\\\/staging2.salpa.com\\\/\",\"logo\":{\"@type\":\"ImageObject\",\"inLanguage\":\"sl-SI\",\"@id\":\"https:\\\/\\\/staging2.salpa.com\\\/#\\\/schema\\\/logo\\\/image\\\/\",\"url\":\"https:\\\/\\\/staging2.salpa.com\\\/wp-content\\\/uploads\\\/2023\\\/10\\\/logo-white.svg\",\"contentUrl\":\"https:\\\/\\\/staging2.salpa.com\\\/wp-content\\\/uploads\\\/2023\\\/10\\\/logo-white.svg\",\"caption\":\"Salpa Yachts\"},\"image\":{\"@id\":\"https:\\\/\\\/staging2.salpa.com\\\/#\\\/schema\\\/logo\\\/image\\\/\"},\"sameAs\":[\"https:\\\/\\\/www.facebook.com\\\/nauticasalpa\",\"https:\\\/\\\/www.instagram.com\\\/salpa_yachts\\\/\",\"https:\\\/\\\/www.youtube.com\\\/@SalpaYachts\"]}]}<\/script>\n<!-- \/ Yoast SEO plugin. -->","yoast_head_json":{"title":"Rezervirano obmo\u010dje - Salpa Yachts","description":"Tehni\u010dna podpora: Po\u0161ljite sporo\u010dilo na\u0161i ekipi za tehni\u010dno podporo s pomo\u010djo spodnjega obrazca. Kmalu se vam bomo oglasili.","robots":{"index":"noindex","follow":"follow","max-snippet":"max-snippet:-1","max-image-preview":"max-image-preview:large","max-video-preview":"max-video-preview:-1"},"og_locale":"sl_SI","og_type":"article","og_title":"Area Riservata - Salpa Yachts","og_description":"supporto tecnico   Invia un messaggio al nostro Supporto Tecnico usando il modulo il basso. Sarai ricontattato a breve.","og_url":"https:\/\/staging2.salpa.com\/sl\/rezervirano-obmocje\/","og_site_name":"Salpa Yachts","article_publisher":"https:\/\/www.facebook.com\/nauticasalpa","article_modified_time":"2023-12-20T08:05:46+00:00","twitter_card":"summary_large_image","twitter_misc":{"Est. reading time":"1 minuta"},"schema":{"@context":"https:\/\/schema.org","@graph":[{"@type":"WebPage","@id":"https:\/\/staging2.salpa.com\/area-riservata\/","url":"https:\/\/staging2.salpa.com\/area-riservata\/","name":"Rezervirano obmo\u010dje - Salpa Yachts","isPartOf":{"@id":"https:\/\/staging2.salpa.com\/#website"},"datePublished":"2023-12-02T16:41:20+00:00","dateModified":"2023-12-20T08:05:46+00:00","description":"Tehni\u010dna podpora: Po\u0161ljite sporo\u010dilo na\u0161i ekipi za tehni\u010dno podporo s pomo\u010djo spodnjega obrazca. Kmalu se vam bomo oglasili.","breadcrumb":{"@id":"https:\/\/staging2.salpa.com\/area-riservata\/#breadcrumb"},"inLanguage":"sl-SI","potentialAction":[{"@type":"ReadAction","target":["https:\/\/staging2.salpa.com\/area-riservata\/"]}]},{"@type":"BreadcrumbList","@id":"https:\/\/staging2.salpa.com\/area-riservata\/#breadcrumb","itemListElement":[{"@type":"ListItem","position":1,"name":"Home","item":"https:\/\/staging2.salpa.com\/"},{"@type":"ListItem","position":2,"name":"Area Riservata"}]},{"@type":"WebSite","@id":"https:\/\/staging2.salpa.com\/#website","url":"https:\/\/staging2.salpa.com\/","name":"Salpa Yachts","description":"Zaplujte pustolov\u0161\u010dinam naproti s Salpa Yachts!","publisher":{"@id":"https:\/\/staging2.salpa.com\/#organization"},"alternateName":"Nautica Salpa srl","potentialAction":[{"@type":"SearchAction","target":{"@type":"EntryPoint","urlTemplate":"https:\/\/staging2.salpa.com\/?s={search_term_string}"},"query-input":{"@type":"PropertyValueSpecification","valueRequired":true,"valueName":"search_term_string"}}],"inLanguage":"sl-SI"},{"@type":"Organization","@id":"https:\/\/staging2.salpa.com\/#organization","name":"Salpa Yachts","alternateName":"Nautica Salpa srl","url":"https:\/\/staging2.salpa.com\/","logo":{"@type":"ImageObject","inLanguage":"sl-SI","@id":"https:\/\/staging2.salpa.com\/#\/schema\/logo\/image\/","url":"https:\/\/staging2.salpa.com\/wp-content\/uploads\/2023\/10\/logo-white.svg","contentUrl":"https:\/\/staging2.salpa.com\/wp-content\/uploads\/2023\/10\/logo-white.svg","caption":"Salpa Yachts"},"image":{"@id":"https:\/\/staging2.salpa.com\/#\/schema\/logo\/image\/"},"sameAs":["https:\/\/www.facebook.com\/nauticasalpa","https:\/\/www.instagram.com\/salpa_yachts\/","https:\/\/www.youtube.com\/@SalpaYachts"]}]}},"_links":{"self":[{"href":"https:\/\/staging2.salpa.com\/sl\/wp-json\/wp\/v2\/pages\/1483","targetHints":{"allow":["GET"]}}],"collection":[{"href":"https:\/\/staging2.salpa.com\/sl\/wp-json\/wp\/v2\/pages"}],"about":[{"href":"https:\/\/staging2.salpa.com\/sl\/wp-json\/wp\/v2\/types\/page"}],"author":[{"embeddable":true,"href":"https:\/\/staging2.salpa.com\/sl\/wp-json\/wp\/v2\/users\/4"}],"replies":[{"embeddable":true,"href":"https:\/\/staging2.salpa.com\/sl\/wp-json\/wp\/v2\/comments?post=1483"}],"version-history":[{"count":43,"href":"https:\/\/staging2.salpa.com\/sl\/wp-json\/wp\/v2\/pages\/1483\/revisions"}],"predecessor-version":[{"id":1771,"href":"https:\/\/staging2.salpa.com\/sl\/wp-json\/wp\/v2\/pages\/1483\/revisions\/1771"}],"wp:attachment":[{"href":"https:\/\/staging2.salpa.com\/sl\/wp-json\/wp\/v2\/media?parent=1483"}],"curies":[{"name":"delovni list","href":"https:\/\/api.w.org\/{rel}","templated":true}]}}