{"id":170,"date":"2023-10-15T11:11:24","date_gmt":"2023-10-15T11:11:24","guid":{"rendered":"https:\/\/staging.salpa.com\/?page_id=170"},"modified":"2024-01-09T14:13:49","modified_gmt":"2024-01-09T13:13:49","slug":"tekneler","status":"publish","type":"page","link":"https:\/\/staging2.salpa.com\/tr\/tekneler\/","title":{"rendered":"Tekneler"},"content":{"rendered":"<div data-elementor-type=\"wp-page\" data-elementor-id=\"170\" class=\"elementor elementor-170\" data-elementor-post-type=\"page\">\n\t\t\t\t<div class=\"elementor-element elementor-element-8e7ed0e e-flex e-con-boxed e-con e-parent\" data-id=\"8e7ed0e\" data-element_type=\"container\" data-e-type=\"container\">\n\t\t\t\t\t<div class=\"e-con-inner\">\n\t\t\t\t<div class=\"elementor-element elementor-element-be292fb elementor-posts--align-center elementor-grid-3 elementor-grid-tablet-2 elementor-grid-mobile-1 elementor-posts--thumbnail-top elementor-widget elementor-widget-posts\" data-id=\"be292fb\" data-element_type=\"widget\" data-e-type=\"widget\" data-settings=\"{&quot;classic_row_gap&quot;:{&quot;unit&quot;:&quot;px&quot;,&quot;size&quot;:20,&quot;sizes&quot;:[]},&quot;classic_columns&quot;:&quot;3&quot;,&quot;classic_columns_tablet&quot;:&quot;2&quot;,&quot;classic_columns_mobile&quot;:&quot;1&quot;,&quot;classic_row_gap_tablet&quot;:{&quot;unit&quot;:&quot;px&quot;,&quot;size&quot;:&quot;&quot;,&quot;sizes&quot;:[]},&quot;classic_row_gap_mobile&quot;:{&quot;unit&quot;:&quot;px&quot;,&quot;size&quot;:&quot;&quot;,&quot;sizes&quot;:[]}}\" data-widget_type=\"posts.classic\">\n\t\t\t\t<div class=\"elementor-widget-container\">\n\t\t\t\t\t\t\t<div class=\"elementor-posts-container elementor-posts elementor-posts--skin-classic elementor-grid\" role=\"list\">\n\t\t\t\t<article class=\"elementor-post elementor-grid-item post-426 barche type-barche status-publish has-post-thumbnail hentry\" role=\"listitem\">\n\t\t\t\t<a class=\"elementor-post__thumbnail__link\" href=\"https:\/\/staging2.salpa.com\/tr\/tekneler\/avantgarde-35\/\" tabindex=\"-1\" >\n\t\t\t<div class=\"elementor-post__thumbnail\"><img fetchpriority=\"high\" decoding=\"async\" width=\"1500\" height=\"1500\" src=\"https:\/\/staging2.salpa.com\/wp-content\/uploads\/2023\/10\/salpa-avantgarde.361-copia.png\" class=\"attachment-full size-full wp-image-432\" alt=\"\" srcset=\"https:\/\/staging2.salpa.com\/wp-content\/uploads\/2023\/10\/salpa-avantgarde.361-copia.png 1500w, https:\/\/staging2.salpa.com\/wp-content\/uploads\/2023\/10\/salpa-avantgarde.361-copia-300x300.png 300w, https:\/\/staging2.salpa.com\/wp-content\/uploads\/2023\/10\/salpa-avantgarde.361-copia-1024x1024.png 1024w, https:\/\/staging2.salpa.com\/wp-content\/uploads\/2023\/10\/salpa-avantgarde.361-copia-150x150.png 150w, https:\/\/staging2.salpa.com\/wp-content\/uploads\/2023\/10\/salpa-avantgarde.361-copia-768x768.png 768w\" sizes=\"(max-width: 1500px) 100vw, 1500px\" \/><\/div>\n\t\t<\/a>\n\t\t\t\t<div class=\"elementor-post__text\">\n\t\t\t\t<h3 class=\"elementor-post__title\">\n\t\t\t<a href=\"https:\/\/staging2.salpa.com\/tr\/tekneler\/avantgarde-35\/\" >\n\t\t\t\tAvantgarde 35\t\t\t<\/a>\n\t\t<\/h3>\n\t\t\t\t<\/div>\n\t\t\t\t<\/article>\n\t\t\t\t<article class=\"elementor-post elementor-grid-item post-424 barche type-barche status-publish has-post-thumbnail hentry\" role=\"listitem\">\n\t\t\t\t<a class=\"elementor-post__thumbnail__link\" href=\"https:\/\/staging2.salpa.com\/tr\/tekneler\/camasir-makinesi-23xl\/\" tabindex=\"-1\" >\n\t\t\t<div class=\"elementor-post__thumbnail\"><img decoding=\"async\" width=\"1500\" height=\"1500\" src=\"https:\/\/staging2.salpa.com\/wp-content\/uploads\/2023\/10\/laver23.png\" class=\"attachment-full size-full wp-image-425\" alt=\"\" srcset=\"https:\/\/staging2.salpa.com\/wp-content\/uploads\/2023\/10\/laver23.png 1500w, https:\/\/staging2.salpa.com\/wp-content\/uploads\/2023\/10\/laver23-300x300.png 300w, https:\/\/staging2.salpa.com\/wp-content\/uploads\/2023\/10\/laver23-1024x1024.png 1024w, https:\/\/staging2.salpa.com\/wp-content\/uploads\/2023\/10\/laver23-150x150.png 150w, https:\/\/staging2.salpa.com\/wp-content\/uploads\/2023\/10\/laver23-768x768.png 768w\" sizes=\"(max-width: 1500px) 100vw, 1500px\" \/><\/div>\n\t\t<\/a>\n\t\t\t\t<div class=\"elementor-post__text\">\n\t\t\t\t<h3 class=\"elementor-post__title\">\n\t\t\t<a href=\"https:\/\/staging2.salpa.com\/tr\/tekneler\/camasir-makinesi-23xl\/\" >\n\t\t\t\tLaver 23XL\t\t\t<\/a>\n\t\t<\/h3>\n\t\t\t\t<\/div>\n\t\t\t\t<\/article>\n\t\t\t\t<article class=\"elementor-post elementor-grid-item post-422 barche type-barche status-publish has-post-thumbnail hentry\" role=\"listitem\">\n\t\t\t\t<a class=\"elementor-post__thumbnail__link\" href=\"https:\/\/staging2.salpa.com\/tr\/tekneler\/23x-yikayin\/\" tabindex=\"-1\" >\n\t\t\t<div class=\"elementor-post__thumbnail\"><img decoding=\"async\" width=\"1500\" height=\"1500\" src=\"https:\/\/staging2.salpa.com\/wp-content\/uploads\/2023\/10\/laver23.png\" class=\"attachment-full size-full wp-image-425\" alt=\"\" srcset=\"https:\/\/staging2.salpa.com\/wp-content\/uploads\/2023\/10\/laver23.png 1500w, https:\/\/staging2.salpa.com\/wp-content\/uploads\/2023\/10\/laver23-300x300.png 300w, https:\/\/staging2.salpa.com\/wp-content\/uploads\/2023\/10\/laver23-1024x1024.png 1024w, https:\/\/staging2.salpa.com\/wp-content\/uploads\/2023\/10\/laver23-150x150.png 150w, https:\/\/staging2.salpa.com\/wp-content\/uploads\/2023\/10\/laver23-768x768.png 768w\" sizes=\"(max-width: 1500px) 100vw, 1500px\" \/><\/div>\n\t\t<\/a>\n\t\t\t\t<div class=\"elementor-post__text\">\n\t\t\t\t<h3 class=\"elementor-post__title\">\n\t\t\t<a href=\"https:\/\/staging2.salpa.com\/tr\/tekneler\/23x-yikayin\/\" >\n\t\t\t\tLaver 23X\t\t\t<\/a>\n\t\t<\/h3>\n\t\t\t\t<\/div>\n\t\t\t\t<\/article>\n\t\t\t\t<article class=\"elementor-post elementor-grid-item post-420 barche type-barche status-publish has-post-thumbnail hentry\" role=\"listitem\">\n\t\t\t\t<a class=\"elementor-post__thumbnail__link\" href=\"https:\/\/staging2.salpa.com\/tr\/tekneler\/sunsix\/\" tabindex=\"-1\" >\n\t\t\t<div class=\"elementor-post__thumbnail\"><img decoding=\"async\" width=\"1500\" height=\"1500\" src=\"https:\/\/staging2.salpa.com\/wp-content\/uploads\/2023\/10\/sunsix.png\" class=\"attachment-full size-full wp-image-428\" alt=\"\" srcset=\"https:\/\/staging2.salpa.com\/wp-content\/uploads\/2023\/10\/sunsix.png 1500w, https:\/\/staging2.salpa.com\/wp-content\/uploads\/2023\/10\/sunsix-300x300.png 300w, https:\/\/staging2.salpa.com\/wp-content\/uploads\/2023\/10\/sunsix-1024x1024.png 1024w, https:\/\/staging2.salpa.com\/wp-content\/uploads\/2023\/10\/sunsix-150x150.png 150w, https:\/\/staging2.salpa.com\/wp-content\/uploads\/2023\/10\/sunsix-768x768.png 768w\" sizes=\"(max-width: 1500px) 100vw, 1500px\" \/><\/div>\n\t\t<\/a>\n\t\t\t\t<div class=\"elementor-post__text\">\n\t\t\t\t<h3 class=\"elementor-post__title\">\n\t\t\t<a href=\"https:\/\/staging2.salpa.com\/tr\/tekneler\/sunsix\/\" >\n\t\t\t\tSUNSIX\t\t\t<\/a>\n\t\t<\/h3>\n\t\t\t\t<\/div>\n\t\t\t\t<\/article>\n\t\t\t\t<\/div>\n\t\t\n\t\t\t\t\t\t<\/div>\n\t\t\t\t<\/div>\n\t\t\t\t<div class=\"elementor-element elementor-element-980bbfa elementor-widget elementor-widget-spacer\" data-id=\"980bbfa\" data-element_type=\"widget\" data-e-type=\"widget\" data-widget_type=\"spacer.default\">\n\t\t\t\t<div class=\"elementor-widget-container\">\n\t\t\t\t\t\t\t<div class=\"elementor-spacer\">\n\t\t\t<div class=\"elementor-spacer-inner\"><\/div>\n\t\t<\/div>\n\t\t\t\t\t\t<\/div>\n\t\t\t\t<\/div>\n\t\t\t\t\t<\/div>\n\t\t\t\t<\/div>\n\t\t\t\t<\/div>","protected":false},"excerpt":{"rendered":"","protected":false},"author":4,"featured_media":0,"parent":0,"menu_order":0,"comment_status":"closed","ping_status":"closed","template":"","meta":{"_acf_changed":false,"footnotes":""},"class_list":["post-170","page","type-page","status-publish","hentry"],"acf":[],"yoast_head":"<!-- This site is optimized with the Yoast SEO plugin v27.4 - https:\/\/yoast.com\/product\/yoast-seo-wordpress\/ -->\n<title>Barche - Salpa Yachts<\/title>\n<meta name=\"robots\" content=\"noindex, follow, max-snippet:-1, max-image-preview:large, max-video-preview:-1\" \/>\n<meta property=\"og:locale\" content=\"tr_TR\" \/>\n<meta property=\"og:type\" content=\"article\" \/>\n<meta property=\"og:title\" content=\"Barche - Salpa Yachts\" \/>\n<meta property=\"og:url\" content=\"https:\/\/staging2.salpa.com\/tr\/tekneler\/\" \/>\n<meta property=\"og:site_name\" content=\"Salpa Yachts\" \/>\n<meta property=\"article:publisher\" content=\"https:\/\/www.facebook.com\/nauticasalpa\" \/>\n<meta property=\"article:modified_time\" content=\"2024-01-09T13:13:49+00:00\" \/>\n<meta name=\"twitter:card\" content=\"summary_large_image\" \/>\n<meta name=\"twitter:label1\" content=\"Tahmini okuma s\u00fcresi\" \/>\n\t<meta name=\"twitter:data1\" content=\"1 dakika\" \/>\n<script type=\"application\/ld+json\" class=\"yoast-schema-graph\">{\"@context\":\"https:\\\/\\\/schema.org\",\"@graph\":[{\"@type\":\"WebPage\",\"@id\":\"https:\\\/\\\/staging2.salpa.com\\\/barche\\\/\",\"url\":\"https:\\\/\\\/staging2.salpa.com\\\/barche\\\/\",\"name\":\"Barche - Salpa Yachts\",\"isPartOf\":{\"@id\":\"https:\\\/\\\/staging2.salpa.com\\\/#website\"},\"datePublished\":\"2023-10-15T11:11:24+00:00\",\"dateModified\":\"2024-01-09T13:13:49+00:00\",\"breadcrumb\":{\"@id\":\"https:\\\/\\\/staging2.salpa.com\\\/barche\\\/#breadcrumb\"},\"inLanguage\":\"tr\",\"potentialAction\":[{\"@type\":\"ReadAction\",\"target\":[\"https:\\\/\\\/staging2.salpa.com\\\/barche\\\/\"]}]},{\"@type\":\"BreadcrumbList\",\"@id\":\"https:\\\/\\\/staging2.salpa.com\\\/barche\\\/#breadcrumb\",\"itemListElement\":[{\"@type\":\"ListItem\",\"position\":1,\"name\":\"Home\",\"item\":\"https:\\\/\\\/staging2.salpa.com\\\/\"},{\"@type\":\"ListItem\",\"position\":2,\"name\":\"Barche\"}]},{\"@type\":\"WebSite\",\"@id\":\"https:\\\/\\\/staging2.salpa.com\\\/#website\",\"url\":\"https:\\\/\\\/staging2.salpa.com\\\/\",\"name\":\"Salpa Yachts\",\"description\":\"Naviga verso l&#039;avventura con Salpa Yachts!\",\"publisher\":{\"@id\":\"https:\\\/\\\/staging2.salpa.com\\\/#organization\"},\"alternateName\":\"Nautica Salpa srl\",\"potentialAction\":[{\"@type\":\"SearchAction\",\"target\":{\"@type\":\"EntryPoint\",\"urlTemplate\":\"https:\\\/\\\/staging2.salpa.com\\\/?s={search_term_string}\"},\"query-input\":{\"@type\":\"PropertyValueSpecification\",\"valueRequired\":true,\"valueName\":\"search_term_string\"}}],\"inLanguage\":\"tr\"},{\"@type\":\"Organization\",\"@id\":\"https:\\\/\\\/staging2.salpa.com\\\/#organization\",\"name\":\"Salpa Yachts\",\"alternateName\":\"Nautica Salpa srl\",\"url\":\"https:\\\/\\\/staging2.salpa.com\\\/\",\"logo\":{\"@type\":\"ImageObject\",\"inLanguage\":\"tr\",\"@id\":\"https:\\\/\\\/staging2.salpa.com\\\/#\\\/schema\\\/logo\\\/image\\\/\",\"url\":\"https:\\\/\\\/staging2.salpa.com\\\/wp-content\\\/uploads\\\/2023\\\/10\\\/logo-white.svg\",\"contentUrl\":\"https:\\\/\\\/staging2.salpa.com\\\/wp-content\\\/uploads\\\/2023\\\/10\\\/logo-white.svg\",\"caption\":\"Salpa Yachts\"},\"image\":{\"@id\":\"https:\\\/\\\/staging2.salpa.com\\\/#\\\/schema\\\/logo\\\/image\\\/\"},\"sameAs\":[\"https:\\\/\\\/www.facebook.com\\\/nauticasalpa\",\"https:\\\/\\\/www.instagram.com\\\/salpa_yachts\\\/\",\"https:\\\/\\\/www.youtube.com\\\/@SalpaYachts\"]}]}<\/script>\n<!-- \/ Yoast SEO plugin. -->","yoast_head_json":{"title":"Tekneler - Salpa Yatlar\u0131","robots":{"index":"noindex","follow":"follow","max-snippet":"max-snippet:-1","max-image-preview":"max-image-preview:large","max-video-preview":"max-video-preview:-1"},"og_locale":"tr_TR","og_type":"article","og_title":"Barche - Salpa Yachts","og_url":"https:\/\/staging2.salpa.com\/tr\/tekneler\/","og_site_name":"Salpa Yachts","article_publisher":"https:\/\/www.facebook.com\/nauticasalpa","article_modified_time":"2024-01-09T13:13:49+00:00","twitter_card":"summary_large_image","twitter_misc":{"Tahmini okuma s\u00fcresi":"1 dakika"},"schema":{"@context":"https:\/\/schema.org","@graph":[{"@type":"WebPage","@id":"https:\/\/staging2.salpa.com\/barche\/","url":"https:\/\/staging2.salpa.com\/barche\/","name":"Tekneler - Salpa Yatlar\u0131","isPartOf":{"@id":"https:\/\/staging2.salpa.com\/#website"},"datePublished":"2023-10-15T11:11:24+00:00","dateModified":"2024-01-09T13:13:49+00:00","breadcrumb":{"@id":"https:\/\/staging2.salpa.com\/barche\/#breadcrumb"},"inLanguage":"tr","potentialAction":[{"@type":"ReadAction","target":["https:\/\/staging2.salpa.com\/barche\/"]}]},{"@type":"BreadcrumbList","@id":"https:\/\/staging2.salpa.com\/barche\/#breadcrumb","itemListElement":[{"@type":"ListItem","position":1,"name":"Home","item":"https:\/\/staging2.salpa.com\/"},{"@type":"ListItem","position":2,"name":"Barche"}]},{"@type":"WebSite","@id":"https:\/\/staging2.salpa.com\/#website","url":"https:\/\/staging2.salpa.com\/","name":"Salpa Yatlar\u0131","description":"Salpa Yatlar\u0131 ile maceraya do\u011fru yelken a\u00e7\u0131n!","publisher":{"@id":"https:\/\/staging2.salpa.com\/#organization"},"alternateName":"Nautica Salpa srl","potentialAction":[{"@type":"SearchAction","target":{"@type":"EntryPoint","urlTemplate":"https:\/\/staging2.salpa.com\/?s={search_term_string}"},"query-input":{"@type":"PropertyValueSpecification","valueRequired":true,"valueName":"search_term_string"}}],"inLanguage":"tr"},{"@type":"Organization","@id":"https:\/\/staging2.salpa.com\/#organization","name":"Salpa Yatlar\u0131","alternateName":"Nautica Salpa srl","url":"https:\/\/staging2.salpa.com\/","logo":{"@type":"ImageObject","inLanguage":"tr","@id":"https:\/\/staging2.salpa.com\/#\/schema\/logo\/image\/","url":"https:\/\/staging2.salpa.com\/wp-content\/uploads\/2023\/10\/logo-white.svg","contentUrl":"https:\/\/staging2.salpa.com\/wp-content\/uploads\/2023\/10\/logo-white.svg","caption":"Salpa Yachts"},"image":{"@id":"https:\/\/staging2.salpa.com\/#\/schema\/logo\/image\/"},"sameAs":["https:\/\/www.facebook.com\/nauticasalpa","https:\/\/www.instagram.com\/salpa_yachts\/","https:\/\/www.youtube.com\/@SalpaYachts"]}]}},"_links":{"self":[{"href":"https:\/\/staging2.salpa.com\/tr\/wp-json\/wp\/v2\/pages\/170","targetHints":{"allow":["GET"]}}],"collection":[{"href":"https:\/\/staging2.salpa.com\/tr\/wp-json\/wp\/v2\/pages"}],"about":[{"href":"https:\/\/staging2.salpa.com\/tr\/wp-json\/wp\/v2\/types\/page"}],"author":[{"embeddable":true,"href":"https:\/\/staging2.salpa.com\/tr\/wp-json\/wp\/v2\/users\/4"}],"replies":[{"embeddable":true,"href":"https:\/\/staging2.salpa.com\/tr\/wp-json\/wp\/v2\/comments?post=170"}],"version-history":[{"count":4,"href":"https:\/\/staging2.salpa.com\/tr\/wp-json\/wp\/v2\/pages\/170\/revisions"}],"predecessor-version":[{"id":1815,"href":"https:\/\/staging2.salpa.com\/tr\/wp-json\/wp\/v2\/pages\/170\/revisions\/1815"}],"wp:attachment":[{"href":"https:\/\/staging2.salpa.com\/tr\/wp-json\/wp\/v2\/media?parent=170"}],"curies":[{"name":"wp","href":"https:\/\/api.w.org\/{rel}","templated":true}]}}