{"id":2274,"date":"2024-06-12T18:44:14","date_gmt":"2024-06-12T17:44:14","guid":{"rendered":"https:\/\/www.salpa.com\/?page_id=2274"},"modified":"2024-06-12T18:55:57","modified_gmt":"2024-06-12T17:55:57","slug":"cevre-politikasi","status":"publish","type":"page","link":"https:\/\/staging2.salpa.com\/tr\/cevre-politikasi\/","title":{"rendered":"\u00c7evre Politikas\u0131"},"content":{"rendered":"<div data-elementor-type=\"wp-page\" data-elementor-id=\"2274\" class=\"elementor elementor-2274\" data-elementor-post-type=\"page\">\n\t\t\t\t<div class=\"elementor-element elementor-element-34cd9b0 e-con-full e-flex e-con e-parent\" data-id=\"34cd9b0\" data-element_type=\"container\" data-e-type=\"container\" data-settings=\"{&quot;background_background&quot;:&quot;classic&quot;}\">\n\t\t\t\t<\/div>\n\t\t<div class=\"elementor-element elementor-element-ed79632 e-flex e-con-boxed e-con e-parent\" data-id=\"ed79632\" data-element_type=\"container\" data-e-type=\"container\">\n\t\t\t\t\t<div class=\"e-con-inner\">\n\t\t\t\t<div class=\"elementor-element elementor-element-48dd469 elementor-widget elementor-widget-spacer\" data-id=\"48dd469\" data-element_type=\"widget\" data-e-type=\"widget\" data-widget_type=\"spacer.default\">\n\t\t\t\t<div class=\"elementor-widget-container\">\n\t\t\t\t\t\t\t<div class=\"elementor-spacer\">\n\t\t\t<div class=\"elementor-spacer-inner\"><\/div>\n\t\t<\/div>\n\t\t\t\t\t\t<\/div>\n\t\t\t\t<\/div>\n\t\t\t\t<div class=\"elementor-element elementor-element-2a6992d elementor-widget elementor-widget-heading\" data-id=\"2a6992d\" data-element_type=\"widget\" data-e-type=\"widget\" data-widget_type=\"heading.default\">\n\t\t\t\t<div class=\"elementor-widget-container\">\n\t\t\t\t\t<h2 class=\"elementor-heading-title elementor-size-default\">\u00c7evre Politikas\u0131<\/h2>\t\t\t\t<\/div>\n\t\t\t\t<\/div>\n\t\t\t\t<div class=\"elementor-element elementor-element-f937ed2 elementor-widget elementor-widget-text-editor\" data-id=\"f937ed2\" data-element_type=\"widget\" data-e-type=\"widget\" data-widget_type=\"text-editor.default\">\n\t\t\t\t<div class=\"elementor-widget-container\">\n\t\t\t\t\t\t\t\t\t<p>Nautica Salpa, faaliyetlerinin \u00e7evresel etkisini azaltan bir dizi giri\u015fim ve uygulama arac\u0131l\u0131\u011f\u0131yla \u00e7evresel s\u00fcrd\u00fcr\u00fclebilirli\u011fi te\u015fvik etmeye kendini adam\u0131\u015ft\u0131r. \u00c7evre politikam\u0131z, kurumsal sosyal sorumluluk ilkelerine ve gemi in\u015fa sekt\u00f6r\u00fcnde en iyi uygulamalar\u0131n benimsenmesine dayanmaktad\u0131r.<\/p><ol><li><strong>\u00dcretimde d\u00fc\u015f\u00fck \u00e7evresel etki teknolojilerinin kullan\u0131m\u0131:<br \/><\/strong>2023 y\u0131l\u0131nda, sert ve \u015fi\u015firilebilir botlar\u0131m\u0131z\u0131n fiberglas bile\u015fenlerini \u00fcretmek i\u00e7in Re\u00e7ine Transfer Kal\u0131plama (RTM) teknolojisini uygulamaya koyduk. Kapal\u0131 kal\u0131plarla karakterize edilen bu s\u00fcre\u00e7, atmosfere stiren emisyonlar\u0131n\u0131 %&#039;lik bir d\u00fc\u015f\u00fc\u015fle \u00f6nemli \u00f6l\u00e7\u00fcde azaltt\u0131. \u015eu anda amiral gemimiz Salpa Soleil 52&#039;nin \u00fcretiminde vakum inf\u00fczyon teknolojisini kullan\u0131yor ve stiren emisyonlar\u0131n\u0131 daha da azalt\u0131yoruz.<br \/>Geleneksel VE re\u00e7inelerine k\u0131yasla daha d\u00fc\u015f\u00fck statik emisyonlu d\u00fc\u015f\u00fck stirenli jelkotlar ve re\u00e7ineler kullan\u0131yoruz. Re\u00e7inelerimiz ve cam elyaflar\u0131m\u0131z endokrin bozucu maddeler i\u00e7ermedi\u011finden, \u00e7al\u0131\u015fanlar\u0131m\u0131z\u0131n g\u00fcvenli\u011fini sa\u011flar ve \u00e7evreyi korur.<\/li><li><strong>Yenilenebilir enerji \u00fcretimi:<\/strong><br \/>\u00dcretim tesisimizin \u00e7at\u0131s\u0131na 2012 y\u0131l\u0131ndan bu yana yakla\u015f\u0131k 200 kW kapasiteli fotovoltaik sistem kurduk ve bu sayede 31 Aral\u0131k 2023 tarihine kadar 2.940.515,40 kWh elektrik \u00fcretmeyi ba\u015fard\u0131k. Bu sayede 2.058.360,78 kg CO2 emisyonunda azalma sa\u011fland\u0131.<br \/>2024 y\u0131l\u0131na kadar yenilenebilir enerji \u00fcretim kapasitemizi yakla\u015f\u0131k 500 kW&#039;a \u00e7\u0131karacak \u015fekilde g\u00fcne\u015f enerjisi \u00e7iftli\u011fimizi geni\u015fleterek emisyon azalt\u0131m\u0131na daha fazla katk\u0131da bulunaca\u011f\u0131z.<\/li><li><strong>S\u00fcrd\u00fcr\u00fclebilir teknolojilerin inovasyonu ve geli\u015ftirilmesi:<\/strong><br \/>2022 y\u0131l\u0131nda CNR Motor Enstit\u00fcs\u00fc ile i\u015f birli\u011fi yaparak ilk hibrit (dizel\/elektrikli) gemimizi tan\u0131tt\u0131k ve daha verimli ve \u00e7evre dostu tahrik \u00e7\u00f6z\u00fcmlerine olan ba\u011fl\u0131l\u0131\u011f\u0131m\u0131z\u0131 ortaya koyduk.<br \/>2024 y\u0131l\u0131 i\u00e7in tamamen elektrikli d\u0131\u015ftan takma sert ve pn\u00f6matik tekneler i\u00e7in yenilik\u00e7i projeler geli\u015ftiriyor, tekne i\u00e7i ev otomasyonunu entegre ediyor ve yapay zekaya dayal\u0131 \u00e7\u00f6z\u00fcmler geli\u015ftiriyoruz.<\/li><li><strong>Nautica Salpa Srl Y\u00f6netimi a\u015fa\u011f\u0131dakilere kendini adam\u0131\u015ft\u0131r:<\/strong><br \/>\u00c7evre Y\u00f6netim Sisteminin d\u00fczg\u00fcn bir \u015fekilde i\u015flemesi i\u00e7in yeterli kaynak, mali imk\u00e2n ve uzmanl\u0131\u011f\u0131 sa\u011flamak.<br \/>\u00c7evresel yetki ve sorumluluklar\u0131 tan\u0131mlay\u0131n ve sistemin etkili bir \u015fekilde i\u015flemesini sa\u011flamak i\u00e7in gerekli prosed\u00fcrleri olu\u015fturun.<br \/>Faaliyetlerin \u00e7evre kanunlar\u0131 ve ilgili y\u00f6netmeliklere uygun olarak y\u00fcr\u00fct\u00fclmesini, \u00e7al\u0131\u015fanlar\u0131n sa\u011fl\u0131\u011f\u0131n\u0131n ve \u00e7al\u0131\u015fma ortam\u0131n\u0131n korunmas\u0131n\u0131 sa\u011flamak.<br \/>En iyi mevcut teknolojilerin ekonomik uygulanabilirli\u011fini de\u011ferlendirerek \u00e7evresel verimlili\u011fi s\u00fcrekli olarak iyile\u015ftirmek.<br \/>Operasyonlar\u0131n ve \u00fcr\u00fcnlerin \u00e7evresel etkilerini izleyin, do\u011frudan ve dolayl\u0131 \u00e7evresel etkileri azaltmak i\u00e7in s\u00fcre\u00e7 iyile\u015ftirme f\u0131rsatlar\u0131n\u0131 s\u00fcrekli de\u011ferlendirin.<br \/>\u00c7evre Y\u00f6netim Sistemi&#039;nde personeli bilgilendirin ve sisteme dahil edin, t\u00fcm seviyelerde \u00e7evre bilincini te\u015fvik edin ve m\u00fc\u015fterilere ve tedarik\u00e7ilere uygun destek ve bilgi sa\u011flay\u0131n.<br \/>\u00c7evresel d\u00fczenlemelere uyumun ve \u00e7evrenin korunmas\u0131n\u0131n sa\u011flanmas\u0131 i\u00e7in kamu otoriteleriyle i\u015fbirli\u011fi yapmak.<br \/>Acil durumlarda \u00e7evresel etkileri azaltacak tedbirler al\u0131n.<\/li><\/ol><p>\u00a0<\/p><p>Nautica Salpa, \u00e7evre uygulamalar\u0131n\u0131 s\u00fcrekli iyile\u015ftirmeye, en son teknolojileri benimsemeye ve \u00fcretimimizin t\u00fcm a\u015famalar\u0131nda s\u00fcrd\u00fcr\u00fclebilirli\u011fi te\u015fvik etmeye kararl\u0131d\u0131r. \u00c7evreye ve topluma kar\u015f\u0131 sorumlulu\u011fumuzun bilincindeyiz ve \u00e7evresel etkimizi azaltmak i\u00e7in s\u00fcrekli \u00e7al\u0131\u015f\u0131yoruz.<\/p>\t\t\t\t\t\t\t\t<\/div>\n\t\t\t\t<\/div>\n\t\t\t\t\t<\/div>\n\t\t\t\t<\/div>\n\t\t\t\t<\/div>","protected":false},"excerpt":{"rendered":"<p>Nautica Salpa si impegna a promuovere la sostenibilit\u00e0 ambientale attraverso una serie di iniziative e pratiche che riducono l&#8217;impatto ambientale delle proprie attivit\u00e0. La nostra politica ambientale si basa sui principi della responsabilit\u00e0 sociale d&#8217;impresa e sull&#8217;adozione delle migliori pratiche nel settore della produzione navale. Utilizzo di tecnologie a basso impatto ambientale nella produzione:Nel corso [&hellip;]<\/p>\n","protected":false},"author":4,"featured_media":0,"parent":0,"menu_order":0,"comment_status":"closed","ping_status":"closed","template":"elementor_header_footer","meta":{"_acf_changed":false,"footnotes":""},"class_list":["post-2274","page","type-page","status-publish","hentry"],"acf":[],"yoast_head":"<!-- This site is optimized with the Yoast SEO plugin v27.4 - https:\/\/yoast.com\/product\/yoast-seo-wordpress\/ -->\n<title>Policy Ambientale - Salpa Yachts<\/title>\n<meta name=\"description\" content=\"Nautica Salpa si impegna a promuovere la sostenibilit\u00e0 ambientale attraverso una serie di iniziative e pratiche che riducono l&#039;impatto ambientale delle\" \/>\n<meta name=\"robots\" content=\"noindex, follow, max-snippet:-1, max-image-preview:large, max-video-preview:-1\" \/>\n<meta property=\"og:locale\" content=\"tr_TR\" \/>\n<meta property=\"og:type\" content=\"article\" \/>\n<meta property=\"og:title\" content=\"Policy Ambientale - Salpa Yachts\" \/>\n<meta property=\"og:description\" content=\"Nautica Salpa si impegna a promuovere la sostenibilit\u00e0 ambientale attraverso una serie di iniziative e pratiche che riducono l&#039;impatto ambientale delle\" \/>\n<meta property=\"og:url\" content=\"https:\/\/staging2.salpa.com\/tr\/cevre-politikasi\/\" \/>\n<meta property=\"og:site_name\" content=\"Salpa Yachts\" \/>\n<meta property=\"article:publisher\" content=\"https:\/\/www.facebook.com\/nauticasalpa\" \/>\n<meta property=\"article:modified_time\" content=\"2024-06-12T17:55:57+00:00\" \/>\n<meta name=\"twitter:card\" content=\"summary_large_image\" \/>\n<meta name=\"twitter:label1\" content=\"Tahmini okuma s\u00fcresi\" \/>\n\t<meta name=\"twitter:data1\" content=\"3 dakika\" \/>\n<script type=\"application\/ld+json\" class=\"yoast-schema-graph\">{\"@context\":\"https:\\\/\\\/schema.org\",\"@graph\":[{\"@type\":\"WebPage\",\"@id\":\"https:\\\/\\\/staging2.salpa.com\\\/policy-ambientale\\\/\",\"url\":\"https:\\\/\\\/staging2.salpa.com\\\/policy-ambientale\\\/\",\"name\":\"Policy Ambientale - Salpa Yachts\",\"isPartOf\":{\"@id\":\"https:\\\/\\\/staging2.salpa.com\\\/#website\"},\"datePublished\":\"2024-06-12T17:44:14+00:00\",\"dateModified\":\"2024-06-12T17:55:57+00:00\",\"description\":\"Nautica Salpa si impegna a promuovere la sostenibilit\u00e0 ambientale attraverso una serie di iniziative e pratiche che riducono l'impatto ambientale delle\",\"breadcrumb\":{\"@id\":\"https:\\\/\\\/staging2.salpa.com\\\/policy-ambientale\\\/#breadcrumb\"},\"inLanguage\":\"tr\",\"potentialAction\":[{\"@type\":\"ReadAction\",\"target\":[\"https:\\\/\\\/staging2.salpa.com\\\/policy-ambientale\\\/\"]}]},{\"@type\":\"BreadcrumbList\",\"@id\":\"https:\\\/\\\/staging2.salpa.com\\\/policy-ambientale\\\/#breadcrumb\",\"itemListElement\":[{\"@type\":\"ListItem\",\"position\":1,\"name\":\"Home\",\"item\":\"https:\\\/\\\/staging2.salpa.com\\\/\"},{\"@type\":\"ListItem\",\"position\":2,\"name\":\"Policy Ambientale\"}]},{\"@type\":\"WebSite\",\"@id\":\"https:\\\/\\\/staging2.salpa.com\\\/#website\",\"url\":\"https:\\\/\\\/staging2.salpa.com\\\/\",\"name\":\"Salpa Yachts\",\"description\":\"Naviga verso l&#039;avventura con Salpa Yachts!\",\"publisher\":{\"@id\":\"https:\\\/\\\/staging2.salpa.com\\\/#organization\"},\"alternateName\":\"Nautica Salpa srl\",\"potentialAction\":[{\"@type\":\"SearchAction\",\"target\":{\"@type\":\"EntryPoint\",\"urlTemplate\":\"https:\\\/\\\/staging2.salpa.com\\\/?s={search_term_string}\"},\"query-input\":{\"@type\":\"PropertyValueSpecification\",\"valueRequired\":true,\"valueName\":\"search_term_string\"}}],\"inLanguage\":\"tr\"},{\"@type\":\"Organization\",\"@id\":\"https:\\\/\\\/staging2.salpa.com\\\/#organization\",\"name\":\"Salpa Yachts\",\"alternateName\":\"Nautica Salpa srl\",\"url\":\"https:\\\/\\\/staging2.salpa.com\\\/\",\"logo\":{\"@type\":\"ImageObject\",\"inLanguage\":\"tr\",\"@id\":\"https:\\\/\\\/staging2.salpa.com\\\/#\\\/schema\\\/logo\\\/image\\\/\",\"url\":\"https:\\\/\\\/staging2.salpa.com\\\/wp-content\\\/uploads\\\/2023\\\/10\\\/logo-white.svg\",\"contentUrl\":\"https:\\\/\\\/staging2.salpa.com\\\/wp-content\\\/uploads\\\/2023\\\/10\\\/logo-white.svg\",\"caption\":\"Salpa Yachts\"},\"image\":{\"@id\":\"https:\\\/\\\/staging2.salpa.com\\\/#\\\/schema\\\/logo\\\/image\\\/\"},\"sameAs\":[\"https:\\\/\\\/www.facebook.com\\\/nauticasalpa\",\"https:\\\/\\\/www.instagram.com\\\/salpa_yachts\\\/\",\"https:\\\/\\\/www.youtube.com\\\/@SalpaYachts\"]}]}<\/script>\n<!-- \/ Yoast SEO plugin. -->","yoast_head_json":{"title":"\u00c7evre Politikas\u0131 - Salpa Yatlar\u0131","description":"Nautica Salpa, \u00e7evresel etkiyi azaltan bir dizi giri\u015fim ve uygulama yoluyla \u00e7evresel s\u00fcrd\u00fcr\u00fclebilirli\u011fi te\u015fvik etmeye kendini adam\u0131\u015ft\u0131r.","robots":{"index":"noindex","follow":"follow","max-snippet":"max-snippet:-1","max-image-preview":"max-image-preview:large","max-video-preview":"max-video-preview:-1"},"og_locale":"tr_TR","og_type":"article","og_title":"Policy Ambientale - Salpa Yachts","og_description":"Nautica Salpa si impegna a promuovere la sostenibilit\u00e0 ambientale attraverso una serie di iniziative e pratiche che riducono l'impatto ambientale delle","og_url":"https:\/\/staging2.salpa.com\/tr\/cevre-politikasi\/","og_site_name":"Salpa Yachts","article_publisher":"https:\/\/www.facebook.com\/nauticasalpa","article_modified_time":"2024-06-12T17:55:57+00:00","twitter_card":"summary_large_image","twitter_misc":{"Tahmini okuma s\u00fcresi":"3 dakika"},"schema":{"@context":"https:\/\/schema.org","@graph":[{"@type":"WebPage","@id":"https:\/\/staging2.salpa.com\/policy-ambientale\/","url":"https:\/\/staging2.salpa.com\/policy-ambientale\/","name":"\u00c7evre Politikas\u0131 - Salpa Yatlar\u0131","isPartOf":{"@id":"https:\/\/staging2.salpa.com\/#website"},"datePublished":"2024-06-12T17:44:14+00:00","dateModified":"2024-06-12T17:55:57+00:00","description":"Nautica Salpa, \u00e7evresel etkiyi azaltan bir dizi giri\u015fim ve uygulama yoluyla \u00e7evresel s\u00fcrd\u00fcr\u00fclebilirli\u011fi te\u015fvik etmeye kendini adam\u0131\u015ft\u0131r.","breadcrumb":{"@id":"https:\/\/staging2.salpa.com\/policy-ambientale\/#breadcrumb"},"inLanguage":"tr","potentialAction":[{"@type":"ReadAction","target":["https:\/\/staging2.salpa.com\/policy-ambientale\/"]}]},{"@type":"BreadcrumbList","@id":"https:\/\/staging2.salpa.com\/policy-ambientale\/#breadcrumb","itemListElement":[{"@type":"ListItem","position":1,"name":"Home","item":"https:\/\/staging2.salpa.com\/"},{"@type":"ListItem","position":2,"name":"Policy Ambientale"}]},{"@type":"WebSite","@id":"https:\/\/staging2.salpa.com\/#website","url":"https:\/\/staging2.salpa.com\/","name":"Salpa Yatlar\u0131","description":"Salpa Yatlar\u0131 ile maceraya do\u011fru yelken a\u00e7\u0131n!","publisher":{"@id":"https:\/\/staging2.salpa.com\/#organization"},"alternateName":"Nautica Salpa srl","potentialAction":[{"@type":"SearchAction","target":{"@type":"EntryPoint","urlTemplate":"https:\/\/staging2.salpa.com\/?s={search_term_string}"},"query-input":{"@type":"PropertyValueSpecification","valueRequired":true,"valueName":"search_term_string"}}],"inLanguage":"tr"},{"@type":"Organization","@id":"https:\/\/staging2.salpa.com\/#organization","name":"Salpa Yatlar\u0131","alternateName":"Nautica Salpa srl","url":"https:\/\/staging2.salpa.com\/","logo":{"@type":"ImageObject","inLanguage":"tr","@id":"https:\/\/staging2.salpa.com\/#\/schema\/logo\/image\/","url":"https:\/\/staging2.salpa.com\/wp-content\/uploads\/2023\/10\/logo-white.svg","contentUrl":"https:\/\/staging2.salpa.com\/wp-content\/uploads\/2023\/10\/logo-white.svg","caption":"Salpa Yachts"},"image":{"@id":"https:\/\/staging2.salpa.com\/#\/schema\/logo\/image\/"},"sameAs":["https:\/\/www.facebook.com\/nauticasalpa","https:\/\/www.instagram.com\/salpa_yachts\/","https:\/\/www.youtube.com\/@SalpaYachts"]}]}},"_links":{"self":[{"href":"https:\/\/staging2.salpa.com\/tr\/wp-json\/wp\/v2\/pages\/2274","targetHints":{"allow":["GET"]}}],"collection":[{"href":"https:\/\/staging2.salpa.com\/tr\/wp-json\/wp\/v2\/pages"}],"about":[{"href":"https:\/\/staging2.salpa.com\/tr\/wp-json\/wp\/v2\/types\/page"}],"author":[{"embeddable":true,"href":"https:\/\/staging2.salpa.com\/tr\/wp-json\/wp\/v2\/users\/4"}],"replies":[{"embeddable":true,"href":"https:\/\/staging2.salpa.com\/tr\/wp-json\/wp\/v2\/comments?post=2274"}],"version-history":[{"count":14,"href":"https:\/\/staging2.salpa.com\/tr\/wp-json\/wp\/v2\/pages\/2274\/revisions"}],"predecessor-version":[{"id":2289,"href":"https:\/\/staging2.salpa.com\/tr\/wp-json\/wp\/v2\/pages\/2274\/revisions\/2289"}],"wp:attachment":[{"href":"https:\/\/staging2.salpa.com\/tr\/wp-json\/wp\/v2\/media?parent=2274"}],"curies":[{"name":"wp","href":"https:\/\/api.w.org\/{rel}","templated":true}]}}